{"id":10579,"date":"2021-12-16T08:43:38","date_gmt":"2021-12-16T07:43:38","guid":{"rendered":"https:\/\/www.tsd.hr\/site\/?page_id=10579"},"modified":"2024-12-09T11:20:11","modified_gmt":"2024-12-09T10:20:11","slug":"knjiznica","status":"publish","type":"page","link":"https:\/\/www.tsd.hr\/site\/knjiznica\/","title":{"rendered":"Knji\u017enica"},"content":{"rendered":"\n<p>Knji\u017eni\u010darka: Sandra Milek, dipl. inf. i dipl. knji\u017e.<\/p>\n\n\n\n<p class=\"has-text-align-center\"><strong>Radno vrijeme: 8:00 &#8211; 14:00<\/strong><br><\/p>\n\n\n\n<p>e-mail:<br><a href=\"mailto:knjiznica@tsd.hr\">knjiznica@tsd.hr<\/a><br><a href=\"mailto:sandra.milek@skole.hr\">sandra.milek@skole.hr<\/a><\/p>\n\n\n\n<p class=\"has-text-align-center\"><a rel=\"noreferrer noopener\" href=\"https:\/\/library.foi.hr\/lib\/index.php?B=177&amp;lok=T\" target=\"_blank\">Katalog knji\u017enice<\/a><br><\/p>\n\n\n\n<figure class=\"wp-block-image size-large\"><a href=\"https:\/\/library.foi.hr\/lib\/index.php?B=177&amp;lok=T\" target=\"_blank\" rel=\"noopener\"><img loading=\"lazy\" decoding=\"async\" width=\"1024\" height=\"722\" src=\"https:\/\/www.tsd.hr\/site\/wp-content\/uploads\/2021\/12\/TSD-katalog-2-1024x722.png\" alt=\"\" class=\"wp-image-10604\" srcset=\"https:\/\/www.tsd.hr\/site\/wp-content\/uploads\/2021\/12\/TSD-katalog-2-1024x722.png 1024w, https:\/\/www.tsd.hr\/site\/wp-content\/uploads\/2021\/12\/TSD-katalog-2-300x211.png 300w, https:\/\/www.tsd.hr\/site\/wp-content\/uploads\/2021\/12\/TSD-katalog-2-768x541.png 768w, https:\/\/www.tsd.hr\/site\/wp-content\/uploads\/2021\/12\/TSD-katalog-2.png 1195w\" sizes=\"auto, (max-width: 1024px) 100vw, 1024px\" \/><\/a><\/figure>\n\n\n\n<p><br><a rel=\"noreferrer noopener\" href=\"https:\/\/www.tsd.hr\/site\/wp-content\/uploads\/2024\/05\/Pravilnik-o-radu-skolske-knjiznice-Tehnicke-skole-Daruvar-2023.pdf\" data-type=\"URL\" data-id=\"https:\/\/www.tsd.hr\/site\/wp-content\/uploads\/2024\/05\/Pravilnik-o-radu-skolske-knjiznice-Tehnicke-skole-Daruvar-2023.pdf\" target=\"_blank\">Pravilnik o radu \u0161kolske knji\u017enice Tehni\u010dke \u0161kole Daruvar<\/a><\/p>\n\n\n\n<p><\/p>\n\n\n\n<p><strong>Kreativno pisanje u nastavi Hrvatskoga jezika<\/strong><br>U sklopu obilje\u017eavanja Tjedna cjelo\u017eivotnog u\u010denja, u\u010denici 1. rt razreda osmislili su vlastite bajke na temelju zadanih smjernica o pisanju bajke. Bajkovite tekstove popratili su i izradom stripa. Tijekom radionice, pokazali su svoju kreativnu stranu, ma\u0161tovitost, izra\u017eavanje, tehnike likovne umjetnosti, upotrijebili znanje o pisanju bajke i znanje o izradi stripa. Upoznali su se s pojmom kreativnog pisanja, tehnikama, na\u010dinima pozitivnog utjecaja kreativnog pisanja na prevenciju emocionalnih te\u0161ko\u0107a kod mladih, rezultatima istra\u017eivanja o op\u0107enitoj zastupljenosti kreativnog pisanja u nastavi. Svoje radove izlo\u017eili su na panou u \u0161kolskom holu, a radionica je odr\u017eana u \u0161kolskoj knji\u017enici Tehni\u010dke \u0161kole Daruvar.<br>Katja Husak i Sandra Milek<br><a rel=\"noreferrer noopener\" href=\"https:\/\/www.flickr.com\/photos\/tehnickaskoladaruvar\/albums\/72177720322449447\" target=\"_blank\">Fotografije\u2026<\/a><\/p>\n\n\n\n<figure class=\"wp-block-image size-large\"><a href=\"https:\/\/www.tsd.hr\/site\/wp-content\/uploads\/2024\/10\/FB_MHK-820x312px.jpg\"><img loading=\"lazy\" decoding=\"async\" width=\"1024\" height=\"390\" src=\"https:\/\/www.tsd.hr\/site\/wp-content\/uploads\/2024\/10\/FB_MHK-820x312px-1024x390.jpg\" alt=\"\" class=\"wp-image-13137\" srcset=\"https:\/\/www.tsd.hr\/site\/wp-content\/uploads\/2024\/10\/FB_MHK-820x312px-1024x390.jpg 1024w, https:\/\/www.tsd.hr\/site\/wp-content\/uploads\/2024\/10\/FB_MHK-820x312px-300x114.jpg 300w, https:\/\/www.tsd.hr\/site\/wp-content\/uploads\/2024\/10\/FB_MHK-820x312px-768x292.jpg 768w, https:\/\/www.tsd.hr\/site\/wp-content\/uploads\/2024\/10\/FB_MHK-820x312px.jpg 1500w\" sizes=\"auto, (max-width: 1024px) 100vw, 1024px\" \/><\/a><\/figure>\n\n\n\n<p><\/p>\n\n\n\n<p>15.10.2022. &#8211; <strong>Mjesec hrvatske knjige<\/strong><br>Ovogodi\u0161nji Mjesec hrvatske knjige posve\u0107en je mladima jer je upravo 2022. godina progla\u0161ena Europskom godinom mladih.<br>Tema glasi Generacija K, \u010dime se aludira na postoje\u0107e podjele generacija (generacija Y, generacija Z\u2026), a stavlja naglasak na dva klju\u010dna pojma \u2013 knjigu i knji\u017enicu.<br>Izabran je moto Misli na sebe \u2013 \u010ditaj!<br><\/p>\n\n\n\n<figure class=\"wp-block-image size-large\"><a href=\"https:\/\/www.tsd.hr\/site\/wp-content\/uploads\/2022\/12\/mhk-2022.jpg\"><img loading=\"lazy\" decoding=\"async\" width=\"1024\" height=\"706\" src=\"https:\/\/www.tsd.hr\/site\/wp-content\/uploads\/2022\/12\/mhk-2022-1024x706.jpg\" alt=\"\" class=\"wp-image-11539\" srcset=\"https:\/\/www.tsd.hr\/site\/wp-content\/uploads\/2022\/12\/mhk-2022-1024x706.jpg 1024w, https:\/\/www.tsd.hr\/site\/wp-content\/uploads\/2022\/12\/mhk-2022-300x207.jpg 300w, https:\/\/www.tsd.hr\/site\/wp-content\/uploads\/2022\/12\/mhk-2022-768x529.jpg 768w, https:\/\/www.tsd.hr\/site\/wp-content\/uploads\/2022\/12\/mhk-2022.jpg 1148w\" sizes=\"auto, (max-width: 1024px) 100vw, 1024px\" \/><\/a><\/figure>\n\n\n\n<p><br>8.9.2022. &#8211; <strong>Me\u0111unarodni dan pismenosti<\/strong><br>8. rujna obilje\u017eava se Me\u0111unarodni dan pismenosti. Utemeljio ga je UNESCO jo\u0161 1967. godine s ciljem promoviranja va\u017enosti pismenosti. Dan pismenosti u Tehni\u010dkoj \u0161koli Daruvar prigodnim radovima obilje\u017eili su u\u010denici 3.pt i 3.mt razreda.<br><a rel=\"noreferrer noopener\" href=\"https:\/\/www.facebook.com\/media\/set?vanity=tsdaruvar&amp;set=a.597093422014090\" target=\"_blank\">Fotografije\u2026<\/a><\/p>\n\n\n\n<p><strong>Mjesec hrvatske knjige<\/strong><br>Uo\u010di mjeseca hrvatske knjige uredili smo pano. Tema ovogodi\u0161njeg mjeseca knjige je Hrvatski autori u Godini \u010ditanja, a moto Ajmo hrvati se s knjigom!<\/p>\n\n\n\n<figure class=\"wp-block-image size-large is-resized\"><a href=\"https:\/\/www.tsd.hr\/site\/wp-content\/uploads\/2021\/12\/mhk-1.jpg\"><img loading=\"lazy\" decoding=\"async\" src=\"https:\/\/www.tsd.hr\/site\/wp-content\/uploads\/2021\/12\/mhk-1-1024x724.jpg\" alt=\"\" class=\"wp-image-10569\" width=\"512\" height=\"362\" srcset=\"https:\/\/www.tsd.hr\/site\/wp-content\/uploads\/2021\/12\/mhk-1-1024x724.jpg 1024w, https:\/\/www.tsd.hr\/site\/wp-content\/uploads\/2021\/12\/mhk-1-300x212.jpg 300w, https:\/\/www.tsd.hr\/site\/wp-content\/uploads\/2021\/12\/mhk-1-768x543.jpg 768w, https:\/\/www.tsd.hr\/site\/wp-content\/uploads\/2021\/12\/mhk-1-1536x1086.jpg 1536w, https:\/\/www.tsd.hr\/site\/wp-content\/uploads\/2021\/12\/mhk-1.jpg 2000w\" sizes=\"auto, (max-width: 512px) 100vw, 512px\" \/><\/a><\/figure>\n\n\n\n<figure class=\"wp-block-image size-large\"><a href=\"https:\/\/www.tsd.hr\/site\/wp-content\/uploads\/2021\/12\/Slika2-2.png\"><img loading=\"lazy\" decoding=\"async\" width=\"253\" height=\"493\" src=\"https:\/\/www.tsd.hr\/site\/wp-content\/uploads\/2021\/12\/Slika2-2.png\" alt=\"\" class=\"wp-image-10571\" srcset=\"https:\/\/www.tsd.hr\/site\/wp-content\/uploads\/2021\/12\/Slika2-2.png 253w, https:\/\/www.tsd.hr\/site\/wp-content\/uploads\/2021\/12\/Slika2-2-154x300.png 154w\" sizes=\"auto, (max-width: 253px) 100vw, 253px\" \/><\/a><\/figure>\n\n\n\n<figure class=\"wp-block-image size-large\"><a href=\"https:\/\/www.tsd.hr\/site\/wp-content\/uploads\/2021\/12\/Slika1-2.png\"><img loading=\"lazy\" decoding=\"async\" width=\"552\" height=\"423\" src=\"https:\/\/www.tsd.hr\/site\/wp-content\/uploads\/2021\/12\/Slika1-2.png\" alt=\"\" class=\"wp-image-10572\" srcset=\"https:\/\/www.tsd.hr\/site\/wp-content\/uploads\/2021\/12\/Slika1-2.png 552w, https:\/\/www.tsd.hr\/site\/wp-content\/uploads\/2021\/12\/Slika1-2-300x230.png 300w\" sizes=\"auto, (max-width: 552px) 100vw, 552px\" \/><\/a><\/figure>\n\n\n\n<p><br><strong>Maraton \u010ditanja pod nazivom&nbsp;<em>Minuta za \u010ditanje<\/em><\/strong><br>Mjesec hrvatske knjige u Tehni\u010dkoj \u0161koli Daruvar prigodno su obilje\u017eile u\u010denice iz 2.pt razreda \u010ditanjem knjiga odabranih hrvatskih autora.<br><br><a rel=\"noreferrer noopener\" href=\"https:\/\/fb.watch\/8PrBNiivRP\/\" target=\"_blank\">Video \u2013 Minuta \u010ditanja<\/a><\/p>\n\n\n\n<p>Moto Mjeseca hrvatske knjige glasi&nbsp;<em>Ajmo hrvati se s knjigom!<\/em>, a tema su&nbsp;<em>Hrvatski autori u Godini \u010ditanja<\/em>&nbsp;te je tom prilikom Hrvatsko \u010ditateljsko dru\u0161tvo pokrenulo maraton \u010ditanja pod nazivom&nbsp;<em>Minuta za \u010ditanje<\/em>. Maraton se odvija u knji\u017enicama diljem Hrvatske, a njemu su se priklju\u010dile Lorena Bo\u017ei\u0107 i Leonarda Posavec \u010ditaju\u0107i ulomke iz djela&nbsp;<em>Za\u0161to sam vam lagala<\/em>&nbsp;Julijane Matanovi\u0107 te iz djela&nbsp;<em>Hotel Zagorje<\/em>&nbsp;Ivane Simi\u0107 Bodro\u017ei\u0107. U\u010denice su svojom minutom \u010ditanja jo\u0161 jednom dale do znanja da treba \u010ditati, poticati \u010ditanje, u\u017eivati u \u010ditanju. Stoga, \u010cITAJTE!<br>Katja Husak, prof. i Sandra Milek, dipl. knji\u017e.<\/p>\n\n\n\n<figure class=\"wp-block-image is-resized\"><img loading=\"lazy\" decoding=\"async\" src=\"https:\/\/www.tsd.hr\/site\/wp-content\/uploads\/2021\/10\/photo6015013870718007158-1024x768.jpg\" alt=\"\" width=\"512\" height=\"384\"\/><\/figure>\n\n\n\n<p><strong>Dan rje\u010dnika<\/strong><\/p>\n\n\n\n<figure class=\"wp-block-image is-resized\"><img loading=\"lazy\" decoding=\"async\" src=\"https:\/\/scontent-vie1-1.xx.fbcdn.net\/v\/t39.30808-6\/245915403_4784186881605670_7899873556144893780_n.jpg?_nc_cat=103&amp;ccb=1-5&amp;_nc_sid=0debeb&amp;_nc_eui2=AeFWjLR7AhyVS8qXFAbNKd43gvRlDDn7FvOC9GUMOfsW8yVym_vQR36s8u8QpbVRe0w&amp;_nc_ohc=Pxr6ALPR-VAAX8D8i6R&amp;tn=oSHYqhe7ehUg3ypJ&amp;_nc_ht=scontent-vie1-1.xx&amp;oh=00_AT-4i3HLyZc6HePG1d6I38yWnyXuvI2cjNRTuJtCGw_7pg&amp;oe=61C01CB4\" alt=\"Mo\u017ee biti slika sljede\u0107eg: u zatvorenom\" width=\"512\" height=\"384\"\/><\/figure>\n\n\n\n<p>Dan rje\u010dnika obilje\u017eava se svake godine 16. listopada, u spomen na \u017eivot i djelo ameri\u010dkog leksikografa, pravopisnog reformatora i politi\u010dara, Noaha Webstera. To je prilika da se ujedno prisjetimo i prvog rje\u010dnika hrvatskog jezika naziva&nbsp;<em>Rje\u010dnik pet najuglednijih europskih jezika: latinskoga, talijanskoga, njema\u010dkoga, dalmatinskoga i ma\u0111arskoga (Dictionarium quinque nobilissimarum Europae linguarum \u2014 Latinae, Italicae, Germanicae, Dalmatiae et Ungaricae)<\/em>. Objavljen je u Veneciji 1595. godine, a sastavio ga je Faust Vran\u010di\u0107. Zanimljivosti o rje\u010dnicima pribli\u017eili su nam u\u010denici 2.mt razreda izradiv\u0161i pano, a neke su primjere izlo\u017eili i u holu.<br><a rel=\"noreferrer noopener\" href=\"https:\/\/www.facebook.com\/media\/set?vanity=tsdaruvar&amp;set=a.4784188814938810\" target=\"_blank\">Fotografije\u2026<\/a><\/p>\n\n\n\n<p><strong>\u010citajmo da ne ostanemo bez rije\u010di!<\/strong><\/p>\n\n\n\n<figure class=\"wp-block-image is-resized\"><img loading=\"lazy\" decoding=\"async\" src=\"https:\/\/scontent-vie1-1.xx.fbcdn.net\/v\/t39.30808-6\/244553401_4740333969324295_15063856062893143_n.jpg?_nc_cat=109&amp;ccb=1-5&amp;_nc_sid=0debeb&amp;_nc_eui2=AeHDWkK7LrCYxc932HH9gv5s1Hny60MaenvUefLrQxp6e5bq1KYjaFOvH2MU17XK1Ug&amp;_nc_ohc=Fj6lxEKKufcAX-5zcIi&amp;tn=oSHYqhe7ehUg3ypJ&amp;_nc_ht=scontent-vie1-1.xx&amp;oh=00_AT9wUUTSZEkIo97_vqt43UkiwSOJsCx6-roLM2j-fiqhFg&amp;oe=61C08E80\" alt=\"Mo\u017ee biti slika sljede\u0107eg: jedna ili vi\u0161e osoba, ljudi sjede, ljudi stoje i u zatvorenom\" width=\"400\" height=\"300\"\/><\/figure>\n\n\n\n<p>U sklopu obilje\u017eavanja Tjedna cjelo\u017eivotnog u\u010denja, te Godine \u010ditanja u srijedu 29.9.2021. u \u0161kolskoj knji\u017enici odr\u017eana je radionica \u010citajmo da ne ostanemo bez rije\u010di!. Radionicu su vodile nastavnica Katja Husak i knji\u017eni\u010darka Sandra Milek. Sudjelovali su u\u010denici 3.p (voza\u010d motornog vozila), 2.mt (tehni\u010dar za mehatroniku) i 2.pt (tehni\u010dar cestovnog prometa).<br>U\u010denici su u knji\u017enici \u010ditali ulomke djela razli\u010dite tematike kako bi promovirali \u010ditateljsku kulturu, snagu rije\u010di kroz \u010ditanje, omogu\u0107ili jedni drugima \u010ditanje sa zadovoljstvom i razumijevanjem.<br><a rel=\"noreferrer noopener\" href=\"https:\/\/www.facebook.com\/media\/set?vanity=tsdaruvar&amp;set=a.4740340555990303\" target=\"_blank\">Fotografije\u2026<\/a><\/p>\n\n\n\n<p><strong>Svjetski dan pripovijedanja<\/strong><\/p>\n\n\n\n<figure class=\"wp-block-image is-resized\"><img loading=\"lazy\" decoding=\"async\" src=\"https:\/\/scontent-vie1-1.xx.fbcdn.net\/v\/t1.6435-9\/163349123_4147493878608310_3219295173771507925_n.jpg?_nc_cat=100&amp;ccb=1-5&amp;_nc_sid=0debeb&amp;_nc_eui2=AeGdtCKgtdoFWf3rkr0q3T378gqY1PCpctryCpjU8Kly2sn4vneAoQTHzzmfeOs8ybg&amp;_nc_ohc=W24B5559IEEAX83IXp-&amp;_nc_ht=scontent-vie1-1.xx&amp;oh=00_AT9DJFH7o1tcQqqXvLKa5vVIMujWF8kp0g6-ZJBonIt3mg&amp;oe=61E162F8\" alt=\"Mo\u017ee biti slika sljede\u0107eg: jedna ili vi\u0161e osoba, ljudi stoje i u zatvorenom\" width=\"390\" height=\"293\"\/><\/figure>\n\n\n\n<p>U\u010denici 1.pt razreda na satu Hrvatskoga jezika obilje\u017eili su Svjetski dan pripovijedanja (20.3.), a ujedno i 2021. godinu kao Godinu \u010ditanja. Donijeli su tekstove i knjige prema vlastitom izboru, literaturu koju vole \u010ditati te su \u010ditali odabrane ulomke, a ujedno i pripovijedali pri\u010de vezane uz njihov kraj, obi\u010daje. Matija Jando\u0161 izradio je prigodan grafit, a na kraju sata do\u0161li smo do zaklju\u010dka da najvi\u0161e vole \u010ditati djela i gledati filmove s elementima fantastike.<br><a rel=\"noreferrer noopener\" href=\"https:\/\/www.facebook.com\/media\/set\/?vanity=tsdaruvar&amp;set=a.4147495368608161\" target=\"_blank\">Fotografije\u2026<\/a><\/p>\n","protected":false},"excerpt":{"rendered":"<p>Knji\u017eni\u010darka: Sandra Milek, dipl. inf. i dipl. knji\u017e. Radno vrijeme: 8:00 &#8211; 14:00 e-mail:knjiznica@tsd.hrsandra.milek@skole.hr Katalog knji\u017enice Pravilnik o radu \u0161kolske knji\u017enice Tehni\u010dke \u0161kole Daruvar Kreativno pisanje u nastavi Hrvatskoga jezikaU sklopu obilje\u017eavanja Tjedna cjelo\u017eivotnog u\u010denja, u\u010denici 1. rt razreda osmislili su vlastite bajke na temelju zadanih smjernica o pisanju bajke. Bajkovite tekstove popratili su i [&hellip;]<\/p>\n","protected":false},"author":3,"featured_media":0,"parent":0,"menu_order":0,"comment_status":"closed","ping_status":"closed","template":"","meta":{"footnotes":""},"class_list":["post-10579","page","type-page","status-publish","hentry"],"_links":{"self":[{"href":"https:\/\/www.tsd.hr\/site\/wp-json\/wp\/v2\/pages\/10579","targetHints":{"allow":["GET"]}}],"collection":[{"href":"https:\/\/www.tsd.hr\/site\/wp-json\/wp\/v2\/pages"}],"about":[{"href":"https:\/\/www.tsd.hr\/site\/wp-json\/wp\/v2\/types\/page"}],"author":[{"embeddable":true,"href":"https:\/\/www.tsd.hr\/site\/wp-json\/wp\/v2\/users\/3"}],"replies":[{"embeddable":true,"href":"https:\/\/www.tsd.hr\/site\/wp-json\/wp\/v2\/comments?post=10579"}],"version-history":[{"count":24,"href":"https:\/\/www.tsd.hr\/site\/wp-json\/wp\/v2\/pages\/10579\/revisions"}],"predecessor-version":[{"id":13263,"href":"https:\/\/www.tsd.hr\/site\/wp-json\/wp\/v2\/pages\/10579\/revisions\/13263"}],"wp:attachment":[{"href":"https:\/\/www.tsd.hr\/site\/wp-json\/wp\/v2\/media?parent=10579"}],"curies":[{"name":"wp","href":"https:\/\/api.w.org\/{rel}","templated":true}]}}