{"id":10761,"date":"2022-02-14T06:18:21","date_gmt":"2022-02-14T05:18:21","guid":{"rendered":"https:\/\/www.tsd.hr\/site\/?page_id=10761"},"modified":"2026-02-06T13:20:06","modified_gmt":"2026-02-06T12:20:06","slug":"pristup-informacijama-i-zastita-podataka","status":"publish","type":"page","link":"https:\/\/www.tsd.hr\/site\/pristup-informacijama-i-zastita-podataka\/","title":{"rendered":"Pristup informacijama i za\u0161tita podataka"},"content":{"rendered":"\n<p>Odluka o imenovanju slu\u017ebenika za informiranje:<\/p>\n\n\n\n<p><a href=\"https:\/\/www.tsd.hr\/site\/wp-content\/uploads\/2025\/11\/sluzbenik-za-informiranje.pdf\" target=\"_blank\" rel=\"noreferrer noopener\">https:\/\/www.tsd.hr\/site\/wp-content\/uploads\/2025\/11\/sluzbenik-za-informiranje.pdf<\/a><\/p>\n\n\n\n<p>Odluka o imenovanju slu\u017ebenika za za\u0161titu podataka:<\/p>\n\n\n\n<p><a href=\"https:\/\/www.tsd.hr\/site\/wp-content\/uploads\/2025\/11\/sluzbenik-za-zastitu-osobnih-podataka.pdf\" target=\"_blank\" rel=\"noreferrer noopener\">https:\/\/www.tsd.hr\/site\/wp-content\/uploads\/2025\/11\/sluzbenik-za-zastitu-osobnih-podataka.pdf<\/a><\/p>\n\n\n\n<p>Politika privatnosti:<\/p>\n\n\n\n<p><a href=\"https:\/\/www.tsd.hr\/site\/wp-content\/uploads\/2025\/11\/Politika-privatnosti.pdf\" target=\"_blank\" rel=\"noreferrer noopener\">https:\/\/www.tsd.hr\/site\/wp-content\/uploads\/2025\/11\/Politika-privatnosti.pdf<\/a><\/p>\n\n\n\n<p>Zahtjev za pristup informacijama:<\/p>\n\n\n\n<p><a href=\"https:\/\/www.tsd.hr\/site\/wp-content\/uploads\/2022\/02\/ZAHTJEV-ZA-PRISTUP-INFORMACIJAMA.docx\" target=\"_blank\" rel=\"noreferrer noopener\">https:\/\/www.tsd.hr\/site\/wp-content\/uploads\/2022\/02\/ZAHTJEV-ZA-PRISTUP-INFORMACIJAMA.docx<\/a><\/p>\n\n\n\n<p>Zahtjev za ostvarivanje prava ispitanika:<\/p>\n\n\n\n<p><a href=\"https:\/\/www.tsd.hr\/site\/wp-content\/uploads\/2022\/02\/ZAHTJEV-ZA-OSTVARIVANJE-PRAVA-ISPITANIKA.docx\" target=\"_blank\" rel=\"noreferrer noopener\">https:\/\/www.tsd.hr\/site\/wp-content\/uploads\/2022\/02\/ZAHTJEV-ZA-OSTVARIVANJE-PRAVA-ISPITANIKA.docx<\/a><br><br><\/p>\n\n\n\n<p><a href=\"https:\/\/www.tsd.hr\/site\/wp-content\/uploads\/2026\/02\/Godisnje_izvjesce.pdf\" data-type=\"link\" data-id=\"https:\/\/www.tsd.hr\/site\/wp-content\/uploads\/2026\/02\/Godisnje_izvjesce.pdf\" target=\"_blank\" rel=\"noreferrer noopener\">Izvje\u0161\u0107e o provedbi Zakona o pravu na pristup informacijama za 2025. godinu<\/a><br><a href=\"https:\/\/www.tsd.hr\/site\/wp-content\/uploads\/2026\/02\/Godisnje_izvjesce.csv\" data-type=\"link\" data-id=\"https:\/\/www.tsd.hr\/site\/wp-content\/uploads\/2026\/02\/Godisnje_izvjesce.csv\" target=\"_blank\" rel=\"noreferrer noopener\">Godi\u0161nje izvje\u0161\u0107e<\/a><br><br><a href=\"https:\/\/www.tsd.hr\/site\/wp-content\/uploads\/2025\/02\/Godisnje_izvjesce.pdf\" target=\"_blank\" rel=\"noreferrer noopener\">Izvje\u0161\u0107e o provedbi Zakona o pravu na pristup informacijama za 2024. godinu<\/a><br><\/p>\n","protected":false},"excerpt":{"rendered":"<p>Odluka o imenovanju slu\u017ebenika za informiranje: https:\/\/www.tsd.hr\/site\/wp-content\/uploads\/2025\/11\/sluzbenik-za-informiranje.pdf Odluka o imenovanju slu\u017ebenika za za\u0161titu podataka: https:\/\/www.tsd.hr\/site\/wp-content\/uploads\/2025\/11\/sluzbenik-za-zastitu-osobnih-podataka.pdf Politika privatnosti: https:\/\/www.tsd.hr\/site\/wp-content\/uploads\/2025\/11\/Politika-privatnosti.pdf Zahtjev za pristup informacijama: https:\/\/www.tsd.hr\/site\/wp-content\/uploads\/2022\/02\/ZAHTJEV-ZA-PRISTUP-INFORMACIJAMA.docx Zahtjev za ostvarivanje prava ispitanika: https:\/\/www.tsd.hr\/site\/wp-content\/uploads\/2022\/02\/ZAHTJEV-ZA-OSTVARIVANJE-PRAVA-ISPITANIKA.docx Izvje\u0161\u0107e o provedbi Zakona o pravu na pristup informacijama za 2025. godinuGodi\u0161nje izvje\u0161\u0107e Izvje\u0161\u0107e o provedbi Zakona o pravu na pristup informacijama za 2024. godinu<\/p>\n","protected":false},"author":1,"featured_media":0,"parent":0,"menu_order":0,"comment_status":"closed","ping_status":"closed","template":"","meta":{"footnotes":""},"class_list":["post-10761","page","type-page","status-publish","hentry"],"_links":{"self":[{"href":"https:\/\/www.tsd.hr\/site\/wp-json\/wp\/v2\/pages\/10761","targetHints":{"allow":["GET"]}}],"collection":[{"href":"https:\/\/www.tsd.hr\/site\/wp-json\/wp\/v2\/pages"}],"about":[{"href":"https:\/\/www.tsd.hr\/site\/wp-json\/wp\/v2\/types\/page"}],"author":[{"embeddable":true,"href":"https:\/\/www.tsd.hr\/site\/wp-json\/wp\/v2\/users\/1"}],"replies":[{"embeddable":true,"href":"https:\/\/www.tsd.hr\/site\/wp-json\/wp\/v2\/comments?post=10761"}],"version-history":[{"count":9,"href":"https:\/\/www.tsd.hr\/site\/wp-json\/wp\/v2\/pages\/10761\/revisions"}],"predecessor-version":[{"id":14468,"href":"https:\/\/www.tsd.hr\/site\/wp-json\/wp\/v2\/pages\/10761\/revisions\/14468"}],"wp:attachment":[{"href":"https:\/\/www.tsd.hr\/site\/wp-json\/wp\/v2\/media?parent=10761"}],"curies":[{"name":"wp","href":"https:\/\/api.w.org\/{rel}","templated":true}]}}