{"id":12592,"date":"2024-02-28T17:00:46","date_gmt":"2024-02-28T16:00:46","guid":{"rendered":"https:\/\/www.tsd.hr\/site\/?page_id=12592"},"modified":"2024-03-18T09:58:24","modified_gmt":"2024-03-18T08:58:24","slug":"transparentnost","status":"publish","type":"page","link":"https:\/\/www.tsd.hr\/site\/transparentnost\/","title":{"rendered":"Transparentnost"},"content":{"rendered":"\n<p><a rel=\"noreferrer noopener\" href=\"https:\/\/bbz.transparentnost.hr\/Pretraga\/Pretraga_KUMUL\/7210\" data-type=\"URL\" data-id=\"https:\/\/bbz.transparentnost.hr\/Pretraga\/Pretraga_KUMUL\/7210\" target=\"_blank\">Tehni\u010dka \u0161kola Daruvar &#8211;<\/a><a href=\"https:\/\/bbz.transparentnost.hr\/Pretraga\/Pretraga_KUMUL\/7210\" data-type=\"URL\" data-id=\"https:\/\/bbz.transparentnost.hr\/Pretraga\/Pretraga_KUMUL\/7210\" target=\"_blank\" rel=\"noreferrer noopener\"> <\/a><a rel=\"noreferrer noopener\" href=\"https:\/\/bbz.transparentnost.hr\/Pretraga\/Pretraga_KUMUL\/7210\" data-type=\"URL\" data-id=\"https:\/\/bbz.transparentnost.hr\/Pretraga\/Pretraga_KUMUL\/7210\" target=\"_blank\">Isplate iz prora\u010duna<\/a><br><br><a rel=\"noreferrer noopener\" href=\"https:\/\/www.tsd.hr\/site\/wp-content\/uploads\/2024\/02\/TRANSPARENTNO-01-2024.pdf\" target=\"_blank\">Transparentnost \u2013 Informacije o tro\u0161enju sredstava za sije\u010danj 2024. godine<\/a><\/p>\n","protected":false},"excerpt":{"rendered":"<p>Tehni\u010dka \u0161kola Daruvar &#8211; Isplate iz prora\u010duna Transparentnost \u2013 Informacije o tro\u0161enju sredstava za sije\u010danj 2024. godine<\/p>\n","protected":false},"author":3,"featured_media":0,"parent":0,"menu_order":0,"comment_status":"closed","ping_status":"closed","template":"","meta":{"footnotes":""},"class_list":["post-12592","page","type-page","status-publish","hentry"],"_links":{"self":[{"href":"https:\/\/www.tsd.hr\/site\/wp-json\/wp\/v2\/pages\/12592","targetHints":{"allow":["GET"]}}],"collection":[{"href":"https:\/\/www.tsd.hr\/site\/wp-json\/wp\/v2\/pages"}],"about":[{"href":"https:\/\/www.tsd.hr\/site\/wp-json\/wp\/v2\/types\/page"}],"author":[{"embeddable":true,"href":"https:\/\/www.tsd.hr\/site\/wp-json\/wp\/v2\/users\/3"}],"replies":[{"embeddable":true,"href":"https:\/\/www.tsd.hr\/site\/wp-json\/wp\/v2\/comments?post=12592"}],"version-history":[{"count":3,"href":"https:\/\/www.tsd.hr\/site\/wp-json\/wp\/v2\/pages\/12592\/revisions"}],"predecessor-version":[{"id":12650,"href":"https:\/\/www.tsd.hr\/site\/wp-json\/wp\/v2\/pages\/12592\/revisions\/12650"}],"wp:attachment":[{"href":"https:\/\/www.tsd.hr\/site\/wp-json\/wp\/v2\/media?parent=12592"}],"curies":[{"name":"wp","href":"https:\/\/api.w.org\/{rel}","templated":true}]}}