{"id":12827,"date":"2024-06-03T12:55:58","date_gmt":"2024-06-03T10:55:58","guid":{"rendered":"https:\/\/www.tsd.hr\/site\/?page_id=12827"},"modified":"2024-06-04T11:23:45","modified_gmt":"2024-06-04T09:23:45","slug":"obrazovanje-putem-vaucera","status":"publish","type":"page","link":"https:\/\/www.tsd.hr\/site\/obrazovanje-putem-vaucera\/","title":{"rendered":"Vau\u010deri za obrazovanje"},"content":{"rendered":"\n<h2 class=\"wp-block-heading\">Vau\u010deri<\/h2>\n\n\n\n<p>Sufinanciranje programa obrazovanja za stjecanje zelenih, digitalnih i ostalih vje\u0161tina tra\u017eenih na tr\u017ei\u0161tu rada i u\u010denje hrvatskog kao stranog jezika.<br><a rel=\"noreferrer noopener\" href=\"https:\/\/vauceri.hzz.hr\/\" data-type=\"URL\" data-id=\"https:\/\/vauceri.hzz.hr\/\" target=\"_blank\">https:\/\/vauceri.hzz.hr\/<\/a><\/p>\n\n\n\n<p><strong>Rukovanje vili\u010darom u skladi\u0161nom prostoru<\/strong><br><a href=\"https:\/\/vauceri.hzz.hr\/katalog-vjestina\/programi\/rukovanje-vilicarom-u-skladisnom-prostoru-59\/\">https:\/\/vauceri.hzz.hr\/katalog-vjestina\/programi\/rukovanje-vilicarom-u-skladisnom-prostoru-59\/<\/a><\/p>\n\n\n\n<p><a rel=\"noreferrer noopener\" href=\"https:\/\/www.tsd.hr\/site\/wp-content\/uploads\/2024\/06\/TSD-vaucer-vilicar.pdf\" data-type=\"URL\" data-id=\"https:\/\/www.tsd.hr\/site\/wp-content\/uploads\/2024\/06\/TSD-vaucer-vilicar.pdf\" target=\"_blank\">Rukovanje vili\u010darom u skladi\u0161nom prostoru<\/a><br>Upisi u tijeku.<\/p>\n\n\n\n<p><\/p>\n","protected":false},"excerpt":{"rendered":"<p>Vau\u010deri Sufinanciranje programa obrazovanja za stjecanje zelenih, digitalnih i ostalih vje\u0161tina tra\u017eenih na tr\u017ei\u0161tu rada i u\u010denje hrvatskog kao stranog jezika.https:\/\/vauceri.hzz.hr\/ Rukovanje vili\u010darom u skladi\u0161nom prostoruhttps:\/\/vauceri.hzz.hr\/katalog-vjestina\/programi\/rukovanje-vilicarom-u-skladisnom-prostoru-59\/ Rukovanje vili\u010darom u skladi\u0161nom prostoruUpisi u tijeku.<\/p>\n","protected":false},"author":3,"featured_media":0,"parent":0,"menu_order":0,"comment_status":"closed","ping_status":"closed","template":"","meta":{"footnotes":""},"class_list":["post-12827","page","type-page","status-publish","hentry"],"_links":{"self":[{"href":"https:\/\/www.tsd.hr\/site\/wp-json\/wp\/v2\/pages\/12827","targetHints":{"allow":["GET"]}}],"collection":[{"href":"https:\/\/www.tsd.hr\/site\/wp-json\/wp\/v2\/pages"}],"about":[{"href":"https:\/\/www.tsd.hr\/site\/wp-json\/wp\/v2\/types\/page"}],"author":[{"embeddable":true,"href":"https:\/\/www.tsd.hr\/site\/wp-json\/wp\/v2\/users\/3"}],"replies":[{"embeddable":true,"href":"https:\/\/www.tsd.hr\/site\/wp-json\/wp\/v2\/comments?post=12827"}],"version-history":[{"count":6,"href":"https:\/\/www.tsd.hr\/site\/wp-json\/wp\/v2\/pages\/12827\/revisions"}],"predecessor-version":[{"id":12851,"href":"https:\/\/www.tsd.hr\/site\/wp-json\/wp\/v2\/pages\/12827\/revisions\/12851"}],"wp:attachment":[{"href":"https:\/\/www.tsd.hr\/site\/wp-json\/wp\/v2\/media?parent=12827"}],"curies":[{"name":"wp","href":"https:\/\/api.w.org\/{rel}","templated":true}]}}