{"id":1320,"date":"2015-05-17T14:45:12","date_gmt":"2015-05-17T12:45:12","guid":{"rendered":"http:\/\/www.tsd.hr\/site\/?page_id=1320"},"modified":"2025-03-07T09:44:47","modified_gmt":"2025-03-07T08:44:47","slug":"autoskola","status":"publish","type":"page","link":"https:\/\/www.tsd.hr\/site\/autoskola\/","title":{"rendered":"Auto\u0161kola"},"content":{"rendered":"<h1 style=\"text-align: center;\">Auto\u0161kola Tehni\u010dke \u0161kole Daruvar<\/h1>\n<h3 style=\"text-align: center;\"><strong><a href=\"http:\/\/www.tsd.hr\/site\/autoskola\/cjenik\">Cjenik auto\u0161kole 2025.<\/a> \u00a0 \u00a0 \u00a0 \u00a0<a href=\"https:\/\/www.flickr.com\/photos\/tehnickadaruvar\/albums\/72157664005482761\" target=\"_blank\" rel=\"noopener\">Fotografije&#8230;<\/a><\/strong><\/h3>\n<p><strong>DJELATNICI:<\/strong><\/p>\n<p><span style=\"font-size: 14.0pt; font-family: 'Arial',sans-serif;\">Stru\u010dni voditelj: Dra\u017een P\u0159enosil, dipl. ing., mob. 091 986 5687<br \/>\nPredava\u010d: Dra\u017een P\u0159enosil, dipl. ing., mob. 091 986 5687<\/span><\/p>\n<p><span style=\"font-size: 14.0pt; font-family: 'Arial',sans-serif;\">Administrator: Snje\u017eana Ba\u017eant, tel\/fax: 043\/ 440-141, 099 328 6176<br \/>\nradno vrijeme prijemnog ureda: radnim danom 7:30 &#8211; 15:30 sati<\/span><\/p>\n<hr \/>\n<p><img decoding=\"async\" src=\"https:\/\/www.tsd.hr\/site\/wp-content\/uploads\/2022\/12\/DSC_0066-scaled.jpg\" \/><\/p>\n<p><strong>INSTRUKTORI:<\/strong><\/p>\n<p>Dalibor \u0160ourek, instruktor vo\u017enje A1, B, C \u00a0i CE kategorije, mob: 098 324 204<\/p>\n<p style=\"text-align: center;\"><a href=\"http:\/\/www.tsd.hr\/site\/wp-content\/uploads\/2015\/05\/P1256365_1.jpg\" rel=\"attachment wp-att-4388\"><img loading=\"lazy\" decoding=\"async\" class=\" wp-image-4388\" src=\"http:\/\/www.tsd.hr\/site\/wp-content\/uploads\/2015\/05\/P1256365_1-300x174.jpg\" alt=\"OLYMPUS DIGITAL CAMERA\" width=\"613\" height=\"356\" srcset=\"https:\/\/www.tsd.hr\/site\/wp-content\/uploads\/2015\/05\/P1256365_1-300x174.jpg 300w, https:\/\/www.tsd.hr\/site\/wp-content\/uploads\/2015\/05\/P1256365_1-768x445.jpg 768w, https:\/\/www.tsd.hr\/site\/wp-content\/uploads\/2015\/05\/P1256365_1-1024x593.jpg 1024w\" sizes=\"auto, (max-width: 613px) 100vw, 613px\" \/><\/a><\/p>\n<p><a href=\"http:\/\/www.tsd.hr\/site\/wp-content\/uploads\/2012\/03\/Motor-web.jpg\"><img loading=\"lazy\" decoding=\"async\" class=\"aligncenter\" title=\"OLYMPUS DIGITAL CAMERA\" src=\"http:\/\/www.tsd.hr\/site\/wp-content\/uploads\/2012\/03\/Motor-web.jpg\" alt=\"\" width=\"600\" height=\"309\" \/><\/a><\/p>\n<hr \/>\n<hr \/>\n<p>Dra\u017een P\u0159enosil, instruktor vo\u017enje B, C, CE kategorije, mob: 091 9865 687<\/p>\n<p><a href=\"http:\/\/www.tsd.hr\/site\/wp-content\/uploads\/2015\/05\/P1256362_1.jpg\" rel=\"attachment wp-att-4393\"><img loading=\"lazy\" decoding=\"async\" class=\"aligncenter\" src=\"https:\/\/www.tsd.hr\/site\/wp-content\/uploads\/2022\/12\/DSC_8573-scaled.jpg\" width=\"614\" height=\"409\" \/><\/a><\/p>\n<hr \/>\n<p style=\"text-align: left;\">\n","protected":false},"excerpt":{"rendered":"<p>Auto\u0161kola Tehni\u010dke \u0161kole Daruvar Cjenik auto\u0161kole 2025. \u00a0 \u00a0 \u00a0 \u00a0Fotografije&#8230; DJELATNICI: Stru\u010dni voditelj: Dra\u017een P\u0159enosil, dipl. ing., mob. 091 986 5687 Predava\u010d: Dra\u017een P\u0159enosil, dipl. ing., mob. 091 986 5687 Administrator: Snje\u017eana Ba\u017eant, tel\/fax: 043\/ 440-141, 099 328 6176 radno vrijeme prijemnog ureda: radnim danom 7:30 &#8211; 15:30 sati INSTRUKTORI: Dalibor \u0160ourek, instruktor vo\u017enje [&hellip;]<\/p>\n","protected":false},"author":1,"featured_media":0,"parent":0,"menu_order":0,"comment_status":"open","ping_status":"open","template":"","meta":{"footnotes":""},"class_list":["post-1320","page","type-page","status-publish","hentry"],"_links":{"self":[{"href":"https:\/\/www.tsd.hr\/site\/wp-json\/wp\/v2\/pages\/1320","targetHints":{"allow":["GET"]}}],"collection":[{"href":"https:\/\/www.tsd.hr\/site\/wp-json\/wp\/v2\/pages"}],"about":[{"href":"https:\/\/www.tsd.hr\/site\/wp-json\/wp\/v2\/types\/page"}],"author":[{"embeddable":true,"href":"https:\/\/www.tsd.hr\/site\/wp-json\/wp\/v2\/users\/1"}],"replies":[{"embeddable":true,"href":"https:\/\/www.tsd.hr\/site\/wp-json\/wp\/v2\/comments?post=1320"}],"version-history":[{"count":26,"href":"https:\/\/www.tsd.hr\/site\/wp-json\/wp\/v2\/pages\/1320\/revisions"}],"predecessor-version":[{"id":13549,"href":"https:\/\/www.tsd.hr\/site\/wp-json\/wp\/v2\/pages\/1320\/revisions\/13549"}],"wp:attachment":[{"href":"https:\/\/www.tsd.hr\/site\/wp-json\/wp\/v2\/media?parent=1320"}],"curies":[{"name":"wp","href":"https:\/\/api.w.org\/{rel}","templated":true}]}}