{"id":1322,"date":"2013-11-14T12:30:52","date_gmt":"2013-11-14T10:30:52","guid":{"rendered":"http:\/\/www.tsd.hr\/site\/?page_id=1322"},"modified":"2025-03-07T09:43:29","modified_gmt":"2025-03-07T08:43:29","slug":"cjenik","status":"publish","type":"page","link":"https:\/\/www.tsd.hr\/site\/autoskola\/cjenik\/","title":{"rendered":"Cjenik usluga"},"content":{"rendered":"<p>Tehni\u010dka \u0161kola Daruvar<br \/>\nGunduli\u0107eva 14, Daruvar<br \/>\nKlasa: 602-13\/25-01\/01<br \/>\nUr.broj: 2103-97-01-25-01<br \/>\nDaruvar, 4.3.2025.<\/p>\n<table style=\"height: 1474px;\" border=\"1\" width=\"661\" cellspacing=\"0\" cellpadding=\"0\" align=\"left\">\n<tbody>\n<tr style=\"height: 61px;\">\n<td style=\"height: 61px;\" colspan=\"5\" valign=\"top\" width=\"943\">\n<p align=\"center\"><strong>CJENIK USLUGA AUTO\u0160KOLE<\/strong><\/p>\n<p align=\"center\">OSPOSOBLJAVANJE KANDIDATA ZA VOZA\u010cE<\/p>\n<\/td>\n<\/tr>\n<tr style=\"height: 41px;\">\n<td style=\"height: 41px;\" width=\"92\">\n<p align=\"center\">Kategorija<\/p>\n<\/td>\n<td style=\"height: 41px;\" width=\"293\">\n<p align=\"center\">Posjeduje kategoriju<\/p>\n<\/td>\n<td style=\"height: 41px;\" valign=\"top\" width=\"95\">Nastavni predmet<\/td>\n<td style=\"height: 41px;\" valign=\"top\" width=\"255\">Broj nastavnih sati * cijena po nastavnom satu sa PDV-a<\/td>\n<td style=\"height: 41px;\" width=\"208\">\n<p align=\"center\">Ukupna cijena (sa PDV-om)<\/p>\n<\/td>\n<\/tr>\n<tr style=\"height: 31px;\">\n<td style=\"height: 62px;\" rowspan=\"2\" bgcolor=\"#0B477D\" width=\"92\">\n<p align=\"center\"><span style=\"color: #ffffff;\"><strong>A1<\/strong><\/span><\/p>\n<\/td>\n<td style=\"height: 62px;\" rowspan=\"2\" bgcolor=\"#0B477D\" width=\"293\">\n<p align=\"center\"><span style=\"color: #ffffff;\"><strong>&#8211;<\/strong><\/span><\/p>\n<\/td>\n<td style=\"height: 31px;\" valign=\"top\" bgcolor=\"#0B477D\" width=\"95\"><span style=\"color: #ffffff;\"><strong>PPSP<\/strong><\/span><\/td>\n<td style=\"height: 31px;\" bgcolor=\"#0B477D\" width=\"255\">\n<p align=\"center\"><span style=\"color: #ffffff;\"><strong>30 sati * 7,50\u00a0 \u20ac<\/strong><\/span><\/p>\n<\/td>\n<td style=\"height: 62px;\" rowspan=\"2\" bgcolor=\"#0B477D\" width=\"208\">\n<p align=\"center\"><span style=\"color: #ffffff;\"><strong>865,00 \u20ac<\/strong><\/span><\/p>\n<\/td>\n<\/tr>\n<tr style=\"height: 31px;\">\n<td style=\"height: 31px;\" valign=\"top\" bgcolor=\"#0B477D\" width=\"95\"><span style=\"color: #ffffff;\"><strong>UV<\/strong><\/span><\/td>\n<td style=\"height: 31px;\" bgcolor=\"#0B477D\" width=\"255\">\n<p align=\"center\"><span style=\"color: #ffffff;\"><strong>20 sati * 32,00 \u20ac<\/strong><\/span><\/p>\n<\/td>\n<\/tr>\n<tr style=\"height: 31px;\">\n<td style=\"height: 62px;\" rowspan=\"2\" width=\"92\">\n<p align=\"center\">A1<\/p>\n<\/td>\n<td style=\"height: 62px;\" rowspan=\"2\" width=\"293\">\n<p align=\"center\">B, BE, C1, C1E, C, CE,<\/p>\n<p align=\"center\">D1, D1E, D, DE, F, G, H<\/p>\n<\/td>\n<td style=\"height: 31px;\" valign=\"top\" width=\"95\">PPSP<\/td>\n<td style=\"height: 31px;\" width=\"255\">\n<p align=\"center\">&#8211;<\/p>\n<\/td>\n<td style=\"height: 62px;\" rowspan=\"2\" width=\"208\">\n<p align=\"center\"><strong>224,00 \u20ac<\/strong><\/p>\n<\/td>\n<\/tr>\n<tr style=\"height: 31px;\">\n<td style=\"height: 31px;\" valign=\"top\" width=\"95\">UV<\/td>\n<td style=\"height: 31px;\" width=\"255\">\n<p align=\"center\">7 sati * 32,00 \u20ac<\/p>\n<\/td>\n<\/tr>\n<tr style=\"height: 31px;\">\n<td style=\"height: 62px;\" rowspan=\"2\" width=\"92\">\n<p align=\"center\">A1<\/p>\n<\/td>\n<td style=\"height: 62px;\" rowspan=\"2\" width=\"293\">\n<p align=\"center\">AM<\/p>\n<\/td>\n<td style=\"height: 31px;\" valign=\"top\" width=\"95\">PPSP<\/td>\n<td style=\"height: 31px;\" width=\"255\">\n<p align=\"center\">&#8211;<\/p>\n<\/td>\n<td style=\"height: 62px;\" rowspan=\"2\" width=\"208\">\n<p align=\"center\"><strong>320,00 \u20ac<\/strong><\/p>\n<\/td>\n<\/tr>\n<tr style=\"height: 31px;\">\n<td style=\"height: 31px;\" valign=\"top\" width=\"95\">UV<\/td>\n<td style=\"height: 31px;\" width=\"255\">\n<p align=\"center\">10 sati * 32,00 \u20ac<\/p>\n<\/td>\n<\/tr>\n<tr style=\"height: 31px;\">\n<td style=\"height: 62px;\" rowspan=\"2\" width=\"92\">\n<p align=\"center\">A1<\/p>\n<\/td>\n<td style=\"height: 62px;\" rowspan=\"2\" width=\"293\">\n<p align=\"center\">A1 bez poluge mjenja\u010da<\/p>\n<\/td>\n<td style=\"height: 31px;\" valign=\"top\" width=\"95\">PPSP<\/td>\n<td style=\"height: 31px;\" width=\"255\">\n<p align=\"center\">&#8211;<\/p>\n<\/td>\n<td style=\"height: 62px;\" rowspan=\"2\" width=\"208\">\n<p align=\"center\"><strong>160,00 \u20ac<\/strong><\/p>\n<\/td>\n<\/tr>\n<tr style=\"height: 31px;\">\n<td style=\"height: 31px;\" valign=\"top\" width=\"95\">UV<\/td>\n<td style=\"height: 31px;\" width=\"255\">\n<p align=\"center\">5\u00a0 sati\u00a0 * 32,00 \u20ac<\/p>\n<\/td>\n<\/tr>\n<tr style=\"height: 31px;\">\n<td style=\"height: 62px;\" rowspan=\"2\" bgcolor=\"#0B477D\" width=\"92\">\n<p align=\"center\"><span style=\"color: #ffffff;\"><strong>B<\/strong><\/span><\/p>\n<\/td>\n<td style=\"height: 62px;\" rowspan=\"2\" bgcolor=\"#0B477D\" width=\"293\">\n<p align=\"center\"><span style=\"color: #ffffff;\"><strong>&#8211;<\/strong><\/span><\/p>\n<\/td>\n<td style=\"height: 31px;\" valign=\"top\" bgcolor=\"#0B477D\" width=\"95\"><span style=\"color: #ffffff;\"><strong>PPSP<\/strong><\/span><\/td>\n<td style=\"height: 31px;\" bgcolor=\"#0B477D\" width=\"255\">\n<p align=\"center\"><span style=\"color: #ffffff;\"><strong>30 sati * 7,50\u00a0 \u20ac<\/strong><\/span><\/p>\n<\/td>\n<td style=\"height: 62px;\" rowspan=\"2\" bgcolor=\"#0B477D\" width=\"208\">\n<p align=\"center\"><span style=\"color: #ffffff;\"><strong>1.275,00 \u20ac<\/strong><\/span><\/p>\n<\/td>\n<\/tr>\n<tr style=\"height: 31px;\">\n<td style=\"height: 31px;\" valign=\"top\" bgcolor=\"#0B477D\" width=\"95\"><span style=\"color: #ffffff;\"><strong>UV<\/strong><\/span><\/td>\n<td style=\"height: 31px;\" bgcolor=\"#0B477D\" width=\"255\">\n<p align=\"center\"><span style=\"color: #ffffff;\"><strong>35 sati * 30,00 \u20ac<\/strong><\/span><\/p>\n<\/td>\n<\/tr>\n<tr style=\"height: 31px;\">\n<td style=\"height: 62px;\" rowspan=\"2\" width=\"92\">\n<p align=\"center\">B<\/p>\n<\/td>\n<td style=\"height: 62px;\" rowspan=\"2\" width=\"293\">\n<p align=\"center\">A1, A2, A, F, G, AM<\/p>\n<\/td>\n<td style=\"height: 31px;\" valign=\"top\" width=\"95\">PPSP<\/td>\n<td style=\"height: 31px;\" width=\"255\">\n<p align=\"center\">4\u00a0 sata * 7,50 \u20ac<\/p>\n<\/td>\n<td style=\"height: 62px;\" rowspan=\"2\" width=\"208\">\n<p align=\"center\"><strong>930,00 \u20ac<\/strong><\/p>\n<\/td>\n<\/tr>\n<tr style=\"height: 31px;\">\n<td style=\"height: 31px;\" valign=\"top\" width=\"95\">UV<\/td>\n<td style=\"height: 31px;\" width=\"255\">\n<p align=\"center\">30 sati * 30,00 \u20ac<\/p>\n<\/td>\n<\/tr>\n<tr style=\"height: 31px;\">\n<td style=\"height: 62px;\" rowspan=\"2\" width=\"92\">\n<p align=\"center\">B<\/p>\n<\/td>\n<td style=\"height: 62px;\" rowspan=\"2\" width=\"293\">\n<p align=\"center\">B sa automatskim mjenja\u010dem<\/p>\n<\/td>\n<td style=\"height: 31px;\" valign=\"top\" width=\"95\">PPSP<\/td>\n<td style=\"height: 31px;\" width=\"255\">\n<p align=\"center\">&#8211;<\/p>\n<\/td>\n<td style=\"height: 62px;\" rowspan=\"2\" width=\"208\">\n<p align=\"center\"><strong>300,00 \u20ac<\/strong><\/p>\n<\/td>\n<\/tr>\n<tr style=\"height: 31px;\">\n<td style=\"height: 31px;\" valign=\"top\" width=\"95\">UV<\/td>\n<td style=\"height: 31px;\" width=\"255\">\n<p align=\"center\">10 sati * 30,00 \u20ac<\/p>\n<\/td>\n<\/tr>\n<tr style=\"height: 31px;\">\n<td style=\"height: 62px;\" rowspan=\"2\" bgcolor=\"#0B477D\" width=\"92\">\n<p align=\"center\"><span style=\"color: #ffffff;\"><strong>C<\/strong><\/span><\/p>\n<\/td>\n<td style=\"height: 62px;\" rowspan=\"2\" bgcolor=\"#0B477D\" width=\"293\">\n<p align=\"center\"><span style=\"color: #ffffff;\"><strong>B, B+E<\/strong><\/span><\/p>\n<\/td>\n<td style=\"height: 31px;\" valign=\"top\" bgcolor=\"#0B477D\" width=\"95\"><span style=\"color: #ffffff;\"><strong>PPSP<\/strong><\/span><\/td>\n<td style=\"height: 31px;\" bgcolor=\"#0B477D\" width=\"255\">\n<p align=\"center\"><span style=\"color: #ffffff;\"><strong>15 sati * 12,50 \u20ac<\/strong><\/span><\/p>\n<\/td>\n<td style=\"height: 62px;\" rowspan=\"2\" bgcolor=\"#0B477D\" width=\"208\">\n<p align=\"center\"><span style=\"color: #ffffff;\"><strong>1.162,50 \u20ac<\/strong><\/span><\/p>\n<\/td>\n<\/tr>\n<tr style=\"height: 31px;\">\n<td style=\"height: 31px;\" valign=\"top\" bgcolor=\"#0B477D\" width=\"95\"><span style=\"color: #ffffff;\"><strong>UV<\/strong><\/span><\/td>\n<td style=\"height: 31px;\" bgcolor=\"#0B477D\" width=\"255\">\n<p align=\"center\"><span style=\"color: #ffffff;\"><strong>15 sati * 65,00 \u20ac<\/strong><\/span><\/p>\n<\/td>\n<\/tr>\n<tr style=\"height: 31px;\">\n<td style=\"height: 62px;\" rowspan=\"2\" width=\"92\">\n<p align=\"center\">C<\/p>\n<\/td>\n<td style=\"height: 62px;\" rowspan=\"2\" width=\"293\">\n<p align=\"center\">C1, C1+E<\/p>\n<\/td>\n<td style=\"height: 31px;\" valign=\"top\" width=\"95\">PPSP<\/td>\n<td style=\"height: 31px;\" width=\"255\">\n<p align=\"center\">5 sati\u00a0\u00a0 * 12,50 \u20ac<\/p>\n<\/td>\n<td style=\"height: 62px;\" rowspan=\"2\" width=\"208\">\n<p align=\"center\"><strong>562,50 \u20ac<\/strong><\/p>\n<\/td>\n<\/tr>\n<tr style=\"height: 31px;\">\n<td style=\"height: 31px;\" valign=\"top\" width=\"95\">UV<\/td>\n<td style=\"height: 31px;\" width=\"255\">\n<p align=\"center\">10 sati * 50,00 \u20ac<\/p>\n<\/td>\n<\/tr>\n<tr style=\"height: 32px;\">\n<td style=\"height: 63px;\" rowspan=\"2\" bgcolor=\"#0B477D\" width=\"92\">\n<p align=\"center\"><span style=\"color: #ffffff;\"><strong>CE<\/strong><\/span><\/p>\n<\/td>\n<td style=\"height: 63px;\" rowspan=\"2\" bgcolor=\"#0B477D\" width=\"293\">\n<p align=\"center\"><span style=\"color: #ffffff;\"><strong>C<\/strong><\/span><\/p>\n<\/td>\n<td style=\"height: 32px;\" valign=\"top\" bgcolor=\"#0B477D\" width=\"95\"><span style=\"color: #ffffff;\"><strong>PPSP<\/strong><\/span><\/td>\n<td style=\"height: 32px;\" bgcolor=\"#0B477D\" width=\"255\">\n<p align=\"center\"><span style=\"color: #ffffff;\"><strong>5 sati * 12,50 \u20ac<\/strong><\/span><\/p>\n<\/td>\n<td style=\"height: 63px;\" rowspan=\"2\" bgcolor=\"#0B477D\" width=\"208\">\n<p align=\"center\"><span style=\"color: #ffffff;\"><strong>962,00 \u20ac<\/strong><\/span><\/p>\n<\/td>\n<\/tr>\n<tr style=\"height: 31px;\">\n<td style=\"height: 31px;\" valign=\"top\" bgcolor=\"#0B477D\" width=\"95\"><span style=\"color: #ffffff;\"><strong>UV<\/strong><\/span><\/td>\n<td style=\"height: 31px;\" bgcolor=\"#0B477D\" width=\"255\">\n<p align=\"center\"><span style=\"color: #ffffff;\"><strong>10 sati * 90,00 \u20ac<\/strong><\/span><\/p>\n<\/td>\n<\/tr>\n<\/tbody>\n<\/table>\n","protected":false},"excerpt":{"rendered":"<p>Tehni\u010dka \u0161kola Daruvar Gunduli\u0107eva 14, Daruvar Klasa: 602-13\/25-01\/01 Ur.broj: 2103-97-01-25-01 Daruvar, 4.3.2025. CJENIK USLUGA AUTO\u0160KOLE OSPOSOBLJAVANJE KANDIDATA ZA VOZA\u010cE Kategorija Posjeduje kategoriju Nastavni predmet Broj nastavnih sati * cijena po nastavnom satu sa PDV-a Ukupna cijena (sa PDV-om) A1 &#8211; PPSP 30 sati * 7,50\u00a0 \u20ac 865,00 \u20ac UV 20 sati * 32,00 \u20ac A1 [&hellip;]<\/p>\n","protected":false},"author":1,"featured_media":0,"parent":1320,"menu_order":0,"comment_status":"open","ping_status":"open","template":"","meta":{"footnotes":""},"class_list":["post-1322","page","type-page","status-publish","hentry"],"_links":{"self":[{"href":"https:\/\/www.tsd.hr\/site\/wp-json\/wp\/v2\/pages\/1322","targetHints":{"allow":["GET"]}}],"collection":[{"href":"https:\/\/www.tsd.hr\/site\/wp-json\/wp\/v2\/pages"}],"about":[{"href":"https:\/\/www.tsd.hr\/site\/wp-json\/wp\/v2\/types\/page"}],"author":[{"embeddable":true,"href":"https:\/\/www.tsd.hr\/site\/wp-json\/wp\/v2\/users\/1"}],"replies":[{"embeddable":true,"href":"https:\/\/www.tsd.hr\/site\/wp-json\/wp\/v2\/comments?post=1322"}],"version-history":[{"count":24,"href":"https:\/\/www.tsd.hr\/site\/wp-json\/wp\/v2\/pages\/1322\/revisions"}],"predecessor-version":[{"id":13548,"href":"https:\/\/www.tsd.hr\/site\/wp-json\/wp\/v2\/pages\/1322\/revisions\/13548"}],"up":[{"embeddable":true,"href":"https:\/\/www.tsd.hr\/site\/wp-json\/wp\/v2\/pages\/1320"}],"wp:attachment":[{"href":"https:\/\/www.tsd.hr\/site\/wp-json\/wp\/v2\/media?parent=1322"}],"curies":[{"name":"wp","href":"https:\/\/api.w.org\/{rel}","templated":true}]}}