{"id":13885,"date":"2025-06-24T12:17:25","date_gmt":"2025-06-24T10:17:25","guid":{"rendered":"https:\/\/www.tsd.hr\/site\/?page_id=13885"},"modified":"2025-06-24T12:17:25","modified_gmt":"2025-06-24T10:17:25","slug":"tehnicar-za-elektroniku-i-komunikacije-tehnicarka-za-elektroniku-i-komunikacije","status":"publish","type":"page","link":"https:\/\/www.tsd.hr\/site\/obrazovni-programi\/tehnicar-za-elektroniku-i-komunikacije-tehnicarka-za-elektroniku-i-komunikacije\/","title":{"rendered":"Tehni\u010dar za elektroniku i komunikacije \/ Tehni\u010darka za elektroniku i komunikacije"},"content":{"rendered":"\n<figure class=\"wp-block-image size-large\"><a href=\"https:\/\/www.tsd.hr\/site\/wp-content\/uploads\/2025\/06\/tehnicar_za_elektroniku.jpg\"><img loading=\"lazy\" decoding=\"async\" width=\"1024\" height=\"576\" src=\"https:\/\/www.tsd.hr\/site\/wp-content\/uploads\/2025\/06\/tehnicar_za_elektroniku-1024x576.jpg\" alt=\"\" class=\"wp-image-13889\" srcset=\"https:\/\/www.tsd.hr\/site\/wp-content\/uploads\/2025\/06\/tehnicar_za_elektroniku-1024x576.jpg 1024w, https:\/\/www.tsd.hr\/site\/wp-content\/uploads\/2025\/06\/tehnicar_za_elektroniku-300x169.jpg 300w, https:\/\/www.tsd.hr\/site\/wp-content\/uploads\/2025\/06\/tehnicar_za_elektroniku-768x432.jpg 768w, https:\/\/www.tsd.hr\/site\/wp-content\/uploads\/2025\/06\/tehnicar_za_elektroniku-730x410.jpg 730w, https:\/\/www.tsd.hr\/site\/wp-content\/uploads\/2025\/06\/tehnicar_za_elektroniku.jpg 1097w\" sizes=\"auto, (max-width: 1024px) 100vw, 1024px\" \/><\/a><\/figure>\n\n\n\n<br\/>\n\n\n\n<hr class=\"wp-block-separator aligncenter has-text-color has-alpha-channel-opacity has-background is-style-wide\" style=\"background-color:#0b477d;color:#0b477d\"\/>\n\n\n\n<br\/>\n\n\n\n<p><strong>Sektor<\/strong>: Elektrotehnika i ra\u010dunarstvo<\/p>\n\n\n\n<p><strong>Naziv kurikula strukovnog obrazovanja<\/strong>: Strukovni kurikul za stjecanje kvalifi kacije tehni\u010dar za elektroniku i komunikacije\/tehni\u010darka za elektroniku i komunikacije<\/p>\n\n\n\n<p><strong>Kvalifikacija koja se stje\u010de zavr\u0161etkom obrazovanja<\/strong>: tehni\u010dar za elektroniku i komunikacije\/tehni\u010darka za elektroniku i komunikacije<\/p>\n\n\n\n<p><strong>Razina kvalifikacije prema HKO-u: <\/strong>4.2<\/p>\n\n\n\n<p><strong>Minimalan obujam kvalifikacije (CSVET): <\/strong>246 CSVET<\/p>\n\n\n\n<p><strong>Uvjeti za upis strukovnog kurikula:<\/strong> Kvalifikacija na 1. razini HKO-a: Dokaz o nepostojanju zdravstvenih kontraindikacija za navedenu kvalifikaciju sukladno va\u017ee\u0107em popisu zdravstvenih zahtjeva izdanom od strane nadle\u017enoga ministarstva<\/p>\n\n\n\n<p><strong>Klju\u010dne zna\u010dajke i ciljevi kurikuluma:<\/strong><\/p>\n\n\n\n<ul class=\"wp-block-list\">\n<li><strong>Razina kvalifikacije:<\/strong>&nbsp;Kvalifikacija se stje\u010de na razini&nbsp;<strong>4.2<\/strong>&nbsp;prema Hrvatskom kvalifikacijskom okviru (HKO).<\/li>\n\n\n\n<li><strong>Stupanje na snagu:<\/strong>&nbsp;Kurikulum se primjenjuje postupno, po\u010dev\u0161i od \u0161kolske godine&nbsp;<strong>2025.\/2026.<\/strong>&nbsp;za u\u010denike I. razreda srednje \u0161kole, te se postupno uvodi i za vi\u0161e razrede u narednim \u0161kolskim godinama.<\/li>\n\n\n\n<li><strong>Obujam kvalifikacije:<\/strong>&nbsp;Za stjecanje kvalifikacije potrebno je ste\u0107i najmanje&nbsp;<strong>246 CSVET bodova<\/strong>, od \u010dega 147 bodova iz strukovnog dijela kvalifikacije i 99 bodova iz op\u0107eg obrazovanja. Obrazovanje se zavr\u0161ava izradom i obranom zavr\u0161nog rada.<\/li>\n\n\n\n<li><strong>Ciljevi obrazovanja:<\/strong>\u00a0Obrazovanje je usmjereno na:\n<ul class=\"wp-block-list\">\n<li>Ostvarenje ishoda u\u010denja neophodnih za stjecanje kompetencija i kvalifikacija za rad.<\/li>\n\n\n\n<li>Razvoj kognitivnih, prakti\u010dnih i socijalnih vje\u0161tina.<\/li>\n\n\n\n<li>Ja\u010danje samostalnosti i odgovornosti za postupanja u odre\u0111enim situacijama.<\/li>\n\n\n\n<li>Razvoj organizacijskih i komunikacijskih sposobnosti u\u010denika.<\/li>\n<\/ul>\n<\/li>\n<\/ul>\n\n\n\n<p><strong>Kompetencije koje se stje\u010du:<\/strong>&nbsp;U\u010denici \u0107e po zavr\u0161etku kurikuluma biti osposobljeni za \u0161irok spektar zadataka u podru\u010dju elektronike i telekomunikacija. Neke od klju\u010dnih kompetencija uklju\u010duju:<\/p>\n\n\n\n<ul class=\"wp-block-list\">\n<li>Primjenu industrijskih standarda, propisa i zakona u struci.<\/li>\n\n\n\n<li>Izradu shema elektroni\u010dkih sklopova i\/ili ure\u0111aja te simulaciju njihovog rada.<\/li>\n\n\n\n<li>Povezivanje elektroni\u010dkih sklopova i\/ili ure\u0111aja u funkcionalnu cjelinu.<\/li>\n\n\n\n<li>Programiranje mikroupravlja\u010da i\/ili industrijskih ra\u010dunala.<\/li>\n\n\n\n<li>Kori\u0161tenje alata za pronalazak kvarova, mjernih ure\u0111aja i opreme.<\/li>\n\n\n\n<li>Provjeru stanja i funkcionalnosti dijelova komunikacijskog sustava te otklanjanje problema.<\/li>\n\n\n\n<li>Izradu komunikacijskih instalacija i spajanje svjetlovodnih niti.<\/li>\n\n\n\n<li>Konfiguriranje TCP\/IP postavki ure\u0111aja i kori\u0161tenje CAD alata za tehni\u010dku dokumentaciju.<\/li>\n\n\n\n<li>Primjenu za\u0161titne opreme i u\u010dinkovitu komunikaciju unutar projektnog tima.<\/li>\n<\/ul>\n\n\n\n<p><strong>Struktura i metodologija u\u010denja:<\/strong><\/p>\n\n\n\n<ul class=\"wp-block-list\">\n<li>Nastava se izvodi&nbsp;<strong>modularno<\/strong>, \u0161to omogu\u0107uje i povezivanje s op\u0107eobrazovnim predmetima.<\/li>\n\n\n\n<li>U\u010denje se temelji na&nbsp;<strong>problemskim situacijama i zadacima iz stvarnog \u017eivota<\/strong>, kao i provo\u0111enju projektnih zadataka.<\/li>\n\n\n\n<li>Kurikulum uklju\u010duje&nbsp;<strong>u\u010denje temeljeno na radu<\/strong>, koje se provodi u \u0161kolskim specijaliziranim prostorima (simulirani objekti) te kod poslodavca ili u Regionalnom centru kompetentnosti. Preporu\u010duje se da se najmanje 24 CSVET boda ostvari u\u010denjem kod poslodavca.<\/li>\n\n\n\n<li>U\u010denike se poti\u010de na aktivno sudjelovanje, razvijanje suradni\u010dkih odnosa, samostalnosti i odgovornosti.<\/li>\n<\/ul>\n\n\n\n<p><strong>Fleksibilnost i izbornost:<\/strong><\/p>\n\n\n\n<ul class=\"wp-block-list\">\n<li>Strukovni kurikulum omogu\u0107uje stjecanje kompetencija iz dvaju podru\u010dja rada:&nbsp;<strong>elektronike i telekomunikacija<\/strong>.<\/li>\n\n\n\n<li>U\u010denici mogu izabrati jednu od ponu\u0111enih izbornosti, a unutar izabrane izbornosti dostupni su dodatni izborni blokovi (ukupno 15 CSVET bodova) za produbljivanje znanja i vje\u0161tina u specifi\u010dnim podru\u010djima rada.<\/li>\n<\/ul>\n\n\n\n<p><strong>Zavr\u0161ni rad:<\/strong><\/p>\n\n\n\n<ul class=\"wp-block-list\">\n<li>Zavr\u0161ni rad je&nbsp;<strong>projektni zadatak<\/strong>&nbsp;u kojem u\u010denik mora pokazati samostalnost u analizi problema, izradi i izvedbi mogu\u0107ih rje\u0161enja, primjenjuju\u0107i znanje i vje\u0161tine ste\u010dene tijekom obrazovanja.<\/li>\n\n\n\n<li>Za kvalifikaciju razine 4.2, zavr\u0161ni rad uklju\u010duje&nbsp;<strong>prakti\u010dni rad<\/strong>&nbsp;i provjeru ostalog strukovnog znanja i vje\u0161tina predvi\u0111enih ishodima u\u010denja.<\/li>\n<\/ul>\n\n\n\n<p><strong>Mogu\u0107nosti napredovanja (Prohodnost):<\/strong><\/p>\n\n\n\n<ul class=\"wp-block-list\">\n<li><strong>Vertikalna prohodnost:<\/strong>&nbsp;Po zavr\u0161etku programa, u\u010denici imaju mogu\u0107nost nastavka obrazovanja za stjecanje kvalifikacija vi\u0161ih razina (5, 6 i 7), ne samo unutar sektora Elektrotehnike i ra\u010dunarstva. Omogu\u0107eno je i daljnje usavr\u0161avanje kroz neformalno i informalno u\u010denje.<\/li>\n\n\n\n<li><strong>Horizontalna prohodnost:<\/strong>&nbsp;Omogu\u0107ena je prohodnost u druge kvalifikacije iste ili ni\u017ee razine, uz polaganje razlikovnih sadr\u017eaja specifi\u010dnih za pojedinu kvalifikaciju.<\/li>\n<\/ul>\n\n\n\n<p><strong>Vrednovanje i osiguravanje kvalitete:<\/strong><\/p>\n\n\n\n<ul class=\"wp-block-list\">\n<li>Vrednovanje se provodi kroz pra\u0107enje i provjeru postignu\u0107a prema ishodima u\u010denja, koriste\u0107i kombinaciju&nbsp;<strong>hibridnog i unutarnjeg vrednovanja<\/strong>.<\/li>\n\n\n\n<li>Osim nastavnika i mentora kod poslodavca, u\u010denici su uklju\u010deni u proces vrednovanja i samovrednovanja.<\/li>\n\n\n\n<li>Kvaliteta kurikuluma prati se kroz anonimno anketiranje u\u010denika i nastavnika, analizu uspjeha, te ispitivanje poslodavaca i biv\u0161ih u\u010denika radi dobivanja povratnih informacija o njihovoj pripremljenosti za svijet rada i uspje\u0161nosti op\u0107enito.<\/li>\n<\/ul>\n\n\n\n<figure class=\"wp-block-image size-full\"><a href=\"https:\/\/www.tsd.hr\/site\/wp-content\/uploads\/2025\/06\/TABLICA_ELEKTRONIKA_IZREZANO.jpg\"><img loading=\"lazy\" decoding=\"async\" width=\"941\" height=\"736\" src=\"https:\/\/www.tsd.hr\/site\/wp-content\/uploads\/2025\/06\/TABLICA_ELEKTRONIKA_IZREZANO.jpg\" alt=\"\" class=\"wp-image-13902\" srcset=\"https:\/\/www.tsd.hr\/site\/wp-content\/uploads\/2025\/06\/TABLICA_ELEKTRONIKA_IZREZANO.jpg 941w, https:\/\/www.tsd.hr\/site\/wp-content\/uploads\/2025\/06\/TABLICA_ELEKTRONIKA_IZREZANO-300x235.jpg 300w, https:\/\/www.tsd.hr\/site\/wp-content\/uploads\/2025\/06\/TABLICA_ELEKTRONIKA_IZREZANO-768x601.jpg 768w\" sizes=\"auto, (max-width: 941px) 100vw, 941px\" \/><\/a><\/figure>\n","protected":false},"excerpt":{"rendered":"<p>Sektor: Elektrotehnika i ra\u010dunarstvo Naziv kurikula strukovnog obrazovanja: Strukovni kurikul za stjecanje kvalifi kacije tehni\u010dar za elektroniku i komunikacije\/tehni\u010darka za elektroniku i komunikacije Kvalifikacija koja se stje\u010de zavr\u0161etkom obrazovanja: tehni\u010dar za elektroniku i komunikacije\/tehni\u010darka za elektroniku i komunikacije Razina kvalifikacije prema HKO-u: 4.2 Minimalan obujam kvalifikacije (CSVET): 246 CSVET Uvjeti za upis strukovnog kurikula: Kvalifikacija [&hellip;]<\/p>\n","protected":false},"author":3,"featured_media":0,"parent":84,"menu_order":0,"comment_status":"closed","ping_status":"closed","template":"","meta":{"footnotes":""},"class_list":["post-13885","page","type-page","status-publish","hentry"],"_links":{"self":[{"href":"https:\/\/www.tsd.hr\/site\/wp-json\/wp\/v2\/pages\/13885","targetHints":{"allow":["GET"]}}],"collection":[{"href":"https:\/\/www.tsd.hr\/site\/wp-json\/wp\/v2\/pages"}],"about":[{"href":"https:\/\/www.tsd.hr\/site\/wp-json\/wp\/v2\/types\/page"}],"author":[{"embeddable":true,"href":"https:\/\/www.tsd.hr\/site\/wp-json\/wp\/v2\/users\/3"}],"replies":[{"embeddable":true,"href":"https:\/\/www.tsd.hr\/site\/wp-json\/wp\/v2\/comments?post=13885"}],"version-history":[{"count":16,"href":"https:\/\/www.tsd.hr\/site\/wp-json\/wp\/v2\/pages\/13885\/revisions"}],"predecessor-version":[{"id":13903,"href":"https:\/\/www.tsd.hr\/site\/wp-json\/wp\/v2\/pages\/13885\/revisions\/13903"}],"up":[{"embeddable":true,"href":"https:\/\/www.tsd.hr\/site\/wp-json\/wp\/v2\/pages\/84"}],"wp:attachment":[{"href":"https:\/\/www.tsd.hr\/site\/wp-json\/wp\/v2\/media?parent=13885"}],"curies":[{"name":"wp","href":"https:\/\/api.w.org\/{rel}","templated":true}]}}