{"id":13933,"date":"2025-06-25T02:06:44","date_gmt":"2025-06-25T00:06:44","guid":{"rendered":"https:\/\/www.tsd.hr\/site\/?page_id=13933"},"modified":"2025-06-25T02:06:44","modified_gmt":"2025-06-25T00:06:44","slug":"elektroinstalater-elektroinstalaterka","status":"publish","type":"page","link":"https:\/\/www.tsd.hr\/site\/elektroinstalater-elektroinstalaterka\/","title":{"rendered":"Elektroinstalater \/ Elektroinstalaterka"},"content":{"rendered":"\n<figure class=\"wp-block-image size-full\"><a href=\"https:\/\/www.tsd.hr\/site\/wp-content\/uploads\/2025\/06\/slika_elektroisnt-canva.png\"><img loading=\"lazy\" decoding=\"async\" width=\"953\" height=\"534\" src=\"https:\/\/www.tsd.hr\/site\/wp-content\/uploads\/2025\/06\/slika_elektroisnt-canva.png\" alt=\"\" class=\"wp-image-13934\" srcset=\"https:\/\/www.tsd.hr\/site\/wp-content\/uploads\/2025\/06\/slika_elektroisnt-canva.png 953w, https:\/\/www.tsd.hr\/site\/wp-content\/uploads\/2025\/06\/slika_elektroisnt-canva-300x168.png 300w, https:\/\/www.tsd.hr\/site\/wp-content\/uploads\/2025\/06\/slika_elektroisnt-canva-768x430.png 768w, https:\/\/www.tsd.hr\/site\/wp-content\/uploads\/2025\/06\/slika_elektroisnt-canva-730x410.png 730w\" sizes=\"auto, (max-width: 953px) 100vw, 953px\" \/><\/a><\/figure>\n\n\n\n<br\/>\n\n\n\n<hr class=\"wp-block-separator aligncenter has-text-color has-alpha-channel-opacity has-background is-style-wide\" style=\"background-color:#0b477d;color:#0b477d\"\/>\n\n\n\n<br\/>\n\n\n\n<p><strong>Sektor<\/strong>: Elektrotehnika i ra\u010dunarstvo<\/p>\n\n\n\n<p><strong>Naziv kurikula strukovnog obrazovanja<\/strong>: Strukovni kurikul za stjecanje kvalifikacije elektroinstalater\/elektroinstalaterka<\/p>\n\n\n\n<p><strong>Kvalifikacija koja se stje\u010de zavr\u0161etkom obrazovanja<\/strong>: elektroinstalater\/elektroinstalaterka<\/p>\n\n\n\n<p><strong>Razina kvalifikacije prema HKO-u: <\/strong>4.1<\/p>\n\n\n\n<p><strong>Minimalan obujam kvalifikacije (CSVET): <\/strong>182 CSVET<\/p>\n\n\n\n<p><strong>Uvjeti za upis strukovnog kurikula:<\/strong> Kvalifikacija na 1. razini HKO-a: Dokaz o nepostojanju zdravstvenih kontraindikacija za navedenu kvalifikaciju sukladno va\u017ee\u0107em popisu zdravstvenih zahtjeva izdanom od strane nadle\u017enoga ministarstva<\/p>\n\n\n\n<p><strong>Klju\u010dne zna\u010dajke i ciljevi kurikuluma:<\/strong><\/p>\n\n\n\n<ul class=\"wp-block-list\">\n<li><strong>Razina kvalifikacije:<\/strong>\u00a0Kvalifikacija se stje\u010de na <strong>4.1 razini Hrvatskoga kvalifikacijskog okvira (HKO)<\/strong>.<\/li>\n\n\n\n<li><strong>Stupanje na snagu:<\/strong>\u00a0Odluka o uvo\u0111enju strukovnog kurikula stupila je na snagu prvoga dana od dana objave u &#8220;Narodnim novinama&#8221;, a objavljena je u <strong>ponedjeljak, 17. o\u017eujka 2025.<\/strong>. Primjenjuje se za u\u010denike <strong>I. razreda srednje \u0161kole od \u0161kolske godine 2025.\/2026.<\/strong>.<\/li>\n\n\n\n<li><strong>Obujam kvalifikacije:<\/strong>\u00a0Minimalan obujam kvalifikacije iznosi <strong>182 CSVET boda<\/strong>. Obujam ishoda u\u010denja na razini ciklusa podijeljen je na <strong>60 CSVET bodova za 4. ciklus<\/strong> i <strong>122 CSVET boda za 5. ciklus<\/strong>.<\/li>\n\n\n\n<li><strong>Ciljevi obrazovanja:<\/strong>\u00a0\n<ul class=\"wp-block-list\">\n<li>Obrazovanje je usmjereno na <strong>ostvarenje ishoda u\u010denja neophodnih za stjecanje kompetencija odnosno kvalifikacija za rad<\/strong>.<\/li>\n\n\n\n<li>Ciljevi uklju\u010duju <strong>razvoj kognitivnih, prakti\u010dnih i socijalnih vje\u0161tina<\/strong>, te ja\u010danje <strong>samostalnosti i odgovornosti<\/strong> za postupanja u odre\u0111enim situacijama.<\/li>\n\n\n\n<li>Tako\u0111er se poti\u010de <strong>razvoj organizacijskih i komunikacijskih sposobnosti<\/strong> u\u010denika.<\/li>\n\n\n\n<li>U\u010denje se temelji na rje\u0161avanju <strong>problemskih zadataka iz stvarnog \u017eivota<\/strong>.<\/li>\n<\/ul>\n<\/li>\n<\/ul>\n\n\n\n<p><strong>Po zavr\u0161etku obrazovanja, u\u010denici \u0107e mo\u0107i:<\/strong>\u00a0<\/p>\n\n\n\n<ul class=\"wp-block-list\">\n<li>Primijeniti propisane postupke za\u0161tite na radu, za\u0161tite od po\u017eara, za\u0161tite od udara elektri\u010dne struje i za\u0161tite od utjecaja opasnih tvari.<\/li>\n\n\n\n<li>Odabrati i koristiti strojeve i alate za strojnu obradu materijala prema tehni\u010dkoj dokumentaciji.<\/li>\n\n\n\n<li>Primijeniti ru\u010dni elektri\u010dni alat za rezanje, bru\u0161enje i bu\u0161enje te alate za obradu materijala.<\/li>\n\n\n\n<li>Izraditi tehni\u010dku dokumentaciju uporabom ra\u010dunalnog programa.<\/li>\n\n\n\n<li>Razlikovati i primijeniti osnovne elektrotehni\u010dke koncepte poput simbola, zakona istosmjernih i izmjeni\u010dnih strujnih krugova, mjerenja i prora\u010duna elektri\u010dnih veli\u010dina.<\/li>\n\n\n\n<li>Izvoditi osnovne prora\u010dune elektri\u010dnih instalacija i poznavati projektnu i radnu dokumentaciju.<\/li>\n\n\n\n<li>Razlikovati materijale za vodi\u010de i izolacijske materijale, te na\u010dine ozna\u010davanja vodi\u010da, vodova i kabela.<\/li>\n\n\n\n<li>Primijeniti postupke obrade i spajanja elektri\u010dnih vodova i kabela.<\/li>\n\n\n\n<li>Postavljati instalacijske kanale i\/ili cijevi, polagati elektri\u010dne vodove, kabele i instalacijski materijal, te spajati i provjeravati ispravnost spojeva.<\/li>\n\n\n\n<li>Koristiti brojevne sustave za prikaz digitalnih podataka, logi\u010dke sklopove, te razumjeti principe rada poluvodi\u010dkih dioda, tranzistora i optoelektroni\u010dkih elemenata.<\/li>\n\n\n\n<li>Razlikovati ulogu aktivnih i pasivnih energetskih komponenti te primijeniti sklopove energetske elektronike za upravljanje energijom.<\/li>\n\n\n\n<li>Odabrati i instalirati odgovaraju\u0107e komponente za elektri\u010dne ure\u0111aje, spajati ih na postoje\u0107e instalacije i provjeravati ispravnost.<\/li>\n\n\n\n<li>Za\u0161tititi elektri\u010dne instalacije i ure\u0111aje od preoptere\u0107enja, kratkog spoja i strujnog udara, te provoditi mjere za\u0161tite.<\/li>\n\n\n\n<li>Opisati dijelove elektroenergetskog sustava i elektrana, te analizirati utjecaj obnovljivih izvora energije na okoli\u0161.<\/li>\n\n\n\n<li>Izvoditi, spajati i provjeravati ispravnost elektroenergetskih instalacija u raznim postrojenjima.<\/li>\n\n\n\n<li>Primijeniti sredstva djelotvorne poslovne komunikacije i koristiti programske alate za poslovno i elektroni\u010dko komuniciranje.<\/li>\n\n\n\n<li>Analizirati tehni\u010dke podatke elektri\u010dnih strojeva i instalacija, te izraditi tehni\u010dku dokumentaciju.<\/li>\n\n\n\n<li>Izvoditi elektri\u010dne instalacije za strojeve, spajati ih i otklanjati smetnje.<\/li>\n\n\n\n<li>Instalirati i odr\u017eavati sustave elektri\u010dne rasvjete, uklju\u010duju\u0107i odabir, ugradnju, provjeru i otklanjanje kvarova.<\/li>\n\n\n\n<li>Montirati i spajati elemente transformatorskih i rasklopnih postrojenja te postaviti za\u0161titu.<\/li>\n\n\n\n<li>Izvoditi gra\u0111evinske radove za niskonaponske nadzemne mre\u017ee, polagati vodove, te raditi na kabelskim mre\u017eama i razvodnim ormarima.<\/li>\n\n\n\n<li>Izvoditi, priklju\u010divati i ispitivati instalacije u razli\u010ditim elektroenergetskim postrojenjima.<\/li>\n\n\n\n<li>Raditi sa signalnim instalacijama i sustavima, uklju\u010duju\u0107i elektri\u010dne ugradbene sustave, kontrolu pristupa i videonadzor.<\/li>\n\n\n\n<li>Raditi s pomo\u0107nim izvorima elektri\u010dne energije, mikrovjetroelektranama i fotonaponskim sustavima javne rasvjete.<\/li>\n\n\n\n<li>Ugraditi i o\u017ei\u010diti komponente sustava pametnih instalacija, testirati ih i izdati potvrdu o ispravnosti.<\/li>\n\n\n\n<li>Instalirati, odr\u017eavati i popravljati proizvodna postrojenja elektri\u010dne energije.<\/li>\n\n\n\n<li>Primijeniti mjere za\u0161tite pri radu na visini i pri radu s teretom, te provoditi postupke spa\u0161avanja i prve pomo\u0107i.<\/li>\n\n\n\n<li>Postavljati i armirati stupove dalekovoda, postavljati izolatore, razvla\u010diti vodi\u010de i pri\u010dvr\u0161\u0107ivati ih.<\/li>\n<\/ul>\n\n\n\n<p><strong>Struktura i metodologija u\u010denja:<\/strong><\/p>\n\n\n\n<ul class=\"wp-block-list\">\n<li>U\u010denje se temelji na <strong>problemskim situacijama i zadacima iz stvarnog \u017eivota<\/strong>.<\/li>\n\n\n\n<li>Dominantni nastavni sustav \u010desto je <strong>heuristi\u010dka nastava<\/strong> ili <strong>u\u010denje temeljeno na radu u stvarnoj radnoj situaciji<\/strong>, poti\u010du\u0107i samostalni rad, rad u paru, skupini i timu.<\/li>\n\n\n\n<li>Okru\u017eenje za ostvarivanje ishoda u\u010denja uklju\u010duje <strong>licenciranog poslodavca, regionalni centar kompetentnosti (RCK), \u0161kolsku u\u010dionicu, specijaliziranu u\u010dionicu ili praktikum<\/strong>, kao i u\u010denje temeljeno na radu kod poslodavca.<\/li>\n\n\n\n<li>Ishodi u\u010denja vezani za rad izvan \u0161kole uskla\u0111uju se izme\u0111u \u0161kole i poslodavca.<\/li>\n<\/ul>\n\n\n\n<p><strong>Zavr\u0161ni rad:<\/strong><\/p>\n\n\n\n<ul class=\"wp-block-list\">\n<li>Obrazovanje se zavr\u0161ava <strong>provjerom strukovnog znanja, vje\u0161tina te pripadne samostalnosti i odgovornosti<\/strong>, koja se provodi <strong>izradom i obranom zavr\u0161noga rada<\/strong>.<\/li>\n\n\n\n<li>Za kvalifikaciju razine 4.1, zavr\u0161ni rad uklju\u010duje <strong>prakti\u010dni rad<\/strong> te provjeru ostaloga strukovnog znanja i vje\u0161tina.<\/li>\n\n\n\n<li>Zavr\u0161ni rad je <strong>projektni zadatak<\/strong> u kojemu u\u010denik demonstrira samostalnost u analizi problema, izradi mogu\u0107ih rje\u0161enja i njihovoj izvedbi, primjenjuju\u0107i usvojeno znanje i vje\u0161tine tijekom cjelokupnoga obrazovanja.<\/li>\n\n\n\n<li>U\u010denik pristupa obrani zavr\u0161nog rada nakon \u0161to su svi ishodi u\u010denja\/moduli u tre\u0107em razredu pozitivno ocijenjeni.<\/li>\n<\/ul>\n\n\n\n<p><strong>Mogu\u0107nosti napredovanja (Prohodnost):<\/strong><\/p>\n\n\n\n<ul class=\"wp-block-list\">\n<li><strong>Horizontalna prohodnost:<\/strong> Omogu\u0107ena je prohodnost u drugu kvalifikaciju iste ili ni\u017ee razine uz polaganje razlikovnih sadr\u017eaja specifi\u010dnih za tu kvalifikaciju. Unutar podsektora elektrotehnike, prvi razred te odre\u0111eni sadr\u017eaji drugog i tre\u0107eg razreda imaju isti sadr\u017eaj, \u0161to omogu\u0107uje prohodnost u drugu kvalifikaciju iste razine.<\/li>\n\n\n\n<li><strong>Vertikalna prohodnost:<\/strong> U\u010denici koji zavr\u0161e ovaj program imaju mogu\u0107nost nastavka obrazovanja za stjecanje kvalifikacije <strong>razine 4.2<\/strong> u sektoru Elektrotehnika i ra\u010dunarstvo. Tako\u0111er, mogu nastaviti usavr\u0161avati svoje vje\u0161tine i kompetencije raznim oblicima neformalnog i informalnog u\u010denja u podru\u010dju elektrotehnike i elektroenergetike.<\/li>\n<\/ul>\n\n\n\n<p><strong>Vrednovanje i osiguravanje kvalitete:<\/strong><\/p>\n\n\n\n<ul class=\"wp-block-list\">\n<li>Vrednovanje se provodi kroz kombinaciju <strong>hibridnog vrednovanja<\/strong> (pisane provjere znanja i vje\u0161tina) i <strong>unutarnjeg vrednovanja<\/strong> (kontinuirano pra\u0107enje od strane nastavnika, mentora i samovrednovanje u\u010denika).<\/li>\n\n\n\n<li>Kriteriji za vrednovanje odre\u0111eni su strukovnim kurikulom, a provode ga nastavnik i mentor kod poslodavca.<\/li>\n\n\n\n<li>Predla\u017eu se prilagodbe za u\u010denike s posebnim odgojno-obrazovnim potrebama, uklju\u010duju\u0107i individualizirani kurikul, kontinuirano vrednovanje za u\u010denje, te prilago\u0111ene zadatke i podr\u0161ku nastavnika.<\/li>\n<\/ul>\n\n\n<div class=\"wp-block-image\">\n<figure class=\"aligncenter size-large\"><a href=\"https:\/\/www.tsd.hr\/site\/wp-content\/uploads\/2025\/06\/elektroinstalater_slika-tablice.png\"><img loading=\"lazy\" decoding=\"async\" width=\"1024\" height=\"759\" src=\"https:\/\/www.tsd.hr\/site\/wp-content\/uploads\/2025\/06\/elektroinstalater_slika-tablice-1024x759.png\" alt=\"\" class=\"wp-image-13935\" srcset=\"https:\/\/www.tsd.hr\/site\/wp-content\/uploads\/2025\/06\/elektroinstalater_slika-tablice-1024x759.png 1024w, https:\/\/www.tsd.hr\/site\/wp-content\/uploads\/2025\/06\/elektroinstalater_slika-tablice-300x222.png 300w, https:\/\/www.tsd.hr\/site\/wp-content\/uploads\/2025\/06\/elektroinstalater_slika-tablice-768x569.png 768w, https:\/\/www.tsd.hr\/site\/wp-content\/uploads\/2025\/06\/elektroinstalater_slika-tablice.png 1026w\" sizes=\"auto, (max-width: 1024px) 100vw, 1024px\" \/><\/a><\/figure>\n<\/div>","protected":false},"excerpt":{"rendered":"<p>Sektor: Elektrotehnika i ra\u010dunarstvo Naziv kurikula strukovnog obrazovanja: Strukovni kurikul za stjecanje kvalifikacije elektroinstalater\/elektroinstalaterka Kvalifikacija koja se stje\u010de zavr\u0161etkom obrazovanja: elektroinstalater\/elektroinstalaterka Razina kvalifikacije prema HKO-u: 4.1 Minimalan obujam kvalifikacije (CSVET): 182 CSVET Uvjeti za upis strukovnog kurikula: Kvalifikacija na 1. razini HKO-a: Dokaz o nepostojanju zdravstvenih kontraindikacija za navedenu kvalifikaciju sukladno va\u017ee\u0107em popisu zdravstvenih zahtjeva [&hellip;]<\/p>\n","protected":false},"author":3,"featured_media":0,"parent":0,"menu_order":0,"comment_status":"closed","ping_status":"closed","template":"","meta":{"footnotes":""},"class_list":["post-13933","page","type-page","status-publish","hentry"],"_links":{"self":[{"href":"https:\/\/www.tsd.hr\/site\/wp-json\/wp\/v2\/pages\/13933","targetHints":{"allow":["GET"]}}],"collection":[{"href":"https:\/\/www.tsd.hr\/site\/wp-json\/wp\/v2\/pages"}],"about":[{"href":"https:\/\/www.tsd.hr\/site\/wp-json\/wp\/v2\/types\/page"}],"author":[{"embeddable":true,"href":"https:\/\/www.tsd.hr\/site\/wp-json\/wp\/v2\/users\/3"}],"replies":[{"embeddable":true,"href":"https:\/\/www.tsd.hr\/site\/wp-json\/wp\/v2\/comments?post=13933"}],"version-history":[{"count":1,"href":"https:\/\/www.tsd.hr\/site\/wp-json\/wp\/v2\/pages\/13933\/revisions"}],"predecessor-version":[{"id":13936,"href":"https:\/\/www.tsd.hr\/site\/wp-json\/wp\/v2\/pages\/13933\/revisions\/13936"}],"wp:attachment":[{"href":"https:\/\/www.tsd.hr\/site\/wp-json\/wp\/v2\/media?parent=13933"}],"curies":[{"name":"wp","href":"https:\/\/api.w.org\/{rel}","templated":true}]}}