{"id":13977,"date":"2025-06-25T12:57:46","date_gmt":"2025-06-25T10:57:46","guid":{"rendered":"https:\/\/www.tsd.hr\/site\/?page_id=13977"},"modified":"2025-06-25T13:00:58","modified_gmt":"2025-06-25T11:00:58","slug":"pomocni-stolar-pomocna-stolarica","status":"publish","type":"page","link":"https:\/\/www.tsd.hr\/site\/obrazovni-programi\/pomocni-stolar-pomocna-stolarica\/","title":{"rendered":"Pomo\u0107ni stolar \/ Pomo\u0107na stolarica"},"content":{"rendered":"<div class=\"wp-block-image\">\n<figure class=\"aligncenter size-full\"><a href=\"https:\/\/www.tsd.hr\/site\/wp-content\/uploads\/2025\/06\/pomocni-stolar-canva.png\"><img loading=\"lazy\" decoding=\"async\" width=\"316\" height=\"536\" src=\"https:\/\/www.tsd.hr\/site\/wp-content\/uploads\/2025\/06\/pomocni-stolar-canva.png\" alt=\"\" class=\"wp-image-13978\" srcset=\"https:\/\/www.tsd.hr\/site\/wp-content\/uploads\/2025\/06\/pomocni-stolar-canva.png 316w, https:\/\/www.tsd.hr\/site\/wp-content\/uploads\/2025\/06\/pomocni-stolar-canva-177x300.png 177w\" sizes=\"auto, (max-width: 316px) 100vw, 316px\" \/><\/a><\/figure>\n<\/div>\n\n\n<br\/>\n\n\n\n<hr class=\"wp-block-separator aligncenter has-text-color has-alpha-channel-opacity has-background is-style-wide\" style=\"background-color:#0b477d;color:#0b477d\"\/>\n\n\n\n<br\/>\n\n\n\n<p><strong>Sektor<\/strong>: \u0160umarstvo i drvna tehnologija<\/p>\n\n\n\n<p><strong>Naziv kurikula strukovnog obrazovanja<\/strong>: Pomo\u0107ni stolar \/ Pomo\u0107na stolarica<\/p>\n\n\n\n<p><strong>Kvalifikacija koja se stje\u010de zavr\u0161etkom obrazovanja<\/strong>: Pomo\u0107ni stolar \/ Pomo\u0107na stolarica<\/p>\n\n\n\n<p><strong>Razina kvalifikacije prema HKO-u: <\/strong>3<\/p>\n\n\n\n<p><strong>Minimalan obujam kvalifikacije (CSVET): <\/strong>126 CSVET<\/p>\n\n\n\n<p><strong>Uvjeti za upis strukovnog kurikula:<\/strong> Kvalifikacija na 1. razini HKO-a: Dokaz o nepostojanju zdravstvenih kontraindikacija za navedenu kvalifikaciju sukladno va\u017ee\u0107em popisu zdravstvenih zahtjeva izdanom od strane nadle\u017enoga ministarstva<\/p>\n\n\n\n<p><strong>Klju\u010dne zna\u010dajke kurikuluma:<\/strong><\/p>\n\n\n\n<ul class=\"wp-block-list\">\n<li><strong>Naziv i kvalifikacija<\/strong>: Kurikulum nosi naziv &#8220;Pomo\u0107ni stolar \/ Pomo\u0107na stolarica&#8221;, a ista se kvalifikacija stje\u010de zavr\u0161etkom obrazovanja.<\/li>\n\n\n\n<li><strong>Obrazovni sektor<\/strong>: <strong>\u0160umarstvo i drvna tehnologija<\/strong>, podsektor Drvna tehnologija.<\/li>\n\n\n\n<li><strong>Razina kvalifikacije<\/strong>: Kvalifikacija je na <strong>3. razini<\/strong> prema Hrvatskom kvalifikacijskom okviru (HKO).<\/li>\n\n\n\n<li><strong>Obujam kvalifikacije<\/strong>: Minimalni obujam kvalifikacije je <strong>126 CSVET bodova<\/strong>. Od toga, najmanje 60 CSVET bodova mora biti na razini 3 ili vi\u0161oj. Obujam ishoda u\u010denja podijeljen je na 4. ciklus (42 CSVET) i 5. ciklus (84 CSVET). Od ukupnog obujma, <strong>83 CSVET boda su iz strukovnog dijela kvalifikacije<\/strong> (\u0161to \u010dini 66%), a <strong>43 boda iz op\u0107eg obrazovanja<\/strong>.<\/li>\n\n\n\n<li><strong>Uvjeti za upis<\/strong>: Potrebna je kvalifikacija na <strong>1. razini HKO-a<\/strong> (zavr\u0161ena osnovna \u0161kola) te dokaz o nepostojanju zdravstvenih kontraindikacija za navedenu kvalifikaciju, sukladno va\u017ee\u0107em popisu zdravstvenih zahtjeva izdanom od strane nadle\u017enog ministarstva.<\/li>\n\n\n\n<li><strong>Uvjeti stjecanja kvalifikacije<\/strong>: Stjecanje kvalifikacije zahtijeva ostvarenih najmanje 126 CSVET bodova (od \u010dega 83 CSVET iz strukovnog i 43 iz op\u0107eg obrazovanja) te izradu i obranu <strong>zavr\u0161nog rada<\/strong>.<\/li>\n\n\n\n<li><strong>Zavr\u0161ni rad<\/strong>: Zavr\u0161ni rad je <strong>projektni zadatak<\/strong> u kojemu u\u010denik treba pokazati samostalnost u analizi problema, izradi i izvedbi mogu\u0107ih rje\u0161enja, primjenjuju\u0107i usvojeno znanje i vje\u0161tine ste\u010dene tijekom cjelokupnoga obrazovanja za stjecanje kvalifikacije Pomo\u0107ni stolar \/ Pomo\u0107na stolarica. Za kvalifikacije razine 3, provjera se provodi izradom i obranom zavr\u0161noga <strong>prakti\u010dnog rada<\/strong>. Provedba zavr\u0161nog rada temelji se na Zakonu o odgoju i obrazovanju u osnovnoj i srednjoj \u0161koli, Pravilniku o izradbi i obrani zavr\u0161noga rada te Nacionalnom kurikulumu za strukovno obrazovanje.<\/li>\n\n\n\n<li><strong>Provedba kurikuluma<\/strong>: Kurikulum se primjenjuje za u\u010denike <strong>I. razreda srednje \u0161kole od \u0161kolske godine 2025.\/2026.<\/strong>, za II. razrede od 2026.\/2027., a za III. razrede od 2027.\/2028..<\/li>\n\n\n\n<li><strong>U\u010denje temeljeno na radu<\/strong>: Integrirano je u strukovni kurikul kroz nastavni modul <strong>Stru\u010dna praksa<\/strong>, i to rje\u0161avanjem stvarnih ili simuliranih zadataka u \u0161kolskim specijaliziranim u\u010dionicama\/praktikumima za ru\u010dnu i strojnu obradu drva. Ako \u0161kola nije opremljena svim strojevima, dio ishoda u\u010denja mo\u017ee se stjecati u regionalnim centrima kompetentnosti ili kod poslodavca. Zadatci su osmi\u0161ljeni da odgovaraju stvarnim radnim situacijama radnog mjesta, a vo\u0111eni proces u\u010denja i pou\u010davanja trebao bi biti u \u0161to ve\u0107oj mjeri isprepleten s u\u010denjem temeljenim na radu u \u0161kolskim radionicama\/praktikumima radi vizualnog kontakta s alatima i strojevima.<\/li>\n\n\n\n<li><strong>Sastavnice kurikuluma<\/strong>: Uklju\u010duje obvezne predmete op\u0107eg obrazovanja (npr. Hrvatski jezik, Matematika, Strani jezik, Politika i gospodarstvo, Tjelesna i zdravstvena kultura, Informatika, \u010covjek i okolina) te obvezne strukovne module. Nastava se u pravilu izvodi <strong>modularno<\/strong>, uz mogu\u0107nost povezivanja s nastavnim predmetima.\n<ul class=\"wp-block-list\">\n<li><strong>Obvezni strukovni moduli<\/strong> uklju\u010duju: Za\u0161tita na radu u stolarskoj radionici, Osnove stolarstva (Ru\u010dno radno mjesto i radni prostori, Ru\u010dni alati, Vezovi i spojevi), Materijali i drvni proizvodi (Masivno drvo, furniri, Osnove drvnih i nedrvnih materijala, Poznavanje proizvoda), Su\u0161enje i savijanje drva (Stovari\u0161te gra\u0111e, Osnove su\u0161enja i savijanja drva), Ru\u010dni mehanizirani alati (za piljenje, blanjanje, bru\u0161enje, profiliranje, bu\u0161enje), Strojevi za obradu drva i drvnih materijala (Poznavanje strojeva, Strojevi za grubo krojenje), Skladi\u0161ta u stolarskoj radionici (alata i okova, suhe gra\u0111e i gotovih proizvoda), Komunikacija (Osnove komunikacijskih vje\u0161tina), Terenski rad (Asistencija stolaru), Strojevi za sekundarnu obradu drva (krojenje na to\u010dne dimenzije, oblaganje rubova, blanjanje, bu\u0161enje, profiliranje), Priprema podloge i sastavljanje drvnih proizvoda (za zavr\u0161no bojenje i lakiranje, sastavljanje i okivanje), Ukra\u0161avanje drva (crtanjem, ru\u010dnim rezbarenjem, pirografijom) te Transport i pakiranje (gotovih proizvoda, ru\u010dni transport).<\/li>\n<\/ul>\n<\/li>\n\n\n\n<li><strong>Materijalni uvjeti<\/strong>: Za izvedbu kurikuluma potrebna je standardna u\u010dionica opremljena ra\u010dunalom, projektorom, internetom, ra\u010dunalnim programima te stolarski praktikum i\/ili drvodjeljska tvrtka opremljena alatima i strojevima za obradu drva. Minimalni uvjeti stolarskog praktikuma uklju\u010duju ru\u010dna radna mjesta s odgovaraju\u0107im ru\u010dnim alatima, ru\u010dno mehanizirane alate, strojeve za obradu drva (piljenje, blanjanje, glodanje, bru\u0161enje, bu\u0161enje, dubljenje), skladi\u0161ne prostore, sustave za odsis piljevine te ormari\u0107e za osobne alate i za\u0161titnu opremu.<\/li>\n\n\n\n<li><strong>Prohodnost<\/strong>:\n<ul class=\"wp-block-list\">\n<li><strong>Horizontalna prohodnost<\/strong>: Nakon zavr\u0161ene \u0161kole, u\u010denici su osposobljeni za obavljanje pomo\u0107nih poslova unutar sektora \u0160umarstvo i drvna tehnologija, podsektoru Drvna tehnologija. Mogu se uklju\u010diti u programe osposobljavanja, usavr\u0161avanja i prekvalifikacije u sustavu cjelo\u017eivotnog u\u010denja.<\/li>\n\n\n\n<li><strong>Vertikalna prohodnost<\/strong>: Nakon ste\u010dene kvalifikacije, mogu\u0107 je nastavak obrazovanja na razinu <strong>4.1. HKO-a<\/strong>.<\/li>\n<\/ul>\n<\/li>\n\n\n\n<li><strong>Pra\u0107enje kvalitete<\/strong>: U procesu pra\u0107enja kvalitete primjenjuju se aktivnosti poput istra\u017eivanja i anonimnog anketiranja u\u010denika i nastavnika o izvo\u0111enju nastave, literaturi, podr\u0161ci u\u010denicima, radnom optere\u0107enju, provjerama znanja i komunikaciji. Tako\u0111er se provodi analiza uspjeha u\u010denika, prolaznosti, izostanaka, transparentnosti provjera i ostvarenosti ishoda u\u010denja, te analiza materijalnih i kadrovskih uvjeta. Postupci vrednovanja usmjereni su na pra\u0107enje i provjeru postignu\u0107a prema ishodima u\u010denja, usmenim i pisanim provjerama znanja te provjerama ste\u010denih vje\u0161tina kroz projektne i problemske zadatke.<\/li>\n<\/ul>\n\n\n\n<p><strong>Ciljevi posebnog kurikuluma:<\/strong><\/p>\n\n\n\n<p>U\u010denici \u0107e po zavr\u0161etku programa mo\u0107i:<\/p>\n\n\n\n<ol class=\"wp-block-list\" type=\"1\" start=\"1\">\n<li><strong>Prepoznati vrste opasnosti<\/strong> u stolarskoj radionici.<\/li>\n\n\n\n<li><strong>Koristiti za\u0161titna sredstva<\/strong> pri radu u stolarskoj radionici.<\/li>\n\n\n\n<li><strong>Izvesti po\u010detnu pripremu<\/strong> radnog prostora.<\/li>\n\n\n\n<li><strong>Prepoznati alate i okove<\/strong> u skladi\u0161tu alata i okova.<\/li>\n\n\n\n<li><strong>Koristiti odgovaraju\u0107i ru\u010dni alat<\/strong> za obradu drva.<\/li>\n\n\n\n<li><strong>Pravilno primijeniti alate za mjerenje i zacrtavanje<\/strong> na drvu i drvnim materijalima.<\/li>\n\n\n\n<li><strong>Razlikovati masivno drvo<\/strong> prema vrsti, namjeni i dimenzijama.<\/li>\n\n\n\n<li><strong>Asistirati kod ru\u010dne izrade spojeva i vezova<\/strong>.<\/li>\n\n\n\n<li><strong>Razlikovati drvne materijale<\/strong> prema vrsti i namjeni.<\/li>\n\n\n\n<li><strong>Razlikovati okove i zavr\u0161ne premaze<\/strong> prema vrsti i namjeni.<\/li>\n\n\n\n<li><strong>Sudjelovati u punjenju i pra\u017enjenju su\u0161ionice<\/strong>.<\/li>\n\n\n\n<li><strong>Razlikovati na\u010dine savijanja drva<\/strong>.<\/li>\n\n\n\n<li><strong>Razlikovati vrste gra\u0111evinske stolarije<\/strong>.<\/li>\n\n\n\n<li><strong>Prepoznati odgovaraju\u0107e ru\u010dne mehanizirane alate<\/strong> za piljenje i blanjanje drva i drvnih materijala.<\/li>\n\n\n\n<li><strong>Koristiti ru\u010dne mehanizirane alate<\/strong> prema uputama.<\/li>\n\n\n\n<li><strong>Asistirati prema uputama kod strojne izrade<\/strong> drvnih proizvoda.<\/li>\n\n\n\n<li><strong>Asistirati prema uputama kod sastavljanja i okivanja<\/strong> proizvoda.<\/li>\n\n\n\n<li><strong>Zapakirati gotove proizvode<\/strong> od drva i drvnih materijala prema uputama.<\/li>\n\n\n\n<li><strong>Ru\u010dno transportirati odgovaraju\u0107im sredstvom<\/strong> gotove proizvode, drvnu gra\u0111u i materijale.<\/li>\n\n\n\n<li><strong>Izraziti se crtanjem na drvu, ru\u010dnim rezbarenjem drva i tehnikom pirografije<\/strong>.<\/li>\n<\/ol>\n\n\n<div class=\"wp-block-image\">\n<figure class=\"aligncenter size-full\"><a href=\"https:\/\/www.tsd.hr\/site\/wp-content\/uploads\/2025\/06\/stolar_tablica-slika.png\"><img loading=\"lazy\" decoding=\"async\" width=\"949\" height=\"674\" src=\"https:\/\/www.tsd.hr\/site\/wp-content\/uploads\/2025\/06\/stolar_tablica-slika.png\" alt=\"\" class=\"wp-image-13979\" srcset=\"https:\/\/www.tsd.hr\/site\/wp-content\/uploads\/2025\/06\/stolar_tablica-slika.png 949w, https:\/\/www.tsd.hr\/site\/wp-content\/uploads\/2025\/06\/stolar_tablica-slika-300x213.png 300w, https:\/\/www.tsd.hr\/site\/wp-content\/uploads\/2025\/06\/stolar_tablica-slika-768x545.png 768w\" sizes=\"auto, (max-width: 949px) 100vw, 949px\" \/><\/a><\/figure>\n<\/div>","protected":false},"excerpt":{"rendered":"<p>Sektor: \u0160umarstvo i drvna tehnologija Naziv kurikula strukovnog obrazovanja: Pomo\u0107ni stolar \/ Pomo\u0107na stolarica Kvalifikacija koja se stje\u010de zavr\u0161etkom obrazovanja: Pomo\u0107ni stolar \/ Pomo\u0107na stolarica Razina kvalifikacije prema HKO-u: 3 Minimalan obujam kvalifikacije (CSVET): 126 CSVET Uvjeti za upis strukovnog kurikula: Kvalifikacija na 1. razini HKO-a: Dokaz o nepostojanju zdravstvenih kontraindikacija za navedenu kvalifikaciju sukladno [&hellip;]<\/p>\n","protected":false},"author":3,"featured_media":0,"parent":84,"menu_order":0,"comment_status":"closed","ping_status":"closed","template":"","meta":{"footnotes":""},"class_list":["post-13977","page","type-page","status-publish","hentry"],"_links":{"self":[{"href":"https:\/\/www.tsd.hr\/site\/wp-json\/wp\/v2\/pages\/13977","targetHints":{"allow":["GET"]}}],"collection":[{"href":"https:\/\/www.tsd.hr\/site\/wp-json\/wp\/v2\/pages"}],"about":[{"href":"https:\/\/www.tsd.hr\/site\/wp-json\/wp\/v2\/types\/page"}],"author":[{"embeddable":true,"href":"https:\/\/www.tsd.hr\/site\/wp-json\/wp\/v2\/users\/3"}],"replies":[{"embeddable":true,"href":"https:\/\/www.tsd.hr\/site\/wp-json\/wp\/v2\/comments?post=13977"}],"version-history":[{"count":1,"href":"https:\/\/www.tsd.hr\/site\/wp-json\/wp\/v2\/pages\/13977\/revisions"}],"predecessor-version":[{"id":13980,"href":"https:\/\/www.tsd.hr\/site\/wp-json\/wp\/v2\/pages\/13977\/revisions\/13980"}],"up":[{"embeddable":true,"href":"https:\/\/www.tsd.hr\/site\/wp-json\/wp\/v2\/pages\/84"}],"wp:attachment":[{"href":"https:\/\/www.tsd.hr\/site\/wp-json\/wp\/v2\/media?parent=13977"}],"curies":[{"name":"wp","href":"https:\/\/api.w.org\/{rel}","templated":true}]}}