{"id":150,"date":"2023-06-30T15:54:00","date_gmt":"2023-06-30T13:54:00","guid":{"rendered":"http:\/\/www.tsd.hr\/site\/?page_id=150"},"modified":"2023-07-04T12:46:23","modified_gmt":"2023-07-04T10:46:23","slug":"tehnicar-cestovnog-prometa","status":"publish","type":"page","link":"https:\/\/www.tsd.hr\/site\/obrazovni-programi\/tehnicar-cestovnog-prometa\/","title":{"rendered":"Tehni\u010dar cestovnog prometa"},"content":{"rendered":"<h2 style=\"padding-left: 120px;\">Zanimanje: Tehni\u010dar cestovnog prometa<\/h2>\n<p><iframe loading=\"lazy\" src=\"https:\/\/www.youtube.com\/embed\/YyD1CAf3TJo\" width=\"560\" height=\"315\" frameborder=\"0\" align=\"middle\" allowfullscreen=\"allowfullscreen\"><\/iframe><\/p>\n<p style=\"text-align: left; padding-left: 120px;\">Prikuplja, analizira i prati podatke bitne za obavljanje usluga u cestovnom prometu, izra\u0111uje kalkulacije cijena prijevoza, kao i redova vo\u017enje, vodi dokumentaciju u otpremni\u010dko-\u0161pediterskim poslovima i\u00a0administrativne poslove osiguravanja putnika i tereta.<br \/>\n<strong>Mogu\u0107nost zaposlenja<\/strong>: Poduze\u0107a koja se bave uslugama cestovnog prometa putnika ili tereta, autobusni kolodvori, cestovno-teretni terminali, prometna policija, stanice za tehni\u010dki pregled vozila.<br \/>\n<strong>Zdravstveni zahtjevi:<\/strong><br \/>\nuredan vid, raspoznavanje osnovnih boja, uredan sluh, uredna funkcija gornjih ekstremiteta, uredno kognitivno i emocionalno funkcioniranje<br \/>\n<strong>Dokumenti za upis:<\/strong><br \/>\nupisnica<br \/>\npotvrda nadle\u017enog \u0161kolskog lije\u010dnika<\/p>\n<table border=\"1\" cellspacing=\"0\" cellpadding=\"0\">\n<tbody>\n<tr>\n<td style=\"text-align: left;\" valign=\"top\" width=\"199\">\u0160ifra<\/td>\n<td valign=\"top\" width=\"288\">140304<\/td>\n<\/tr>\n<tr>\n<td valign=\"top\" width=\"199\">Obrazovni sektor:<\/td>\n<td valign=\"top\" width=\"288\">Cestovni promet<\/td>\n<\/tr>\n<tr>\n<td valign=\"top\" width=\"199\">Podsektor:<\/td>\n<td valign=\"top\" width=\"288\">Promet i logistika<\/td>\n<\/tr>\n<\/tbody>\n<\/table>\n<h2 style=\"text-align: center;\">NASTAVNI PLAN<\/h2>\n<table border=\"1\" cellspacing=\"0\" cellpadding=\"0\">\n<tbody>\n<tr>\n<td width=\"45\">\n<p align=\"center\"><strong>R.br.<\/strong><\/p>\n<\/td>\n<td width=\"262\">\n<p align=\"center\"><strong>Predmet<\/strong><\/p>\n<\/td>\n<td width=\"84\">\n<p align=\"center\"><strong>1. razred<\/strong><\/p>\n<\/td>\n<td width=\"84\">\n<p align=\"center\"><strong>2. razred<\/strong><\/p>\n<\/td>\n<td width=\"84\">\n<p align=\"center\"><strong>3. razred<\/strong><\/p>\n<\/td>\n<td width=\"82\">\n<p align=\"center\"><strong>4. razred<\/strong><\/p>\n<\/td>\n<\/tr>\n<tr>\n<td style=\"text-align: right;\" width=\"45\">1.<\/td>\n<td width=\"262\">Hrvatski jezik<\/td>\n<td width=\"84\">\n<p align=\"center\">4<\/p>\n<\/td>\n<td width=\"84\">\n<p align=\"center\">4<\/p>\n<\/td>\n<td width=\"84\">\n<p align=\"center\">3<\/p>\n<\/td>\n<td width=\"82\">\n<p align=\"center\">3<\/p>\n<\/td>\n<\/tr>\n<tr>\n<td style=\"text-align: right;\" width=\"45\">2.<\/td>\n<td width=\"262\">Strani jezik<\/td>\n<td width=\"84\">\n<p align=\"center\">2<\/p>\n<\/td>\n<td width=\"84\">\n<p align=\"center\">2<\/p>\n<\/td>\n<td width=\"84\">\n<p align=\"center\">2<\/p>\n<\/td>\n<td width=\"82\">\n<p align=\"center\">2<\/p>\n<\/td>\n<\/tr>\n<tr>\n<td style=\"text-align: right;\" width=\"45\">3.<\/td>\n<td width=\"262\">Povijest<\/td>\n<td width=\"84\">\n<p align=\"center\">2<\/p>\n<\/td>\n<td width=\"84\">\n<p align=\"center\">2<\/p>\n<\/td>\n<td width=\"84\">\n<p align=\"center\">0<\/p>\n<\/td>\n<td width=\"82\">\n<p align=\"center\">0<\/p>\n<\/td>\n<\/tr>\n<tr>\n<td style=\"text-align: right;\" width=\"45\">4.<\/td>\n<td width=\"262\">Geografija<\/td>\n<td width=\"84\">\n<p align=\"center\">2<\/p>\n<\/td>\n<td width=\"84\">\n<p align=\"center\">2<\/p>\n<\/td>\n<td width=\"84\">\n<p align=\"center\">0<\/p>\n<\/td>\n<td width=\"82\">\n<p align=\"center\">0<\/p>\n<\/td>\n<\/tr>\n<tr>\n<td style=\"text-align: right;\" width=\"45\">5.<\/td>\n<td width=\"262\">Etika<\/td>\n<td width=\"84\">\n<p align=\"center\">1<\/p>\n<\/td>\n<td width=\"84\">\n<p align=\"center\">1<\/p>\n<\/td>\n<td width=\"84\">\n<p align=\"center\">1<\/p>\n<\/td>\n<td width=\"82\">\n<p align=\"center\">1<\/p>\n<\/td>\n<\/tr>\n<tr>\n<td style=\"text-align: right;\" width=\"45\">6.<\/td>\n<td width=\"262\">Vjeronauk<\/td>\n<td width=\"84\">\n<p align=\"center\">1<\/p>\n<\/td>\n<td width=\"84\">\n<p align=\"center\">1<\/p>\n<\/td>\n<td width=\"84\">\n<p align=\"center\">1<\/p>\n<\/td>\n<td width=\"82\">\n<p align=\"center\">1<\/p>\n<\/td>\n<\/tr>\n<tr>\n<td style=\"text-align: right;\" width=\"45\">7.<\/td>\n<td width=\"262\">Tjelesna i zdravstvena kultura<\/td>\n<td width=\"84\">\n<p align=\"center\">2<\/p>\n<\/td>\n<td width=\"84\">\n<p align=\"center\">2<\/p>\n<\/td>\n<td width=\"84\">\n<p align=\"center\">2<\/p>\n<\/td>\n<td width=\"82\">\n<p align=\"center\">2<\/p>\n<\/td>\n<\/tr>\n<tr>\n<td style=\"text-align: right;\" width=\"45\">8.<\/td>\n<td width=\"262\">Politika i gospodarstvo<\/td>\n<td width=\"84\">\n<p align=\"center\">0<\/p>\n<\/td>\n<td width=\"84\">\n<p align=\"center\">0<\/p>\n<\/td>\n<td width=\"84\">\n<p align=\"center\">2<\/p>\n<\/td>\n<td width=\"82\">\n<p align=\"center\">0<\/p>\n<\/td>\n<\/tr>\n<tr>\n<td style=\"text-align: right;\" width=\"45\">9.<\/td>\n<td width=\"262\">Matematika<\/td>\n<td width=\"84\">\n<p align=\"center\">4<\/p>\n<\/td>\n<td width=\"84\">\n<p align=\"center\">4<\/p>\n<\/td>\n<td width=\"84\">\n<p align=\"center\">3<\/p>\n<\/td>\n<td width=\"82\">\n<p align=\"center\">3<\/p>\n<\/td>\n<\/tr>\n<tr>\n<td style=\"text-align: right;\" width=\"45\">10.<\/td>\n<td width=\"262\">Fizika<\/td>\n<td width=\"84\">\n<p align=\"center\">2<\/p>\n<\/td>\n<td width=\"84\">\n<p align=\"center\">3<\/p>\n<\/td>\n<td width=\"84\">\n<p align=\"center\">0<\/p>\n<\/td>\n<td width=\"82\">\n<p align=\"center\">0<\/p>\n<\/td>\n<\/tr>\n<tr>\n<td style=\"text-align: right;\" width=\"45\">11.<\/td>\n<td width=\"262\">Kemija<\/td>\n<td width=\"84\">\n<p align=\"center\">2<\/p>\n<\/td>\n<td width=\"84\">\n<p align=\"center\">0<\/p>\n<\/td>\n<td width=\"84\">\n<p align=\"center\">0<\/p>\n<\/td>\n<td width=\"82\">\n<p align=\"center\">0<\/p>\n<\/td>\n<\/tr>\n<tr>\n<td style=\"text-align: right;\" width=\"45\">12.<\/td>\n<td width=\"262\">Za\u0161tita okoli\u0161a<\/td>\n<td width=\"84\">\n<p align=\"center\">2<\/p>\n<\/td>\n<td width=\"84\">\n<p align=\"center\">0<\/p>\n<\/td>\n<td width=\"84\">\n<p align=\"center\">0<\/p>\n<\/td>\n<td width=\"82\">\n<p align=\"center\">0<\/p>\n<\/td>\n<\/tr>\n<tr>\n<td style=\"text-align: right;\" width=\"45\">13.<\/td>\n<td width=\"262\">Osnove prijevoza i prijenosa<\/td>\n<td width=\"84\">\n<p align=\"center\">2<\/p>\n<\/td>\n<td width=\"84\">\n<p align=\"center\">0<\/p>\n<\/td>\n<td width=\"84\">\n<p align=\"center\">0<\/p>\n<\/td>\n<td width=\"82\">\n<p align=\"center\">0<\/p>\n<\/td>\n<\/tr>\n<tr>\n<td style=\"text-align: right;\" width=\"45\">14.<\/td>\n<td width=\"262\">Ra\u010dunalstvo<\/td>\n<td width=\"84\">\n<p align=\"center\">2<\/p>\n<\/td>\n<td width=\"84\">\n<p align=\"center\">0<\/p>\n<\/td>\n<td width=\"84\">\n<p align=\"center\">0<\/p>\n<\/td>\n<td width=\"82\">\n<p align=\"center\">0<\/p>\n<\/td>\n<\/tr>\n<tr>\n<td style=\"text-align: right;\" width=\"45\">15.<\/td>\n<td width=\"262\">Goriva i maziva<\/td>\n<td width=\"84\">\n<p align=\"center\">0<\/p>\n<\/td>\n<td width=\"84\">\n<p align=\"center\">2<\/p>\n<\/td>\n<td width=\"84\">\n<p align=\"center\">0<\/p>\n<\/td>\n<td width=\"82\">\n<p align=\"center\">0<\/p>\n<\/td>\n<\/tr>\n<tr>\n<td style=\"text-align: right;\" width=\"45\">16.<\/td>\n<td width=\"262\">Za\u0161tita na radu<\/td>\n<td width=\"84\">\n<p align=\"center\">0<\/p>\n<\/td>\n<td width=\"84\">\n<p align=\"center\">1<\/p>\n<\/td>\n<td width=\"84\">\n<p align=\"center\">0<\/p>\n<\/td>\n<td width=\"82\">\n<p align=\"center\">0<\/p>\n<\/td>\n<\/tr>\n<tr>\n<td style=\"text-align: right;\" width=\"45\">17.<\/td>\n<td width=\"262\">Cestovne gra\u0111evine<\/td>\n<td width=\"84\">\n<p align=\"center\">0<\/p>\n<\/td>\n<td width=\"84\">\n<p align=\"center\">2<\/p>\n<\/td>\n<td width=\"84\">\n<p align=\"center\">0<\/p>\n<\/td>\n<td width=\"82\">\n<p align=\"center\">0<\/p>\n<\/td>\n<\/tr>\n<tr>\n<td style=\"text-align: right;\" width=\"45\">18.<\/td>\n<td width=\"262\">Strojarstvo<\/td>\n<td width=\"84\">\n<p align=\"center\">3<\/p>\n<\/td>\n<td width=\"84\">\n<p align=\"center\">0<\/p>\n<\/td>\n<td width=\"84\">\n<p align=\"center\">0<\/p>\n<\/td>\n<td width=\"82\">\n<p align=\"center\">0<\/p>\n<\/td>\n<\/tr>\n<tr>\n<td style=\"text-align: right;\" width=\"45\">19.<\/td>\n<td width=\"262\">Cestovna vozila<\/td>\n<td width=\"84\">\n<p align=\"center\">0<\/p>\n<\/td>\n<td width=\"84\">\n<p align=\"center\">2<\/p>\n<\/td>\n<td width=\"84\">\n<p align=\"center\">2<\/p>\n<\/td>\n<td width=\"82\">\n<p align=\"center\">2<\/p>\n<\/td>\n<\/tr>\n<tr>\n<td style=\"text-align: right;\" width=\"45\">20.<\/td>\n<td width=\"262\">Statistika<\/td>\n<td width=\"84\">\n<p align=\"center\">0<\/p>\n<\/td>\n<td width=\"84\">\n<p align=\"center\">0<\/p>\n<\/td>\n<td width=\"84\">\n<p align=\"center\">2<\/p>\n<\/td>\n<td width=\"82\">\n<p align=\"center\">0<\/p>\n<\/td>\n<\/tr>\n<tr>\n<td style=\"text-align: right;\" width=\"45\">21.<\/td>\n<td width=\"262\">Propisi u cestovnom prometu<\/td>\n<td width=\"84\">\n<p align=\"center\">0<\/p>\n<\/td>\n<td width=\"84\">\n<p align=\"center\">0<\/p>\n<\/td>\n<td width=\"84\">\n<p align=\"center\">2<\/p>\n<\/td>\n<td width=\"82\">\n<p align=\"center\">0<\/p>\n<\/td>\n<\/tr>\n<tr>\n<td style=\"text-align: right;\" width=\"45\">22.<\/td>\n<td width=\"262\">Prva pomo\u0107 u cestovnom prometu<\/td>\n<td width=\"84\">\n<p align=\"center\">0<\/p>\n<\/td>\n<td width=\"84\">\n<p align=\"center\">0<\/p>\n<\/td>\n<td width=\"84\">\n<p align=\"center\">1<\/p>\n<\/td>\n<td width=\"82\">\n<p align=\"center\">0<\/p>\n<\/td>\n<\/tr>\n<tr>\n<td style=\"text-align: right;\" width=\"45\">23.<\/td>\n<td width=\"262\">Prijevoz tereta<\/td>\n<td width=\"84\">\n<p align=\"center\">0<\/p>\n<\/td>\n<td width=\"84\">\n<p align=\"center\">0<\/p>\n<\/td>\n<td width=\"84\">\n<p align=\"center\">3<\/p>\n<\/td>\n<td width=\"82\">\n<p align=\"center\">0<\/p>\n<\/td>\n<\/tr>\n<tr>\n<td style=\"text-align: right;\" width=\"45\">24.<\/td>\n<td width=\"262\">Prometna tehnika<\/td>\n<td width=\"84\">\n<p align=\"center\">0<\/p>\n<\/td>\n<td width=\"84\">\n<p align=\"center\">0<\/p>\n<\/td>\n<td width=\"84\">\n<p align=\"center\">2<\/p>\n<\/td>\n<td width=\"82\">\n<p align=\"center\">3<\/p>\n<\/td>\n<\/tr>\n<tr>\n<td style=\"text-align: right;\" width=\"45\">25.<\/td>\n<td width=\"262\">Poslovanje poduze\u0107a u cestovnom prom.<\/td>\n<td width=\"84\">\n<p align=\"center\">0<\/p>\n<\/td>\n<td width=\"84\">\n<p align=\"center\">0<\/p>\n<\/td>\n<td width=\"84\">\n<p align=\"center\">2<\/p>\n<\/td>\n<td width=\"82\">\n<p align=\"center\">2<\/p>\n<\/td>\n<\/tr>\n<tr>\n<td style=\"text-align: right;\" width=\"45\">26.<\/td>\n<td width=\"262\">Ekonomika prometa<\/td>\n<td width=\"84\">\n<p align=\"center\">0<\/p>\n<\/td>\n<td width=\"84\">\n<p align=\"center\">0<\/p>\n<\/td>\n<td width=\"84\">\n<p align=\"center\">0<\/p>\n<\/td>\n<td width=\"82\">\n<p align=\"center\">2<\/p>\n<\/td>\n<\/tr>\n<tr>\n<td style=\"text-align: right;\" width=\"45\">27.<\/td>\n<td width=\"262\">Prijevoz putnika<\/td>\n<td width=\"84\">\n<p align=\"center\">0<\/p>\n<\/td>\n<td width=\"84\">\n<p align=\"center\">0<\/p>\n<\/td>\n<td width=\"84\">\n<p align=\"center\">0<\/p>\n<\/td>\n<td width=\"82\">\n<p align=\"center\">3<\/p>\n<\/td>\n<\/tr>\n<tr>\n<td style=\"text-align: right;\" width=\"45\">28.<\/td>\n<td width=\"262\">Otpremni\u0161tvo<\/td>\n<td width=\"84\">\n<p align=\"center\">0<\/p>\n<\/td>\n<td width=\"84\">\n<p align=\"center\">0<\/p>\n<\/td>\n<td width=\"84\">\n<p align=\"center\">0<\/p>\n<\/td>\n<td width=\"82\">\n<p align=\"center\">2<\/p>\n<\/td>\n<\/tr>\n<tr>\n<td style=\"text-align: right;\" width=\"45\">29.<\/td>\n<td width=\"262\">Prakti\u010dna nastava<\/td>\n<td width=\"84\">\n<p align=\"center\">0<\/p>\n<\/td>\n<td width=\"84\">\n<p align=\"center\">2<\/p>\n<\/td>\n<td width=\"84\">\n<p align=\"center\">2<\/p>\n<\/td>\n<td width=\"82\">\n<p align=\"center\">7<\/p>\n<\/td>\n<\/tr>\n<tr>\n<td style=\"text-align: right;\" width=\"45\">30.<\/td>\n<td width=\"262\">Stru\u010dna praksa<\/td>\n<td width=\"84\">\n<p align=\"center\">0<\/p>\n<\/td>\n<td width=\"84\">\n<p align=\"center\">0<\/p>\n<\/td>\n<td width=\"84\">\n<p align=\"center\">0<\/p>\n<\/td>\n<td width=\"82\">\n<p align=\"center\">0<\/p>\n<\/td>\n<\/tr>\n<tr>\n<td style=\"text-align: right;\" width=\"45\">31.<\/td>\n<td width=\"262\">Izborna nastava<\/td>\n<td width=\"84\">\n<p align=\"center\">2<\/p>\n<\/td>\n<td width=\"84\">\n<p align=\"center\">2<\/p>\n<\/td>\n<td width=\"84\">\n<p align=\"center\">2<\/p>\n<\/td>\n<td width=\"82\">\n<p align=\"center\">2<\/p>\n<\/td>\n<\/tr>\n<tr>\n<td style=\"text-align: right;\" width=\"45\">32.<\/td>\n<td width=\"262\">Upravljanje motornim vozilom<\/td>\n<td width=\"84\">\n<p align=\"center\">0<\/p>\n<\/td>\n<td width=\"84\">\n<p align=\"center\">0<\/p>\n<\/td>\n<td width=\"84\">\n<p align=\"center\">0<\/p>\n<\/td>\n<td width=\"82\">\n<p align=\"center\">1,5<\/p>\n<\/td>\n<\/tr>\n<\/tbody>\n<\/table>\n","protected":false},"excerpt":{"rendered":"<p>Zanimanje: Tehni\u010dar cestovnog prometa Prikuplja, analizira i prati podatke bitne za obavljanje usluga u cestovnom prometu, izra\u0111uje kalkulacije cijena prijevoza, kao i redova vo\u017enje, vodi dokumentaciju u otpremni\u010dko-\u0161pediterskim poslovima i\u00a0administrativne poslove osiguravanja putnika i tereta. Mogu\u0107nost zaposlenja: Poduze\u0107a koja se bave uslugama cestovnog prometa putnika ili tereta, autobusni kolodvori, cestovno-teretni terminali, prometna policija, stanice za [&hellip;]<\/p>\n","protected":false},"author":2,"featured_media":0,"parent":84,"menu_order":0,"comment_status":"open","ping_status":"open","template":"","meta":{"footnotes":""},"class_list":["post-150","page","type-page","status-publish","hentry"],"_links":{"self":[{"href":"https:\/\/www.tsd.hr\/site\/wp-json\/wp\/v2\/pages\/150","targetHints":{"allow":["GET"]}}],"collection":[{"href":"https:\/\/www.tsd.hr\/site\/wp-json\/wp\/v2\/pages"}],"about":[{"href":"https:\/\/www.tsd.hr\/site\/wp-json\/wp\/v2\/types\/page"}],"author":[{"embeddable":true,"href":"https:\/\/www.tsd.hr\/site\/wp-json\/wp\/v2\/users\/2"}],"replies":[{"embeddable":true,"href":"https:\/\/www.tsd.hr\/site\/wp-json\/wp\/v2\/comments?post=150"}],"version-history":[{"count":5,"href":"https:\/\/www.tsd.hr\/site\/wp-json\/wp\/v2\/pages\/150\/revisions"}],"predecessor-version":[{"id":12123,"href":"https:\/\/www.tsd.hr\/site\/wp-json\/wp\/v2\/pages\/150\/revisions\/12123"}],"up":[{"embeddable":true,"href":"https:\/\/www.tsd.hr\/site\/wp-json\/wp\/v2\/pages\/84"}],"wp:attachment":[{"href":"https:\/\/www.tsd.hr\/site\/wp-json\/wp\/v2\/media?parent=150"}],"curies":[{"name":"wp","href":"https:\/\/api.w.org\/{rel}","templated":true}]}}