{"id":166,"date":"2016-07-14T08:01:55","date_gmt":"2016-07-14T06:01:55","guid":{"rendered":"http:\/\/www.tsd.hr\/site\/?page_id=166"},"modified":"2019-04-03T22:40:03","modified_gmt":"2019-04-03T20:40:03","slug":"elektroinstalater","status":"publish","type":"page","link":"https:\/\/www.tsd.hr\/site\/obrazovni-programi\/elektroinstalater\/","title":{"rendered":"Elektroinstalater"},"content":{"rendered":"<h2><strong><u>ELEKTROINSTALATER\/ELEKTROINSTALATERKA &#8211; JMO<\/u><\/strong><\/h2>\n<p><iframe loading=\"lazy\" width=\"560\" height=\"315\" src=\"https:\/\/www.youtube.com\/embed\/ov5VBXDXgKM\" frameborder=\"0\" allow=\"accelerometer; autoplay; encrypted-media; gyroscope; picture-in-picture\" allowfullscreen><\/iframe><\/p>\n<p><strong>Vrsta i tip programa<\/strong>: Strukovni program trogodi\u0161njeg trajanja obrazovanja za obrtni\u0161tvo \u2013 jedinstveni model obrazovanja<br \/>\n<strong>Obrazovni sektor<\/strong>: elektrotehnika i ra\u010dunalstvo<\/p>\n<p><strong>\u0160ifra zanimanja<\/strong>: 042153<\/p>\n<ul>\n<li><strong>Opis zanimanja<\/strong>:<\/li>\n<\/ul>\n<p>Postavlja, ispituje, stavlja u pogon i odr\u017eava niskonaponske instalacije i postrojenja za raspodjelu elektri\u010dne energije, antenske i komunikacijske instalacije, uzemljenja i gromobrane te postrojenja za izjedna\u010davanje potencijala, rasvjetnih ure\u0111aja i rezervnih izvora elektri\u010dne energije.<br \/>\nElektroinstalater radi na poslovima postavljanja i popravaka elektri\u010dnih instalacija, monta\u017ei i demonta\u017ei elektri\u010dne rasvjete, ispitivanju i otklanjanju neispravnosti instalacija i rasvjete. Tako\u0111er, radi na obilje\u017eavanju instalacija, postavljanju cijevi i vodova, ugradnji razvodnih ormara, priklju\u010dnih elemenata, elektri\u010dnih ure\u0111aja i elektroopreme. Va\u017ean dio posla elektroinstalatera odnosi se na preventivno odr\u017eavanje elektri\u010dne opreme. Samostalno zamjenjuju dijelove elektri\u010dne opreme: sklopke, elektri\u010dne provodnike i elektri\u010dne komponente.<br \/>\nU radu se slu\u017ei standardnim elektroinstalaterskim alatom: kombiniranim klije\u0161tima, \u010deki\u0107em, klju\u010devima raznih veli\u010dina, bu\u0161ilicom, instrumentima za mjerenje napona i ispitivanje jakosti struje i dr.<br \/>\nAko je zaposlen u uredima i poduze\u0107ima, popravlja elektri\u010dnu opremu, a ako radi u industrijskim postrojenjima, tada postavlja i odr\u017eava elektri\u010dnu opremu te sudjeluje u odr\u017eavanju i popravcima razli\u010ditih vrsta motora. Kada radi na slo\u017eenim ure\u0111ajima u industrijskim pogonima, sura\u0111uje s in\u017eenjerima, elektromehani\u010darima i tehni\u010darima razli\u010ditih profila.<\/p>\n<ul>\n<li><strong>Zdravstveni zahtjevi<\/strong>:<\/li>\n<\/ul>\n<p>Uredan vid, dubinski (prostorni) vid i raspoznavanje boja, uredan sluh, uredna ravnote\u017ea i stabilno stanje svijesti, uredno kognitivno, emocionalno i psihomotori\u010dko funkcioniranje, uredna funkcija mi\u0161i\u0107no-ko\u0161tanog sustava, uredna funkcija sr\u010dano-\u017eilnog i di\u0161nog sustava.<br \/>\nKada je kandidatu s te\u0161ko\u0107ama dostupna odgovaraju\u0107a prilagodba, navedeni zdravstveni zahtjevi za navedeni program ne uzimaju se u obzir.<\/p>\n<ul>\n<li><strong>Potrebni dokumenti za upis<\/strong>: lije\u010dni\u010dka svjedod\u017eba medicine rada i ugovor o naukovanju<\/li>\n<\/ul>\n<ul>\n<li><strong>Nastavni plan i program<\/strong>:<\/li>\n<\/ul>\n<p><a href=\"http:\/\/www.tsd.hr\/site\/wp-content\/uploads\/2009\/08\/EI.png\" rel=\"attachment wp-att-5136\"><img loading=\"lazy\" decoding=\"async\" class=\"alignnone size-full wp-image-5136\" src=\"http:\/\/www.tsd.hr\/site\/wp-content\/uploads\/2009\/08\/EI.png\" alt=\"EI\" width=\"616\" height=\"630\" srcset=\"https:\/\/www.tsd.hr\/site\/wp-content\/uploads\/2009\/08\/EI.png 616w, https:\/\/www.tsd.hr\/site\/wp-content\/uploads\/2009\/08\/EI-293x300.png 293w\" sizes=\"auto, (max-width: 616px) 100vw, 616px\" \/><\/a><\/p>\n<p>*Prakti\u010dnu nastavu u\u010denici obavljaju svaki drugi tjedan (6 dana nastave, 4 dana prakse), u licenciranim obrtima i radionicama, te \u0161kolskoj radionici.<\/p>\n<ul>\n<li>Zavr\u0161etak srednjo\u0161kolskog programa obrazovanja u\u010denici zavr\u0161avaju izradom i obranom zavr\u0161nog rada i tako stje\u010du kvalifikaciju za tr\u017ei\u0161te rada. Po zavr\u0161etku strukovne kvalifikacije kandidati mogu prijavljivati i pomo\u0107ni\u010dki ispit.<\/li>\n<\/ul>\n<ul>\n<li>U\u010denici mogu nastaviti obrazovanje za vi\u0161u razinu kvalifikacije (zanimanje \u010detverogodi\u0161njeg trajanja) u statusu redovitog u\u010denika u pravilu unutar istoga obrazovnog sektora u kojem je ste\u010deno prethodno strukovno obrazovanje.<\/li>\n<\/ul>\n<p>Po zavr\u0161etku vi\u0161e razine kvalifikacije u\u010denici mogu polagati ispite dr\u017eavne mature koji im omogu\u0107uju nastavak \u0161kolovanja na visoko\u0161kolskoj razini.<\/p>\n<ul>\n<li><strong>Znanja, vje\u0161tine i po\u017eeljne osobine<\/strong><\/li>\n<\/ul>\n<p>Osoba koja radi kao elektroinstalater, mora biti u dobroj tjelesnoj kondiciji, zdrave kralje\u017enice i bez smetnji i straha od visine. Mora imati dobar vid na blizinu i daljinu te razlikovati boje. Zbog nagla\u0161enog rada ruku i prstiju, mora imati spretne ruke i prste te dobru uskla\u0111enost pokreta s vidnim podacima.<br \/>\nElektroinstalater mora imati dobro razvijenu sposobnost koncentracije, sistemati\u010dnosti i preciznost u radu te mora biti oprezan &#8211; u skladu s primjenom mjera za\u0161tite na radu. Alkoholizam i druge ovisnosti zapreka su za obavljanje radnih zada\u0107a elektroinstalatera. Osobe sa smanjenim intelektualnim sposobnostima ne mogu svladati zahtjeve ovog zanimanja. Nemogu\u0107nost razlikovanja boja tako\u0111er onemogu\u0107uje rad u ovom zanimanju.<\/p>\n<ul>\n<li><strong>Uvjeti rada <\/strong><\/li>\n<\/ul>\n<p>Uvjeti rada elektroinstalatera ovise o mjestu zapo\u0161ljavanja. Elektroinstalater \u010desto radi u neugodnim polo\u017eajima. Kada ugra\u0111uje elektri\u010dne instalacije i rasvjetu u objekte koji su u izgradnji, obi\u010dno radi stoje\u0107i na ljestvama ili skelama koje mogu biti postavljene na visini. Pri tom je izlo\u017een negativnim vremenskim utjecajima, buci i pra\u0161ini. Tijekom rada prijeti mu opasnost od strujnog udara, pada s visine i ozljeda. Zbog mogu\u0107ih ozljeda na radu, elektroinstalater mora poznavati i primjenjivati mjere za\u0161tite na radu. Obi\u010dno radi 40 sati tjedno, a nekada i vi\u0161e &#8211; ovisno o opsegu posla i zadanim rokovima. Tada je mogu\u0107 rad u smjenama i rad vikendom.<br \/>\nKontraindikacije za rad su o\u0161te\u0107enje funkcije vida, neraspoznavanje boja, nedostatak stereovida, gluho\u0107a ili te\u017ea nagluhost u govornom podru\u010dju, kroni\u010dni poreme\u0107aji koji remete kognitivno, emocionalno i psihomotori\u010dko funkcioniranje, kroni\u010dni poreme\u0107aji koji remete funkciju mi\u0161i\u0107no-ko\u0161tanog sustava, kroni\u010dne bolesti koje trajno remete funkciju sr\u010dano-\u017eilnog i di\u0161nog sustava, te kroni\u010dne poreme\u0107aji koje mogu dovesti do gubitka svijesti i\/ili poreme\u0107aja ravnote\u017ee.<strong>\u00a0<\/strong><\/p>\n<ul>\n<li><strong>Mogu\u0107nosti zapo\u0161ljavanja<\/strong><\/li>\n<\/ul>\n<p>Elektroinstalateri se naj\u010de\u0161\u0107e zapo\u0161ljavaju u obrtima, poduze\u0107ima, industrijskim pogonima te trgovinama elektro-materijalom. Ako polo\u017ee majstorski ispit mogu otvoriti i vlastiti obrt.<\/p>\n","protected":false},"excerpt":{"rendered":"<p>ELEKTROINSTALATER\/ELEKTROINSTALATERKA &#8211; JMO Vrsta i tip programa: Strukovni program trogodi\u0161njeg trajanja obrazovanja za obrtni\u0161tvo \u2013 jedinstveni model obrazovanja Obrazovni sektor: elektrotehnika i ra\u010dunalstvo \u0160ifra zanimanja: 042153 Opis zanimanja: Postavlja, ispituje, stavlja u pogon i odr\u017eava niskonaponske instalacije i postrojenja za raspodjelu elektri\u010dne energije, antenske i komunikacijske instalacije, uzemljenja i gromobrane te postrojenja za izjedna\u010davanje potencijala, [&hellip;]<\/p>\n","protected":false},"author":2,"featured_media":0,"parent":84,"menu_order":0,"comment_status":"open","ping_status":"open","template":"","meta":{"footnotes":""},"class_list":["post-166","page","type-page","status-publish","hentry"],"_links":{"self":[{"href":"https:\/\/www.tsd.hr\/site\/wp-json\/wp\/v2\/pages\/166","targetHints":{"allow":["GET"]}}],"collection":[{"href":"https:\/\/www.tsd.hr\/site\/wp-json\/wp\/v2\/pages"}],"about":[{"href":"https:\/\/www.tsd.hr\/site\/wp-json\/wp\/v2\/types\/page"}],"author":[{"embeddable":true,"href":"https:\/\/www.tsd.hr\/site\/wp-json\/wp\/v2\/users\/2"}],"replies":[{"embeddable":true,"href":"https:\/\/www.tsd.hr\/site\/wp-json\/wp\/v2\/comments?post=166"}],"version-history":[{"count":5,"href":"https:\/\/www.tsd.hr\/site\/wp-json\/wp\/v2\/pages\/166\/revisions"}],"predecessor-version":[{"id":8332,"href":"https:\/\/www.tsd.hr\/site\/wp-json\/wp\/v2\/pages\/166\/revisions\/8332"}],"up":[{"embeddable":true,"href":"https:\/\/www.tsd.hr\/site\/wp-json\/wp\/v2\/pages\/84"}],"wp:attachment":[{"href":"https:\/\/www.tsd.hr\/site\/wp-json\/wp\/v2\/media?parent=166"}],"curies":[{"name":"wp","href":"https:\/\/api.w.org\/{rel}","templated":true}]}}