{"id":173,"date":"2009-08-02T20:43:56","date_gmt":"2009-08-02T18:43:56","guid":{"rendered":"http:\/\/www.tsd.hr\/site\/?page_id=173"},"modified":"2016-07-14T08:44:04","modified_gmt":"2016-07-14T06:44:04","slug":"elektromehanicar","status":"publish","type":"page","link":"https:\/\/www.tsd.hr\/site\/obrazovni-programi\/elektromehanicar\/","title":{"rendered":"Elektromehani\u010dar"},"content":{"rendered":"<h2><strong><u>ELEKTROMEHANI\u010cAR\/ELEKTROMEHANI\u010cARKA &#8211; JMO<\/u><\/strong><\/h2>\n<p><strong>Vrsta i tip programa<\/strong>: Strukovni program trogodi\u0161njeg trajanja obrazovanja za obrtni\u0161tvo \u2013 jedinstveni model obrazovanja<\/p>\n<p><strong>Obrazovni sektor<\/strong>: elektrotehnika i ra\u010dunalstvo<\/p>\n<p><strong>\u0160ifra zanimanja<\/strong>: 042353<\/p>\n<ul>\n<li><strong>Opis zanimanja<\/strong>:<\/li>\n<\/ul>\n<p>Izra\u0111uje i montira dijelove za elektroure\u0111aje, ku\u0107anske aparate i druge elektri\u010dne strojeve. Oni ispituju ispravnost elektroni\u010dkih sklopova te odr\u017eavaju i vr\u0161e popravke elektrotehni\u010dkih ku\u0107anskih aparata. Podru\u010dje rada prvenstveno uklju\u010duje popravak elektri\u010dnih aparata za ku\u0107anstvo (hladnjaka, zamrziva\u010da, strojeva za pranje posu\u0111a i rublja, su\u0161ilica, miksera, gla\u010dala i dr.).<br \/>\nOslu\u0161kivanjem rada aparata i razli\u010ditom opremom i alatima (instrumenti za mjerenje otpora, napona i jakosti struje i sl.) vr\u0161e potrebna ispitivanja i mjerenja, kako bi otkrili kvar ure\u0111aja. Uz pomo\u0107 razli\u010ditih alata (turpija, \u0161kara, lemilica, izolacionog materijala), postupcima lemljenja, sje\u010denja, rezanja, turpijanja i sl. otklanjaju nastali kvar i zamjenjuju neispravne dijelove ure\u0111aja novim ispravnim dijelovima. Na kraju vr\u0161e ispitivanje proizvoda i daju upute za njegovo pravilno kori\u0161tenje.<br \/>\nTako\u0111er, proizvodi, popravlja i odr\u017eava opremu za distribuciju i kontrolu elektri\u010dne energije te mjerila za opskrbljivanje strujom. Postavlja i odr\u017eava postrojenja i sustave za grijanje, klimatizaciju i hla\u0111enje prostorija te proizvodi i popravlja transformatore, elektri\u010dne rotacijske strojeve i dr. Montira i odr\u017eava pokretne stepenice i dizala.<br \/>\nElektromehani\u010dari koji su zaposleni u uslu\u017enim djelatnostima, obavljaju i procjenu vrijednosti svojih usluga te vode ra\u010duna o nabavi potrebnog materijala, utro\u0161enom vremenu i sl.<br \/>\nIndustrijski elektromehani\u010dari rade u proizvodnji i odr\u017eavanju elektri\u010dnih strojeva i ure\u0111aja u industrijskim postrojenjima. Poput elektromehani\u010dara obrtnika, tako\u0111er rade i na poslovima ispitivanja, odr\u017eavanja i servisiranja elektri\u010dnih strojeva i ure\u0111aja.<\/p>\n<ul>\n<li><strong>Zdravstveni zahtjevi<\/strong>:<\/li>\n<\/ul>\n<p>Uredan vid, dubinski (prostorni) vid i raspoznavanje boja, uredna ravnote\u017ea i stabilno stanje svijesti, uredno kognitivno, emocionalno i psihomotori\u010dko funkcioniranje, uredna funkcija mi\u0161i\u0107no-ko\u0161tanog sustava, uredna funkcija sr\u010dano-\u017eilnog i di\u0161nog sustava.<\/p>\n<p>* Potreban uredan sluh. Kada je kandidatu s te\u0161ko\u0107ama dostupna odgovaraju\u0107a prilagodba, navedeni zdravstveni zahtjevi za navedeni program ne uzimaju se u obzir.<\/p>\n<ul>\n<li><strong>Potrebni dokumenti za upis<\/strong>: lije\u010dni\u010dka svjedod\u017eba medicine rada i ugovor o naukovanju<\/li>\n<\/ul>\n<ul>\n<li><strong>Nastavni plan i program<\/strong>:<\/li>\n<\/ul>\n<p><a href=\"http:\/\/www.tsd.hr\/site\/wp-content\/uploads\/2009\/08\/em.png\" rel=\"attachment wp-att-5139\"><img loading=\"lazy\" decoding=\"async\" class=\"alignnone size-full wp-image-5139\" src=\"http:\/\/www.tsd.hr\/site\/wp-content\/uploads\/2009\/08\/em.png\" alt=\"em\" width=\"633\" height=\"593\" srcset=\"https:\/\/www.tsd.hr\/site\/wp-content\/uploads\/2009\/08\/em.png 633w, https:\/\/www.tsd.hr\/site\/wp-content\/uploads\/2009\/08\/em-300x281.png 300w\" sizes=\"auto, (max-width: 633px) 100vw, 633px\" \/><\/a><\/p>\n<p>* Prakti\u010dnu nastavu u\u010denici obavljaju svaki drugi tjedan (6 dana nastave, 4 dana prakse), u licenciranim obrtima i radionicama, te \u0161kolskoj radionici.<\/p>\n<ul>\n<li>Zavr\u0161etak srednjo\u0161kolskog programa obrazovanja u\u010denici zavr\u0161avaju izradom i obranom zavr\u0161nog rada i tako stje\u010du kvalifikaciju za tr\u017ei\u0161te rada. Po zavr\u0161etku strukovne kvalifikacije kandidati mogu prijavljivati i pomo\u0107ni\u010dki ispit.<\/li>\n<\/ul>\n<ul>\n<li>U\u010denici mogu nastaviti obrazovanje za vi\u0161u razinu kvalifikacije (zanimanje \u010detverogodi\u0161njeg trajanja) u statusu redovitog u\u010denika u pravilu unutar istoga obrazovnog sektora u kojem je ste\u010deno prethodno strukovno obrazovanje.<\/li>\n<\/ul>\n<p>Po zavr\u0161etku vi\u0161e razine kvalifikacije u\u010denici mogu polagati ispite dr\u017eavne mature koji im omogu\u0107uju nastavak \u0161kolovanja na visoko\u0161kolskoj razini.<\/p>\n<ul>\n<li><strong>Znanja, vje\u0161tine i po\u017eeljne osobine<\/strong><\/li>\n<\/ul>\n<p>Elektromehani\u010dari bi trebali imati razvijenu sposobnost tehni\u010dkog rje\u0161avanja problema, sposobnost prostornog predo\u010davanja i dobro razvijenu motoriku ruku i prstiju. Dobar vid i sluh, kao i sposobnost razlikovanja boja, nu\u017eno su u radu elektromehani\u010dara. Spretnost, preciznost i usmjerenost na detalje klju\u010dni su za posao elektromehani\u010dara.<br \/>\nS obzirom na tendenciju sve ve\u0107e kompjuterizacije sustava (primjerice klime i ventilacije), posebice u ve\u0107im zgradama i postrojenjima, potrebno je poznavanje ra\u010dunalnih sustava i pra\u0107enje novih tehnologija u struci \u2013 sustava za centralni nadzor i upravljanje. U uslu\u017enim djelatnostima, po\u017eeljne su komunikacijske vje\u0161tine i ljubaznost.<\/p>\n<ul>\n<li><strong>Uvjeti rada <\/strong><\/li>\n<\/ul>\n<p>Elektromehani\u010dari rade u zatvorenim prostorima u industrijskim postrojenjima ili radionicama. Osobe ovog zanimanja koje rade u uslu\u017enoj djelatnosti, velik dio svog radnog vremena provode na terenu \u2013 u obilasku ku\u0107anstava i popravljanju neispravnih aparata i ure\u0111aja. Pri popravljanju ure\u0111aja mogu se uprljati. Vrlo je va\u017eno pridr\u017eavati se potrebnih mjera za\u0161tite i voditi ra\u010duna o mogu\u0107im opasnostima u radu sa strujom.<br \/>\nPosao obavljaju u staja\u0107em ili sjede\u0107em polo\u017eaju, a \u010desto se i saginju i zauzimaju neugodne polo\u017eaje tijela, ovisno o poziciji ure\u0111aja kojeg popravljaju. Uglavnom rade u jutarnjim satima, no mogu\u0107 je i smjenski rad te rad vikendima.<br \/>\nKontraindikacije za rad su: o\u0161te\u0107enje funkcije vida, neraspoznavanje boja, nedostatak stereovida, gluho\u0107a ili te\u017ea nagluhost u govornom podru\u010dju, kroni\u010dni poreme\u0107aji koji remete kognitivno, emocionalno i psihomotori\u010dko funkcioniranje, kroni\u010dni poreme\u0107aji koji remete funkciju mi\u0161i\u0107no-ko\u0161tanog sustava, kroni\u010dne bolesti koji trajno remete funkciju sr\u010dano-\u017eilnog i di\u0161nog sustava, te kroni\u010dni poreme\u0107aji koji mogu dovesti do gubitka svijesti i\/ili poreme\u0107aja ravnote\u017ee.<\/p>\n<p><strong>\u00a0<\/strong><strong>Mogu\u0107nosti zapo\u0161ljavanja<\/strong><\/p>\n<p>Elektromehani\u010dari se naj\u010de\u0161\u0107e zapo\u0161ljavaju u industrijskim postrojenjima i u privatnim uslu\u017enim obrtima koji se bave popravcima elektri\u010dnih ure\u0111aja i aparata.<br \/>\nTako\u0111er, mogu raditi i u dr\u017eavnim ustanovama poput \u0161kola, domova, bolnica i velikih tvrtki na odr\u017eavanju elektri\u010dnih strojeva i postrojenja. Ako polo\u017ee majstorski ispit za elektromehani\u010dara, mogu otvoriti vlastiti obrt.<\/p>\n","protected":false},"excerpt":{"rendered":"<p>ELEKTROMEHANI\u010cAR\/ELEKTROMEHANI\u010cARKA &#8211; JMO Vrsta i tip programa: Strukovni program trogodi\u0161njeg trajanja obrazovanja za obrtni\u0161tvo \u2013 jedinstveni model obrazovanja Obrazovni sektor: elektrotehnika i ra\u010dunalstvo \u0160ifra zanimanja: 042353 Opis zanimanja: Izra\u0111uje i montira dijelove za elektroure\u0111aje, ku\u0107anske aparate i druge elektri\u010dne strojeve. Oni ispituju ispravnost elektroni\u010dkih sklopova te odr\u017eavaju i vr\u0161e popravke elektrotehni\u010dkih ku\u0107anskih aparata. Podru\u010dje rada [&hellip;]<\/p>\n","protected":false},"author":2,"featured_media":0,"parent":84,"menu_order":0,"comment_status":"open","ping_status":"open","template":"","meta":{"footnotes":""},"class_list":["post-173","page","type-page","status-publish","hentry"],"_links":{"self":[{"href":"https:\/\/www.tsd.hr\/site\/wp-json\/wp\/v2\/pages\/173","targetHints":{"allow":["GET"]}}],"collection":[{"href":"https:\/\/www.tsd.hr\/site\/wp-json\/wp\/v2\/pages"}],"about":[{"href":"https:\/\/www.tsd.hr\/site\/wp-json\/wp\/v2\/types\/page"}],"author":[{"embeddable":true,"href":"https:\/\/www.tsd.hr\/site\/wp-json\/wp\/v2\/users\/2"}],"replies":[{"embeddable":true,"href":"https:\/\/www.tsd.hr\/site\/wp-json\/wp\/v2\/comments?post=173"}],"version-history":[{"count":2,"href":"https:\/\/www.tsd.hr\/site\/wp-json\/wp\/v2\/pages\/173\/revisions"}],"predecessor-version":[{"id":5140,"href":"https:\/\/www.tsd.hr\/site\/wp-json\/wp\/v2\/pages\/173\/revisions\/5140"}],"up":[{"embeddable":true,"href":"https:\/\/www.tsd.hr\/site\/wp-json\/wp\/v2\/pages\/84"}],"wp:attachment":[{"href":"https:\/\/www.tsd.hr\/site\/wp-json\/wp\/v2\/media?parent=173"}],"curies":[{"name":"wp","href":"https:\/\/api.w.org\/{rel}","templated":true}]}}