{"id":196,"date":"2016-07-14T08:23:31","date_gmt":"2016-07-14T06:23:31","guid":{"rendered":"http:\/\/www.tsd.hr\/site\/?page_id=196"},"modified":"2019-04-03T22:41:07","modified_gmt":"2019-04-03T20:41:07","slug":"instalater-grijanja-i-klimatizacije","status":"publish","type":"page","link":"https:\/\/www.tsd.hr\/site\/obrazovni-programi\/instalater-grijanja-i-klimatizacije\/","title":{"rendered":"Instalater grijanja i klimatizacije"},"content":{"rendered":"<h2><strong><u>INSTALATER GRIJANJA I KLIMATIZACIJE\/INSTALATERKA GRIJANJA I KLIMATIZACIJE &#8211; JMO<\/u><\/strong><\/h2>\n<p><iframe loading=\"lazy\" width=\"560\" height=\"315\" src=\"https:\/\/www.youtube.com\/embed\/0kdvGsukJMA\" frameborder=\"0\" allow=\"accelerometer; autoplay; encrypted-media; gyroscope; picture-in-picture\" allowfullscreen><\/iframe>&nbsp;<\/p>\n<p><strong>Vrsta i tip programa<\/strong>: Strukovni program trogodi\u0161njeg trajanja obrazovanja za obrtni\u0161tvo \u2013 jedinstveni model obrazovanja<\/p>\n<p><strong>Obrazovni sektor<\/strong>: strojarstvo, brodogradnja i metalurgija<\/p>\n<p><strong>\u0160ifra zanimanja<\/strong>: 013653<\/p>\n<ul>\n<li><strong>Opis zanimanja<\/strong>:<\/li>\n<\/ul>\n<p>Instalater grijanja i klimatizacije bavi se montiranjem, odr\u017eavanjem, nadzorom rada i servisiranjem sustava za grijanje i klimatizaciju.<br \/>\nMontira, odr\u017eava, nadzire rad i servisira sustave za grijanje i klimatizaciju. Postavlja, nadzire, odr\u017eava i popravlja toplinske ure\u0111aje za centralno, plinsko ili elektri\u010dno grijanje (grija\u0107a tijela, kotlove, crpke, cijevi, sigurnosne dijelove i dr.) kao i centralne sisteme klimatizacije (motore, kompresore, termostate, svje\u0107ice i dr.).<br \/>\nInstalater montira sustave centralnog, plinskog i elektri\u010dnog grijanja. Prije instaliranja sustava centralnoga grijanja re\u017ee metalne\/plasti\u010dne cijevi, savija ih, spaja, re\u017ee prirubnice, dr\u017ea\u010de te ispituje rad cjelokupnog sustava. Povremeno radi provjere i popravke, instalira i servisira centralne sisteme klimatizacije i niz komponenti hla\u0111enja.<br \/>\nTijekom rada slijede nacrte i specifikacije o tome kako instalirati motore, termostate, svje\u0107ice, kompresore i ostale elektri\u010dne i elektronske komponente. Cijeli sustav povezuju s izvorom elektri\u010dne energije. Provjeravaju rad sustava, odr\u017eavaju ga i popravljaju. Pri radu se koriste raznim alatima (aparati za zavarivanje, reza\u010di metala, bu\u0161ilice) i mjernim instrumentima (voltmetri, manometri, ampermetri, termometri).<br \/>\nStru\u010dna teoretska znanja instalatera grijanja i klimatizacije se\u017eu od osnova termodinamike, elektrotehnike, ra\u010dunalstva, skladi\u0161tenja i transporta goriva, do ekologije, zakonodavstva, sigurnosti na radu i protupo\u017earne za\u0161tite.<\/p>\n<ul>\n<li><strong>Zdravstveni zahtjevi<\/strong>:<\/li>\n<\/ul>\n<p>Uredan vid, dubinski (prostorni) vid, raspoznavanje boja, uredna funkcija mi\u0161i\u0107no-ko\u0161tanog, di\u0161nog i sr\u010dano-\u017eilnog sustava, uredno kognitivno, emocionalno i psihomotori\u010dko funkcioniranje, stabilno stanje svijesti, uredna ravnote\u017ea, uredan nalaz ko\u017ee na \u0161akama i podlakticama.<\/p>\n<p>* Mogu\u0107 rad na visini, za \u0161to je potreban uredan sluh. Kada je kandidatu s te\u0161ko\u0107ama dostupna odgovaraju\u0107a prilagodba, navedeni zdravstveni zahtjevi za navedeni program ne uzimaju se u obzir.<\/p>\n<ul>\n<li><strong>Potrebni dokumenti za upis<\/strong>: lije\u010dni\u010dka svjedod\u017eba medicine rada i ugovor o naukovanju<\/li>\n<\/ul>\n<ul>\n<li><strong>Nastavni plan i program<\/strong>:<\/li>\n<\/ul>\n<p><a href=\"http:\/\/www.tsd.hr\/site\/wp-content\/uploads\/2009\/08\/igk.png\" rel=\"attachment wp-att-5142\"><img loading=\"lazy\" decoding=\"async\" class=\"alignnone size-full wp-image-5142\" src=\"http:\/\/www.tsd.hr\/site\/wp-content\/uploads\/2009\/08\/igk.png\" alt=\"igk\" width=\"405\" height=\"511\" srcset=\"https:\/\/www.tsd.hr\/site\/wp-content\/uploads\/2009\/08\/igk.png 405w, https:\/\/www.tsd.hr\/site\/wp-content\/uploads\/2009\/08\/igk-238x300.png 238w\" sizes=\"auto, (max-width: 405px) 100vw, 405px\" \/><\/a><\/p>\n<p>* Prakti\u010dnu nastavu u\u010denici obavljaju svaki drugi tjedan (6 dana nastave, 4 dana prakse), u licenciranim obrtima i radionicama, te \u0161kolskoj radionici.<\/p>\n<ul>\n<li>Zavr\u0161etak srednjo\u0161kolskog programa obrazovanja u\u010denici zavr\u0161avaju izradom i obranom zavr\u0161nog rada i tako stje\u010du kvalifikaciju za tr\u017ei\u0161te rada. Po zavr\u0161etku strukovne kvalifikacije kandidati mogu prijavljivati i pomo\u0107ni\u010dki ispit.<\/li>\n<\/ul>\n<ul>\n<li>U\u010denici mogu nastaviti obrazovanje za vi\u0161u razinu kvalifikacije (zanimanje \u010detverogodi\u0161njeg trajanja) u statusu redovitog u\u010denika u pravilu unutar istoga obrazovnog sektora u kojem je ste\u010deno prethodno strukovno obrazovanje.<\/li>\n<\/ul>\n<p>Po zavr\u0161etku vi\u0161e razine kvalifikacije u\u010denici mogu polagati ispite dr\u017eavne mature koji im omogu\u0107uju nastavak \u0161kolovanja na visoko\u0161kolskoj razini.<\/p>\n<ul>\n<li><strong>Znanja, vje\u0161tine i po\u017eeljne osobine<\/strong><\/li>\n<\/ul>\n<p>Kroz \u0161kolovanje instalater grijanja i klimatizacije stje\u010de potrebna prakti\u010dna i teoretska znanja, od osnova obrade metala (piljenje, rezanje, savijanje, ravnanje cijevi, brtvljenje, izolacija, lemljenje) i izrade i \u010ditanja tehni\u010dke dokumentacije do osnova tehni\u010dkog crtanja, dimenzioniranja i tehnologije materijala. Osposobljava se za obradu materijala, upoznaje fizikalne i prijenosne osobine grija\u0107ih medija, na\u010dine mjerenja fizikalnih veli\u010dina, sustave izgaranja goriva i odvajanja plinova. Osposobljava se za reguliranje energetskih sustava, te u\u010di izra\u010dunati toplinske gubitke i izraditi jednostavniju kalkulaciju. U\u010di se ispitivati ure\u0111aje i stje\u010de znanja o njihovom odr\u017eavanju, reguliranju i servisiranju.<br \/>\nInstalater grijanja i klimatizacije posao mora obavljati odgovorno i dosljedno, u skladu s propisima. Mora biti snala\u017eljiv, samoinicijativan i biti sposoban odlu\u010divati u novonastalim uvjetima. Potrebne mjere mora poduzimati brzo i stru\u010dno.<br \/>\nZa obavljanje posla potrebna je spretnost ruku, uskla\u0111eni pokreti, te mi\u0161i\u0107na osjetljivost ruku, jer mu pravi osje\u0107aj pri regulaciji ure\u0111aja poma\u017ee da ih ne o\u0161teti.<br \/>\nMora razlikovati boje i raspoznavati mirise plinova. To je osobito va\u017eno u zatvorenim prostorima, kako bi pravodobno mogao prepoznati nazo\u010dnost plinova i sprije\u010diti eksploziju ili trovanje.<\/p>\n<ul>\n<li><strong>Uvjeti rada <\/strong><\/li>\n<\/ul>\n<p>Instalater grijanja i klimatizacije posao \u010desto obavlja u nedovr\u0161enim objektima, pri \u010demu je izlo\u017een temperaturnim promjenama, vlazi, propuhu te pra\u0161ini. Posao obavlja stoje\u0107i, \u010desto mijenja polo\u017eaj tijela, okre\u0107e se, prigiba, penje ili \u010du\u010di. Povremeno radi na povi\u0161enim mjestima. Terete gura, vu\u010de, di\u017ee i nosi na vi\u0161e eta\u017ee (osobito pri montiranju ure\u0111aja u jo\u0161 nezavr\u0161enim objektima).<br \/>\nPosao instalatera grijanja i klimatizacije ne mogu obavljati osobe s ve\u0107im ili trajnijim zdravstvenim problemima, osobito s onima koji su vezani uz funkciju vida ili oboljenja kralje\u017enice.<br \/>\nKontraindikacije za rad su: o\u0161te\u0107ena funkcija vida i nedostatak stereovida, o\u0161te\u0107enje funkcije sluha i nemogu\u0107nost no\u0161enja osobnih za\u0161titnih sredstava za za\u0161titu sluha (za rad u buci), neraspoznavanje osnovnih boja, te\u017ea o\u0161te\u0107enja funkcije mi\u0161i\u0107no-ko\u0161tanog, di\u0161nog i\/ili sr\u010dano-\u017eilnog sustava, kroni\u010dni poreme\u0107aji koji znatno remete kognitivno, emocionalno i psihomotori\u010dko funkcioniranje, kroni\u010dni poreme\u0107aji koji mogu dovesti do gubitka svijesti i\/ili ravnote\u017ee i te\u017ee o\u0161te\u0107enje funkcije ko\u017ee na \u0161akama i podlakticama.<\/p>\n<ul>\n<li><strong>\u00a0<\/strong><strong>Mogu\u0107nosti zapo\u0161ljavanja<\/strong><\/li>\n<\/ul>\n<p>Instalateri grijanja i klimatizacije zapo\u0161ljavaju se u obrtni\u010dkim radionicama, gra\u0111evinskim poduze\u0107ima, te razli\u010ditim industrijskim pogonima. Ako polo\u017ee majstorski ispit za instalatera grijanja i klimatizacije mogu otvoriti vlastiti obrt.<\/p>\n","protected":false},"excerpt":{"rendered":"<p>INSTALATER GRIJANJA I KLIMATIZACIJE\/INSTALATERKA GRIJANJA I KLIMATIZACIJE &#8211; JMO &nbsp; Vrsta i tip programa: Strukovni program trogodi\u0161njeg trajanja obrazovanja za obrtni\u0161tvo \u2013 jedinstveni model obrazovanja Obrazovni sektor: strojarstvo, brodogradnja i metalurgija \u0160ifra zanimanja: 013653 Opis zanimanja: Instalater grijanja i klimatizacije bavi se montiranjem, odr\u017eavanjem, nadzorom rada i servisiranjem sustava za grijanje i klimatizaciju. Montira, odr\u017eava, [&hellip;]<\/p>\n","protected":false},"author":2,"featured_media":0,"parent":84,"menu_order":0,"comment_status":"open","ping_status":"open","template":"","meta":{"footnotes":""},"class_list":["post-196","page","type-page","status-publish","hentry"],"_links":{"self":[{"href":"https:\/\/www.tsd.hr\/site\/wp-json\/wp\/v2\/pages\/196","targetHints":{"allow":["GET"]}}],"collection":[{"href":"https:\/\/www.tsd.hr\/site\/wp-json\/wp\/v2\/pages"}],"about":[{"href":"https:\/\/www.tsd.hr\/site\/wp-json\/wp\/v2\/types\/page"}],"author":[{"embeddable":true,"href":"https:\/\/www.tsd.hr\/site\/wp-json\/wp\/v2\/users\/2"}],"replies":[{"embeddable":true,"href":"https:\/\/www.tsd.hr\/site\/wp-json\/wp\/v2\/comments?post=196"}],"version-history":[{"count":4,"href":"https:\/\/www.tsd.hr\/site\/wp-json\/wp\/v2\/pages\/196\/revisions"}],"predecessor-version":[{"id":8336,"href":"https:\/\/www.tsd.hr\/site\/wp-json\/wp\/v2\/pages\/196\/revisions\/8336"}],"up":[{"embeddable":true,"href":"https:\/\/www.tsd.hr\/site\/wp-json\/wp\/v2\/pages\/84"}],"wp:attachment":[{"href":"https:\/\/www.tsd.hr\/site\/wp-json\/wp\/v2\/media?parent=196"}],"curies":[{"name":"wp","href":"https:\/\/api.w.org\/{rel}","templated":true}]}}