{"id":204,"date":"2099-08-03T09:22:33","date_gmt":"1901-12-13T20:45:52","guid":{"rendered":"http:\/\/www.tsd.hr\/site\/?page_id=204"},"modified":"2023-06-26T10:07:24","modified_gmt":"2023-06-26T08:07:24","slug":"strojobravar","status":"publish","type":"page","link":"https:\/\/www.tsd.hr\/site\/obrazovni-programi\/strojobravar\/","title":{"rendered":"Strojobravar"},"content":{"rendered":"<p style=\"text-align: left; padding-left: 120px;\">\u00a0<\/p>\n<h2><strong><u>STROJOBRAVAR\/STROJOBRAVARKA &#8211; JMO<\/u><\/strong><\/h2>\n\n\n<figure class=\"wp-block-embed is-type-video is-provider-youtube wp-block-embed-youtube wp-embed-aspect-16-9 wp-has-aspect-ratio\"><div class=\"wp-block-embed__wrapper\">\n<iframe loading=\"lazy\" title=\"T\u0160D | Strojobravar\" width=\"730\" height=\"411\" src=\"https:\/\/www.youtube.com\/embed\/AjY5vdjohiQ?feature=oembed\" frameborder=\"0\" allow=\"accelerometer; autoplay; clipboard-write; encrypted-media; gyroscope; picture-in-picture; web-share\" allowfullscreen><\/iframe>\n<\/div><\/figure>\n\n\n\n<p><strong>Vrsta i tip programa<\/strong>: Strukovni program trogodi\u0161njeg trajanja obrazovanja za obrtni\u0161tvo \u2013 jedinstveni model obrazovanja<\/p>\n\n\n\n<p><strong>Obrazovni sektor<\/strong>: strojarstvo, brodogradnja i metalurgija<\/p>\n\n\n\n<p><strong>\u0160ifra zanimanja<\/strong>: 013553<br><br><strong>Opis zanimanja<\/strong>:<br>Strojobravar je osposobljen za rad na odr\u017eavanju i popravljanju strojeva i ure\u0111aja; vr\u0161i spajanje i sastavljanje elemenata strojeva, izra\u0111uje kanale za podmazivanje, sastavlja i ugra\u0111uje zup\u010danik na osovini, nadzire ispitivanja razli\u010ditih odstupanja i dijagnosticira kvarove na alatnim strojevima te obavlja manje popravke.<br><\/p>\n\n\n\n<ul class=\"wp-block-list\">\n<li><strong>Zdravstveni zahtjevi<\/strong>:<\/li>\n<\/ul>\n\n\n\n<p>uredan vid i dubinski (prostorni) vid, raspoznavanje boja, uredna funkcija mi\u0161i\u0107no-ko\u0161tanog, di\u0161nog i sr\u010dano-\u017eilnog sustava, uredno kognitivno, emocionalno i psihomotori\u010dko funkcioniranje, stabilno stanje svijesti i uredna ravnote\u017ea, uredna funkcija ko\u017ee na \u0161akama i podlakticama, odsutnost alergije na profesionalne alergene<\/p>\n\n\n\n<p>* Kada je kandidatu s te\u0161ko\u0107ama dostupna odgovaraju\u0107a prilagodba, navedeni zdravstveni zahtjevi za navedeni program ne uzimaju se u obzir.<\/p>\n\n\n\n<ul class=\"wp-block-list\">\n<li><strong>Potrebni dokumenti za upis<\/strong>: lije\u010dni\u010dka svjedod\u017eba medicine rada i ugovor o naukovanju<\/li>\n<\/ul>\n\n\n\n<p>Zavr\u0161etak srednjo\u0161kolskog programa obrazovanja u\u010denici zavr\u0161avaju izradom i obranom zavr\u0161nog rada i tako stje\u010du kvalifikaciju za tr\u017ei\u0161te rada.<\/p>\n\n\n\n<ul class=\"wp-block-list\">\n<li>Po zavr\u0161etku strukovne kvalifikacije kandidati mogu prijavljivati i nau\u010dni\u010dki ispit.<\/li>\n\n\n\n<li><strong>Nastavni plan i program<\/strong>:<br><\/li>\n<\/ul>\n","protected":false},"excerpt":{"rendered":"<p>\u00a0 STROJOBRAVAR\/STROJOBRAVARKA &#8211; JMO Vrsta i tip programa: Strukovni program trogodi\u0161njeg trajanja obrazovanja za obrtni\u0161tvo \u2013 jedinstveni model obrazovanja Obrazovni sektor: strojarstvo, brodogradnja i metalurgija \u0160ifra zanimanja: 013553 Opis zanimanja:Strojobravar je osposobljen za rad na odr\u017eavanju i popravljanju strojeva i ure\u0111aja; vr\u0161i spajanje i sastavljanje elemenata strojeva, izra\u0111uje kanale za podmazivanje, sastavlja i ugra\u0111uje zup\u010danik [&hellip;]<\/p>\n","protected":false},"author":2,"featured_media":0,"parent":84,"menu_order":0,"comment_status":"open","ping_status":"open","template":"","meta":{"footnotes":""},"class_list":["post-204","page","type-page","status-publish","hentry"],"_links":{"self":[{"href":"https:\/\/www.tsd.hr\/site\/wp-json\/wp\/v2\/pages\/204","targetHints":{"allow":["GET"]}}],"collection":[{"href":"https:\/\/www.tsd.hr\/site\/wp-json\/wp\/v2\/pages"}],"about":[{"href":"https:\/\/www.tsd.hr\/site\/wp-json\/wp\/v2\/types\/page"}],"author":[{"embeddable":true,"href":"https:\/\/www.tsd.hr\/site\/wp-json\/wp\/v2\/users\/2"}],"replies":[{"embeddable":true,"href":"https:\/\/www.tsd.hr\/site\/wp-json\/wp\/v2\/comments?post=204"}],"version-history":[{"count":3,"href":"https:\/\/www.tsd.hr\/site\/wp-json\/wp\/v2\/pages\/204\/revisions"}],"predecessor-version":[{"id":12088,"href":"https:\/\/www.tsd.hr\/site\/wp-json\/wp\/v2\/pages\/204\/revisions\/12088"}],"up":[{"embeddable":true,"href":"https:\/\/www.tsd.hr\/site\/wp-json\/wp\/v2\/pages\/84"}],"wp:attachment":[{"href":"https:\/\/www.tsd.hr\/site\/wp-json\/wp\/v2\/media?parent=204"}],"curies":[{"name":"wp","href":"https:\/\/api.w.org\/{rel}","templated":true}]}}