{"id":226,"date":"2016-07-10T08:49:47","date_gmt":"2016-07-10T06:49:47","guid":{"rendered":"http:\/\/www.tsd.hr\/site\/?page_id=226"},"modified":"2018-03-22T14:19:59","modified_gmt":"2018-03-22T13:19:59","slug":"pomocni-licilac-i-soboslikar","status":"publish","type":"page","link":"https:\/\/www.tsd.hr\/site\/obrazovni-programi\/pomocni-licilac-i-soboslikar\/","title":{"rendered":"Pomo\u0107ni soboslikar i li\u010dilac"},"content":{"rendered":"<h2><strong><u>POMO\u0106NI SOBOSLIKAR I LI\u010cILAC\/POMO\u0106NA SOBOSLIKARICA I LI\u010cITELJICA &#8211; TES<\/u><\/strong><\/h2>\n<p><strong>Vrsta i tip programa<\/strong>: TES &#8211; posebni programi za u\u010denike s te\u0161ko\u0107ama, strukovni program trogodi\u0161njeg trajanja obrazovanja<\/p>\n<p><strong>Obrazovni sektor<\/strong>: osobne, usluge za\u0161tite i druge usluge<\/p>\n<p><strong>\u0160ifra zanimanja<\/strong>: 268193<\/p>\n<p><u><\/u><u>Zanimanje pomo\u0107ni soboslikar i li\u010dilac (TES) namijenjeno je u\u010denicima koji imaju te\u0161ko\u0107a u razvoju i koji su osnovnu \u0161kolu zavr\u0161ili po prilago\u0111enom programu. <\/u><\/p>\n<ul>\n<li><strong>Opis zanimanja<\/strong>:<\/li>\n<\/ul>\n<p>Priprema za li\u010denje, li\u010di i \u0161titi od propadanja razli\u010dite vrste podloga (mineralne, drvene i metalne) uz nadzor kvalificiranog radnika. \u0160titi prostor od one\u010di\u0161\u0107enja prilikom rada, skida staru boju i r\u0111u s razli\u010ditih podloga, nanosi antikorozivnu za\u0161titu na metalne podloge. Popravlja pukotine i zagla\u0111uje drvene i mineralne podloge (\u017ebuka, knauf, beton, kamen i dr.).<br \/>\nTako\u0111er, skida stare te kroji i postavlja nove tapete, nanosi dekorativnu \u017ebuku, postavlja toplinsko-izolacijske sustave i li\u010di fasade. Za obavljanje navedenih poslova potrebno je poznavati materijal i alat, svojstava podloga te primjenu tehnike rada na razli\u010ditim podlogama. U radu je va\u017eno pridr\u017eavati se pravila za\u0161tite na radu.<\/p>\n<ul>\n<li><strong>Potrebni dokumenti za upis<\/strong>:<\/li>\n<\/ul>\n<ol>\n<li><strong>Rje\u0161enje Ureda o primjerenom programu obrazovanja; <\/strong><\/li>\n<li><strong>Stru\u010dno mi\u0161ljenje Slu\u017ebe za profesionalno usmjeravanje HZZ-a izdanog na temelju potvrde nadle\u017enog \u0161kolskog lije\u010dnika. <\/strong><\/li>\n<\/ol>\n<ul>\n<li><strong>Nastavni plan i program<\/strong>:<\/li>\n<\/ul>\n<p><a href=\"http:\/\/www.tsd.hr\/site\/wp-content\/uploads\/2009\/08\/sob.png\" rel=\"attachment wp-att-5147\"><img loading=\"lazy\" decoding=\"async\" class=\"alignnone size-full wp-image-5147\" src=\"http:\/\/www.tsd.hr\/site\/wp-content\/uploads\/2009\/08\/sob.png\" alt=\"sob\" width=\"539\" height=\"297\" srcset=\"https:\/\/www.tsd.hr\/site\/wp-content\/uploads\/2009\/08\/sob.png 539w, https:\/\/www.tsd.hr\/site\/wp-content\/uploads\/2009\/08\/sob-300x165.png 300w\" sizes=\"auto, (max-width: 539px) 100vw, 539px\" \/><\/a><\/p>\n<ul>\n<li>Stru\u010dnu praksu u prvom razredu u\u010denici obavljaju svaki drugi tjedan u \u0161kolskoj radionici, a u drugom i tre\u0107em razredu se upu\u0107uju kod poslodavca.<\/li>\n<\/ul>\n<ul>\n<li>Zavr\u0161etak srednjo\u0161kolskog programa obrazovanja u\u010denici zavr\u0161avaju izradom i obranom zavr\u0161nog rada i tako stje\u010du kvalifikaciju (ni\u017eu stru\u010dnu spremu) za tr\u017ei\u0161te rada.<\/li>\n<\/ul>\n<ul>\n<li>U\u010denici mogu nastaviti obrazovanje za vi\u0161u razinu kvalifikacije (zanimanje trogodi\u0161njeg trajanja) u statusu redovitog u\u010denika u pravilu unutar istoga obrazovnog sektora u kojem je ste\u010deno prethodno strukovno obrazovanje.<\/li>\n<\/ul>\n<ul>\n<li><strong>Uvjeti rada <\/strong><\/li>\n<\/ul>\n<p>Pomo\u0107ni soboslikar i li\u010dilac radi u zatvorenim prostorima, gdje mo\u017ee biti propuha. \u010cesto ne mo\u017ee izbje\u0107i prljav\u0161tinu, o\u0161tre mirise, pa i utjecaje \u0161tetne po zdravlje. Na terenu radi u neugodnim i opasnim polo\u017eajima, te na visinama.<br \/>\nPosao obavlja prete\u017eito stoje\u0107i i mora se \u010desto saginjati. Radi na ljestvama i na radnim platformama. Posao se mo\u017ee obavljati u jednoj ili dvije smjene.<\/p>\n<ul>\n<li><strong>Mogu\u0107nosti zapo\u0161ljavanja<\/strong><\/li>\n<\/ul>\n<p>Zapo\u0161ljavaju se u poduze\u0107ima koja se bave zavr\u0161nim radovima u graditeljstvu.<\/p>\n","protected":false},"excerpt":{"rendered":"<p>POMO\u0106NI SOBOSLIKAR I LI\u010cILAC\/POMO\u0106NA SOBOSLIKARICA I LI\u010cITELJICA &#8211; TES Vrsta i tip programa: TES &#8211; posebni programi za u\u010denike s te\u0161ko\u0107ama, strukovni program trogodi\u0161njeg trajanja obrazovanja Obrazovni sektor: osobne, usluge za\u0161tite i druge usluge \u0160ifra zanimanja: 268193 Zanimanje pomo\u0107ni soboslikar i li\u010dilac (TES) namijenjeno je u\u010denicima koji imaju te\u0161ko\u0107a u razvoju i koji su osnovnu [&hellip;]<\/p>\n","protected":false},"author":2,"featured_media":0,"parent":84,"menu_order":0,"comment_status":"open","ping_status":"open","template":"","meta":{"footnotes":""},"class_list":["post-226","page","type-page","status-publish","hentry"],"_links":{"self":[{"href":"https:\/\/www.tsd.hr\/site\/wp-json\/wp\/v2\/pages\/226","targetHints":{"allow":["GET"]}}],"collection":[{"href":"https:\/\/www.tsd.hr\/site\/wp-json\/wp\/v2\/pages"}],"about":[{"href":"https:\/\/www.tsd.hr\/site\/wp-json\/wp\/v2\/types\/page"}],"author":[{"embeddable":true,"href":"https:\/\/www.tsd.hr\/site\/wp-json\/wp\/v2\/users\/2"}],"replies":[{"embeddable":true,"href":"https:\/\/www.tsd.hr\/site\/wp-json\/wp\/v2\/comments?post=226"}],"version-history":[{"count":3,"href":"https:\/\/www.tsd.hr\/site\/wp-json\/wp\/v2\/pages\/226\/revisions"}],"predecessor-version":[{"id":7226,"href":"https:\/\/www.tsd.hr\/site\/wp-json\/wp\/v2\/pages\/226\/revisions\/7226"}],"up":[{"embeddable":true,"href":"https:\/\/www.tsd.hr\/site\/wp-json\/wp\/v2\/pages\/84"}],"wp:attachment":[{"href":"https:\/\/www.tsd.hr\/site\/wp-json\/wp\/v2\/media?parent=226"}],"curies":[{"name":"wp","href":"https:\/\/api.w.org\/{rel}","templated":true}]}}