{"id":3197,"date":"2014-11-02T21:27:33","date_gmt":"2014-11-02T20:27:33","guid":{"rendered":"http:\/\/www.tsd.hr\/site\/?page_id=3197"},"modified":"2015-01-17T13:32:00","modified_gmt":"2015-01-17T12:32:00","slug":"kod-95","status":"publish","type":"page","link":"https:\/\/www.tsd.hr\/site\/obrazovanje-odraslih\/kod-95\/","title":{"rendered":"Periodi\u010dka izobrazba voza\u010da"},"content":{"rendered":"<h1>Periodi\u010dka izobrazba voza\u010da<\/h1>\n<p>Za predbilje\u017ebe i sve informacije kontaktirajte voditelja po\u010detnih kvalifikacija i periodi\u010dke izobrazbe, Borisa Bogdana, dipl. ing; \u00a0mob: 098 9383 980, e-mail: boris@tsd.hr<\/p>\n<p>Sukladno Zakonu o prijevozu u cestovnom prometu na snazi od 1. srpnja 2013. (NN 82\/13), te Pravilniku o po\u010detnoj i periodi\u010dkoj izobrazbi Tehni\u010dka \u0161kola Daruvar Rje\u0161enjem MPPI KLASA:UP\/I-340-01\/13-07\/04 URBROJ:530-05-1-2-13-2 u mogu\u0107nosti Vam je ponuditi navedenu izobrazbu.<br \/>\nPodsje\u0107amo: Po\u010detnu kvalifikaciju voza\u010da moraju imati:<br \/>\n1. svi voza\u010di koji upravljaju vozilom za koje je potrebna voza\u010dka dozvola kategorije C1, C1E, C, CE, D1, D1E, D, I DE.<br \/>\n2. Voza\u010di autotaksi vozila i voza\u010di koji obavljaju javni prijevoz putnika vozilima za koje je potrebna voza\u010dka dozvola B kategorije.<\/p>\n<p>Pri zavr\u0161etku periodi\u010dke izobrazbe dobiva se svjedod\u017eba temeljem koje se ishodi nova voza\u010dka dozvola sa upisanim kodom 95 (CODE 95).<\/p>\n<p><strong>Stjecanje po\u010detnih kvalifikacija za voza\u010de<\/strong><\/p>\n<p>Sukladno Zakonu o prijevozu u cestovnom prometu na snazi od 1. srpnja 2013. (NN 82\/13), te Pravilniku o po\u010detnoj i periodi\u010dkoj izobrazbi Tehni\u010dka \u0161kola Daruvar Rje\u0161enjem MPPI KLASA:UP\/I-340-01\/13-07\/04 URBROJ:530-05-1-2-13-2 u mogu\u0107nosti Vam ponuditi navedenu izobrazbu.<\/p>\n","protected":false},"excerpt":{"rendered":"<p>Periodi\u010dka izobrazba voza\u010da Za predbilje\u017ebe i sve informacije kontaktirajte voditelja po\u010detnih kvalifikacija i periodi\u010dke izobrazbe, Borisa Bogdana, dipl. ing; \u00a0mob: 098 9383 980, e-mail: boris@tsd.hr Sukladno Zakonu o prijevozu u cestovnom prometu na snazi od 1. srpnja 2013. (NN 82\/13), te Pravilniku o po\u010detnoj i periodi\u010dkoj izobrazbi Tehni\u010dka \u0161kola Daruvar Rje\u0161enjem MPPI KLASA:UP\/I-340-01\/13-07\/04 URBROJ:530-05-1-2-13-2 u [&hellip;]<\/p>\n","protected":false},"author":1,"featured_media":0,"parent":2396,"menu_order":0,"comment_status":"closed","ping_status":"closed","template":"","meta":{"footnotes":""},"class_list":["post-3197","page","type-page","status-publish","hentry"],"_links":{"self":[{"href":"https:\/\/www.tsd.hr\/site\/wp-json\/wp\/v2\/pages\/3197","targetHints":{"allow":["GET"]}}],"collection":[{"href":"https:\/\/www.tsd.hr\/site\/wp-json\/wp\/v2\/pages"}],"about":[{"href":"https:\/\/www.tsd.hr\/site\/wp-json\/wp\/v2\/types\/page"}],"author":[{"embeddable":true,"href":"https:\/\/www.tsd.hr\/site\/wp-json\/wp\/v2\/users\/1"}],"replies":[{"embeddable":true,"href":"https:\/\/www.tsd.hr\/site\/wp-json\/wp\/v2\/comments?post=3197"}],"version-history":[{"count":7,"href":"https:\/\/www.tsd.hr\/site\/wp-json\/wp\/v2\/pages\/3197\/revisions"}],"predecessor-version":[{"id":3359,"href":"https:\/\/www.tsd.hr\/site\/wp-json\/wp\/v2\/pages\/3197\/revisions\/3359"}],"up":[{"embeddable":true,"href":"https:\/\/www.tsd.hr\/site\/wp-json\/wp\/v2\/pages\/2396"}],"wp:attachment":[{"href":"https:\/\/www.tsd.hr\/site\/wp-json\/wp\/v2\/media?parent=3197"}],"curies":[{"name":"wp","href":"https:\/\/api.w.org\/{rel}","templated":true}]}}