{"id":391,"date":"2010-05-10T10:18:44","date_gmt":"2010-05-10T08:18:44","guid":{"rendered":"http:\/\/www.tsd.hr\/site\/?page_id=391"},"modified":"2010-05-10T10:18:44","modified_gmt":"2010-05-10T08:18:44","slug":"pravilnik-o-izradbi-i-obrani-zavrsnoga-rada","status":"publish","type":"page","link":"https:\/\/www.tsd.hr\/site\/dokumenti\/pravilnik-o-izradbi-i-obrani-zavrsnoga-rada\/","title":{"rendered":"Pravilnik o izradbi i obrani zavr\u0161noga rada"},"content":{"rendered":"<p>Ovdje mo\u017eete preuzeti pravilnik o izradbi i obrani zavr\u0161noga rada:<br \/>\n<a href='http:\/\/www.tsd.hr\/site\/wp-content\/uploads\/2010\/05\/Pravilnik-o-izradbi-i-obrani-zavrsnoga-rada.pdf'>Pravilnik o izradbi i obrani zavrsnoga rada<\/a><\/p>\n","protected":false},"excerpt":{"rendered":"<p>Ovdje mo\u017eete preuzeti pravilnik o izradbi i obrani zavr\u0161noga rada: Pravilnik o izradbi i obrani zavrsnoga rada<\/p>\n","protected":false},"author":1,"featured_media":0,"parent":54,"menu_order":0,"comment_status":"open","ping_status":"open","template":"","meta":{"footnotes":""},"class_list":["post-391","page","type-page","status-publish","hentry"],"_links":{"self":[{"href":"https:\/\/www.tsd.hr\/site\/wp-json\/wp\/v2\/pages\/391","targetHints":{"allow":["GET"]}}],"collection":[{"href":"https:\/\/www.tsd.hr\/site\/wp-json\/wp\/v2\/pages"}],"about":[{"href":"https:\/\/www.tsd.hr\/site\/wp-json\/wp\/v2\/types\/page"}],"author":[{"embeddable":true,"href":"https:\/\/www.tsd.hr\/site\/wp-json\/wp\/v2\/users\/1"}],"replies":[{"embeddable":true,"href":"https:\/\/www.tsd.hr\/site\/wp-json\/wp\/v2\/comments?post=391"}],"version-history":[{"count":0,"href":"https:\/\/www.tsd.hr\/site\/wp-json\/wp\/v2\/pages\/391\/revisions"}],"up":[{"embeddable":true,"href":"https:\/\/www.tsd.hr\/site\/wp-json\/wp\/v2\/pages\/54"}],"wp:attachment":[{"href":"https:\/\/www.tsd.hr\/site\/wp-json\/wp\/v2\/media?parent=391"}],"curies":[{"name":"wp","href":"https:\/\/api.w.org\/{rel}","templated":true}]}}