{"id":3942,"date":"2018-03-19T12:18:13","date_gmt":"2018-03-19T11:18:13","guid":{"rendered":"http:\/\/www.tsd.hr\/site\/?page_id=3942"},"modified":"2019-04-03T22:47:06","modified_gmt":"2019-04-03T20:47:06","slug":"tehnicar-za-racunalstvo-novi-strukovni-kurikulum","status":"publish","type":"page","link":"https:\/\/www.tsd.hr\/site\/obrazovni-programi\/tehnicar-za-racunalstvo-novi-strukovni-kurikulum\/","title":{"rendered":"Tehni\u010dar za ra\u010dunalstvo"},"content":{"rendered":"<h2><a href=\"https:\/\/www.youtube.com\/watch?v=fev4tSJ4IFc\"><strong><u>TEHNI\u010cAR ZA RA\u010cUNALSTVO\/TEHNI\u010cARKA ZA RA\u010cUNALSTVO<\/u><\/strong><\/a><\/h2>\n<p><iframe loading=\"lazy\" width=\"560\" height=\"315\" src=\"https:\/\/www.youtube.com\/embed\/fev4tSJ4IFc\" frameborder=\"0\" allow=\"accelerometer; autoplay; encrypted-media; gyroscope; picture-in-picture\" allowfullscreen><\/iframe><br \/>\n<strong>Vrsta i tip programa<\/strong>: Strukovni program \u010detverogodi\u0161njeg trajanja obrazovanja<\/p>\n<p><strong>Obrazovni sektor<\/strong>: elektrotehnika i ra\u010dunalstvo<\/p>\n<p><strong>\u0160ifra zanimanja<\/strong>: 041624<\/p>\n<ul>\n<li><strong>Opis zanimanja<\/strong>:<\/li>\n<\/ul>\n<p>Ra\u010dunalni tehni\u010dar bavi se ra\u010dunalima. Sastavlja, servisira i odr\u017eava sklopovsku opremu ili hardver ra\u010dunala te instalira gotove programe u ra\u010dunalo. Ra\u010dunalni tehni\u010dar sastavlja ra\u010dunalne ure\u0111aje po tehni\u010dkoj dokumentaciji koja sadr\u017ei postupak izvedbe.<br \/>\nNabavlja komponente za ra\u010dunalo (mati\u010dnu plo\u010du, tvrdi disk, grafi\u010dku karticu, disketnu jedinicu) i provjerava njihovu ispravnost prije ugradnje, te priprema i pomo\u0107ni materijal (vodove za priklju\u010dak, ispravlja\u010de i sl.). Nakon spajanja ra\u010dunala (tipkovnice, monitora , pisa\u010da) uklju\u010duje ra\u010dunalo i\u00a0 provjerava\u00a0 ispravnost rada na njemu koriste\u0107i se gotovim programima.<br \/>\nTehni\u010dar za ra\u010dunalstvo odr\u017eava, servisira i otklanja neispravnosti na ra\u010dunalu. Bavi se i dogradnjom dodatne opreme i pro\u0161irivanjem rada ra\u010dunala, npr. pro\u0161irenjem memorije, spajanjem modema i sl. Za odr\u017eavanje ra\u010dunalnih ure\u0111aja nu\u017ena su stru\u010dna znanja iz elektrotehnike i ostalih tehni\u010dkih podru\u010dja, pa je va\u017eno stalno stru\u010dno usavr\u0161avanje.<br \/>\nRa\u010dunalni tehni\u010dar radi u radionicama za sastavljanje i servisiranje ra\u010dunala, odjelima za nabavu komponenata za elektri\u010dne ure\u0111aje i u proizvodnji nekih komponenata elektroni\u010dkih ure\u0111aja ili pomo\u0107ne opreme.<br \/>\nRadi i u organizacijama u kojima su ra\u010dunala uklju\u010dena u proces rada, gdje je potrebno odr\u017eavanje ra\u010dunala i ra\u010dunalne mre\u017ee (proizvodne, zdravstvene, financijske i druge organizacije).<\/p>\n<ul>\n<li><strong>Zdravstveni zahtjevi<\/strong>:<\/li>\n<\/ul>\n<p>Uredan vid, dubinski (prostorni) vid i raspoznavanje boja, uredno kognitivno,-Emocionalno i psihomotori\u010dko funkcioniranje, uredna funkcija mi\u0161i\u0107no-ko\u0161tanog sustava.<br \/>\nKada je kandidatu s te\u0161ko\u0107ama dostupna odgovaraju\u0107a prilagodba, navedeni zdravstveni zahtjevi za navedeni program ne uzimaju se u obzir.<\/p>\n<ul>\n<li><strong>Potreban dokument za upis<\/strong>: lije\u010dni\u010dka svjedod\u017eba medicine rada<\/li>\n<\/ul>\n<ul>\n<li>Zavr\u0161etak srednjo\u0161kolskog programa obrazovanja u\u010denici zavr\u0161avaju izradom i obranom zavr\u0161nog rada.<\/li>\n<\/ul>\n<p><strong>Napomena:<\/strong> u tre\u0107em razredu polaznik bira jedan od ponu\u0111enih izbornih strukovnih modula s pripadaju\u0107im nastavnim predmetima u tre\u0107em i \u010detvrtom razredu: programerski izborni modul (M1\/M2\/M3) ili sistemski izborni modul (M1\/M2\/M3).<\/p>\n<ul>\n<li><strong>Nastavni plan i program<\/strong>:<\/li>\n<\/ul>\n<p><a href=\"http:\/\/www.tsd.hr\/site\/wp-content\/uploads\/2016\/07\/rt.png\" rel=\"attachment wp-att-5123\"><img loading=\"lazy\" decoding=\"async\" class=\"alignnone size-full wp-image-5123\" src=\"http:\/\/www.tsd.hr\/site\/wp-content\/uploads\/2016\/07\/rt.png\" alt=\"rt\" width=\"481\" height=\"630\" srcset=\"https:\/\/www.tsd.hr\/site\/wp-content\/uploads\/2016\/07\/rt.png 481w, https:\/\/www.tsd.hr\/site\/wp-content\/uploads\/2016\/07\/rt-229x300.png 229w\" sizes=\"auto, (max-width: 481px) 100vw, 481px\" \/><\/a><\/p>\n<ul>\n<li>U\u010denici mogu polagati i ispite dr\u017eavne mature koji im omogu\u0107uju nastavak \u0161kolovanja na visoko\u0161kolskoj razini. Pri tome je obavezno polo\u017eiti ispite iz hrvatskog jezika, stranog jezika i matematike, na A (vi\u0161oj) ili B (ni\u017eoj) razini. U\u010denik mo\u017ee odabrati polagati izborne ispite prema postavljenim zahtjevima visoko\u0161kolske ustanove koju je odabrao.<\/li>\n<\/ul>\n<ul>\n<li><strong>Znanja, vje\u0161tine i po\u017eeljne osobine<\/strong><\/li>\n<\/ul>\n<p>Za odr\u017eavanje ra\u010dunalnih ure\u0111aja, nu\u017ena su\u00a0 stru\u010dna znanja iz elektrotehnike i ostalih tehni\u010dkih podru\u010dja. Ra\u010dunalni tehni\u010dari moraju poznavati tehni\u010dko crtanje i dokumentiranje, osnove elektrotehnike, elektrotehni\u010dke materijale i komponente, mjerenja u elektrotehnici te finomehani\u010dku tehniku.<br \/>\nZbog izrazito dinami\u010dnog razvoja i promjena u ra\u010dunalstvu nu\u017eno je stalno stru\u010dno usavr\u0161avanje.<br \/>\nPoslovi ra\u010dunalnog tehni\u010dara zahtijevaju dobar vid na blizinu, sposobnost prostornog predo\u010davanja i spretnost prstiju pri rukovanju sitnim komponentama. Za rad na odr\u017eavanju ra\u010dunalnih ure\u0111aja po\u017eeljna je i sposobnost zaklju\u010divanja, urednost i savjesnost u radu.<\/p>\n<ul>\n<li><strong>Uvjeti rada<\/strong><\/li>\n<\/ul>\n<p>Ra\u010dunalni tehni\u010dar radi u zatvorenom prostoru normalne temperature i vla\u017enosti. Ve\u0107 dio poslova obavlja sjede\u0107i, osim poslova servisiranja, pri kojem je potrebna pokretljivost i rad u stoje\u0107em polo\u017eaju.<br \/>\nPoslovi zahtijevaju znatnije naprezanje vida, jer se radi o vrlo sitnim detaljima, stoga osobe koje imaju pote\u0161ko\u0107a s vidom ne mogu obavljati ovo zanimanje.<br \/>\nKontraindikacije za rad su: o\u0161te\u0107enje funkcije vida, neraspoznavanje boja, nedostatak stereovida, gluho\u0107a ili te\u017ea nagluhost u govornom podru\u010dju, kroni\u010dni poreme\u0107aji koji remete kognitivno, emocionalno i psihomotori\u010dko funkcioniranje, te kroni\u010dni poreme\u0107aji koji remete funkciju mi\u0161i\u0107no-ko\u0161tanog sustava.<\/p>\n<ul>\n<li><strong>Mogu\u0107nosti zapo\u0161ljavanja<\/strong><\/li>\n<\/ul>\n<p>Ra\u010dunalni tehni\u010dari imaju \u0161iroke mogu\u0107nosti zapo\u0161ljavanja. Velik broj ra\u010dunalnih tehni\u010dara radi u servisima za popravak ra\u010dunala i u razli\u010ditim organizacijama na odr\u017eavanju i servisiranju\u00a0 ra\u010dunala.<\/p>\n<p>&nbsp;<\/p>\n","protected":false},"excerpt":{"rendered":"<p>TEHNI\u010cAR ZA RA\u010cUNALSTVO\/TEHNI\u010cARKA ZA RA\u010cUNALSTVO Vrsta i tip programa: Strukovni program \u010detverogodi\u0161njeg trajanja obrazovanja Obrazovni sektor: elektrotehnika i ra\u010dunalstvo \u0160ifra zanimanja: 041624 Opis zanimanja: Ra\u010dunalni tehni\u010dar bavi se ra\u010dunalima. Sastavlja, servisira i odr\u017eava sklopovsku opremu ili hardver ra\u010dunala te instalira gotove programe u ra\u010dunalo. Ra\u010dunalni tehni\u010dar sastavlja ra\u010dunalne ure\u0111aje po tehni\u010dkoj dokumentaciji koja sadr\u017ei postupak [&hellip;]<\/p>\n","protected":false},"author":2,"featured_media":0,"parent":84,"menu_order":0,"comment_status":"closed","ping_status":"closed","template":"","meta":{"footnotes":""},"class_list":["post-3942","page","type-page","status-publish","hentry"],"_links":{"self":[{"href":"https:\/\/www.tsd.hr\/site\/wp-json\/wp\/v2\/pages\/3942","targetHints":{"allow":["GET"]}}],"collection":[{"href":"https:\/\/www.tsd.hr\/site\/wp-json\/wp\/v2\/pages"}],"about":[{"href":"https:\/\/www.tsd.hr\/site\/wp-json\/wp\/v2\/types\/page"}],"author":[{"embeddable":true,"href":"https:\/\/www.tsd.hr\/site\/wp-json\/wp\/v2\/users\/2"}],"replies":[{"embeddable":true,"href":"https:\/\/www.tsd.hr\/site\/wp-json\/wp\/v2\/comments?post=3942"}],"version-history":[{"count":9,"href":"https:\/\/www.tsd.hr\/site\/wp-json\/wp\/v2\/pages\/3942\/revisions"}],"predecessor-version":[{"id":8345,"href":"https:\/\/www.tsd.hr\/site\/wp-json\/wp\/v2\/pages\/3942\/revisions\/8345"}],"up":[{"embeddable":true,"href":"https:\/\/www.tsd.hr\/site\/wp-json\/wp\/v2\/pages\/84"}],"wp:attachment":[{"href":"https:\/\/www.tsd.hr\/site\/wp-json\/wp\/v2\/media?parent=3942"}],"curies":[{"name":"wp","href":"https:\/\/api.w.org\/{rel}","templated":true}]}}