{"id":3946,"date":"2018-03-18T16:20:33","date_gmt":"2018-03-18T15:20:33","guid":{"rendered":"http:\/\/www.tsd.hr\/site\/?page_id=3946"},"modified":"2019-04-03T22:46:29","modified_gmt":"2019-04-03T20:46:29","slug":"tehnicar-za-mehatroniku","status":"publish","type":"page","link":"https:\/\/www.tsd.hr\/site\/obrazovni-programi\/tehnicar-za-mehatroniku\/","title":{"rendered":"Tehni\u010dar za mehatroniku"},"content":{"rendered":"<h2><strong><u>TEHNI\u010cAR ZA MEHATRONIKU\/TEHNI\u010cARKA ZA MEHATRONIKU<\/u><\/strong><\/h2>\n<p><iframe loading=\"lazy\" width=\"560\" height=\"315\" src=\"https:\/\/www.youtube.com\/embed\/Ciaa9yHyxX4\" frameborder=\"0\" allow=\"accelerometer; autoplay; encrypted-media; gyroscope; picture-in-picture\" allowfullscreen><\/iframe><br \/>\n<strong>Vrsta i tip programa<\/strong>: Strukovni program \u010detverogodi\u0161njeg trajanja obrazovanja<\/p>\n<p><strong>Obrazovni sektor<\/strong>: elektrotehnika i ra\u010dunalstvo<\/p>\n<p><strong>\u0160ifra zanimanja<\/strong>: 041524<\/p>\n<ul>\n<li><strong>Opis zanimanja<\/strong>:<\/li>\n<\/ul>\n<p>Projektira, nadogra\u0111uje i odr\u017eava mehatroni\u010dke sustave \u2013 strojeve, alate i ure\u0111aje koji se sastoje od elektroni\u010dkih, strojarskih, opti\u010dkih, automatiziranih i kompjuteriziranih sklopova. U novije vrijeme sve je vi\u0161e mehatroni\u010dkih proizvoda: primjerice razni roboti, digitalno upravljani strojevi, automatski vo\u0111ena vozila, elektroni\u010dke kamere, telefaks ure\u0111aji, fotokopirni strojevi, avio-ure\u0111aji i dr.<br \/>\nBavi se projektiranjem automatskih strojeva, naprava i alata te prema potrebi nadogra\u0111uje navedene ure\u0111aje. Izra\u0111uje tehnolo\u0161ku dokumentaciju za neki ure\u0111aj uz pomo\u0107 specijaliziranih ra\u010dunalnih programa (CAD\/CAM, SOLID, EDGE, CATIA). Tako\u0111er nadzire vo\u0111enje slo\u017eenih procesa u pogonima izrade mehatroni\u010dkih ure\u0111aja.<br \/>\nZanimanje obuhva\u0107a obavljanje poslova iz podru\u010dja automatizacije, koje obuhva\u0107a granu strojarstva, elektrotehnike, elektronike, pneumatike i hidraulike te ra\u010dunalstva i programiranja i kao takvo integrira znanja i vje\u0161tine koje su do sada u pojedinim granama zasebno obavljali stru\u010dnjaci s podru\u010dja strojarstva, elektrotehnike i ra\u010dunalstva.<\/p>\n<ul>\n<li><strong>Zdravstveni zahtjevi<\/strong>:<\/li>\n<\/ul>\n<p>Uredan vid, dubinski (prostorni) vid i raspoznavanje boja, uredna ravnote\u017ea i stabilno stanje svijesti, uredno kognitivno, emocionalno i psihomotori\u010dko funkcioniranje, uredna funkcija mi\u0161i\u0107no-ko\u0161tanog sustava, uredna funkcija sr\u010dano-\u017eilnog i di\u0161nog sustava.<br \/>\n* Potreban uredan sluh. Kada je kandidatu s te\u0161ko\u0107ama dostupna odgovaraju\u0107a prilagodba, navedeni zdravstveni zahtjevi za navedeni program ne uzimaju se u obzir.<\/p>\n<ul>\n<li><strong>Potreban dokument za upis<\/strong>: lije\u010dni\u010dka svjedod\u017eba medicine rada<\/li>\n<li>Zavr\u0161etak srednjo\u0161kolskog programa obrazovanja u\u010denici zavr\u0161avaju izradom i obranom zavr\u0161nog rada.<\/li>\n<li>U\u010denici mogu polagati i ispite dr\u017eavne mature koji im omogu\u0107uju nastavak \u0161kolovanja na visoko\u0161kolskoj razini. Pri tome je obavezno polo\u017eiti ispite iz hrvatskog jezika, stranog jezika i matematike, na A (vi\u0161oj) ili B (ni\u017eoj) razini. U\u010denik mo\u017ee odabrati polagati izborne ispite prema postavljenim zahtjevima visoko\u0161kolske ustanove koju je odabrao<\/li>\n<li><strong>Nastavni plan i program<\/strong><\/li>\n<\/ul>\n<p><a href=\"http:\/\/www.tsd.hr\/site\/wp-content\/uploads\/2016\/07\/mt.png\" rel=\"attachment wp-att-5105\"><img loading=\"lazy\" decoding=\"async\" class=\"alignnone size-full wp-image-5105\" src=\"http:\/\/www.tsd.hr\/site\/wp-content\/uploads\/2016\/07\/mt.png\" alt=\"mt\" width=\"504\" height=\"635\" srcset=\"https:\/\/www.tsd.hr\/site\/wp-content\/uploads\/2016\/07\/mt.png 504w, https:\/\/www.tsd.hr\/site\/wp-content\/uploads\/2016\/07\/mt-238x300.png 238w\" sizes=\"auto, (max-width: 504px) 100vw, 504px\" \/><\/a><\/p>\n<p><strong>Napomena<\/strong>: u tre\u0107em razredu u\u010denik bira jedan od ponu\u0111enih izbornih strukovnih\u00a0modula s pripadaju\u0107im nastavnim predmetima u tre\u0107em i \u010detvrtom razredu:<br \/>\n1. Modul Automatizacija procesnih postrojenja<br \/>\n2.\u00a0Modul Automatizacija energetskih postrojenja<br \/>\n3.\u00a0Modul Numeri\u010dki upravljani strojevi i ure\u0111aji<\/p>\n<ul>\n<li><strong>Znanja, vje\u0161tine i po\u017eeljne osobine<\/strong><\/li>\n<\/ul>\n<p>Tehni\u010dka polivalentnost, inovativnost, spremnost na kontinuirano stjecanje znanja i vje\u0161tina u korak s tehnolo\u0161kim trendovima, to\u010dnost, dosljednost, komunikativnost, sklonost timskom radu.<br \/>\nPostoje mogu\u0107nosti raznih tjelesnih ozljeda uzrokovanih mehani\u010dkim dijelovima strojeva, kao i opasnosti od strujnog udara. Uvjeti psihofizi\u010dke sposobnosti su prosje\u010dne motori\u010dke sposobnosti, a isklju\u010duju daltonizam (nerazlikovanje boja), izuzetnu slabovidnost, te\u0161ka tjelesna o\u0161te\u0107enja i psihi\u010dku nestabilnost.<\/p>\n<ul>\n<li><strong>Uvjeti rada<\/strong><\/li>\n<\/ul>\n<p>Dio radnih zadataka obavlja se u uredima, a dio u pogonima ili radionicama razli\u010ditih vrsta, kontinuirane proizvodnje (rad u vi\u0161e smjena). U vrlo rijetkim vrstama pogona mogu se pojaviti neki od ekstremnijih uvjeta rada, a u najve\u0107em broju slu\u010dajeva prevladavaju uobi\u010dajeni pogonski uvjeti.<\/p>\n<ul>\n<li><strong>\u00a0<\/strong><strong>Mogu\u0107nosti zapo\u0161ljavanja<\/strong><\/li>\n<\/ul>\n<p>Sve slo\u017eeniji automatizirani ure\u0111aji zahtijevaju odgovaraju\u0107e znanje i vje\u0161tine, posebno sa stajali\u0161ta vo\u0111enja i upravljanja procesima, za koje je ovo zanimanje namijenjeno. \u0160irina znanja ovog zanimanja omogu\u0107ava zamjenu rada vi\u0161e djelatnika razli\u010ditih profila jednim djelatnikom pri poslovima projektiranja, izradbe, monta\u017ee i odr\u017eavanja manjih i slo\u017eenijih ure\u0111aja i sustava. Zanimanje je polivalentno te omogu\u0107ava jednostavan prelazak u druga zanimanja u podru\u010dju strojarstva i elektrotehnike. Osim toga, dobra je podloga za specijalizacije i nastavak \u0161kolovanja na veleu\u010dili\u0161nim i sveu\u010dili\u0161nim studijima.<\/p>\n<p>Izvori: <a href=\"https:\/\/www.upisi.hr\/upisi\/\" target=\"_blank\" rel=\"noopener\">www.upisi.hr<\/a>, <a href=\"http:\/\/e-usmjeravanje.hzz.hr\/\" target=\"_blank\" rel=\"noopener\">e-usmjeravanje.hzz.hr<\/a>, <a href=\"http:\/\/www.asoo.hr\/\" target=\"_blank\" rel=\"noopener\">www.asoo.hr<\/a><\/p>\n","protected":false},"excerpt":{"rendered":"<p>TEHNI\u010cAR ZA MEHATRONIKU\/TEHNI\u010cARKA ZA MEHATRONIKU Vrsta i tip programa: Strukovni program \u010detverogodi\u0161njeg trajanja obrazovanja Obrazovni sektor: elektrotehnika i ra\u010dunalstvo \u0160ifra zanimanja: 041524 Opis zanimanja: Projektira, nadogra\u0111uje i odr\u017eava mehatroni\u010dke sustave \u2013 strojeve, alate i ure\u0111aje koji se sastoje od elektroni\u010dkih, strojarskih, opti\u010dkih, automatiziranih i kompjuteriziranih sklopova. U novije vrijeme sve je vi\u0161e mehatroni\u010dkih proizvoda: primjerice [&hellip;]<\/p>\n","protected":false},"author":2,"featured_media":0,"parent":84,"menu_order":0,"comment_status":"closed","ping_status":"closed","template":"","meta":{"footnotes":""},"class_list":["post-3946","page","type-page","status-publish","hentry"],"_links":{"self":[{"href":"https:\/\/www.tsd.hr\/site\/wp-json\/wp\/v2\/pages\/3946","targetHints":{"allow":["GET"]}}],"collection":[{"href":"https:\/\/www.tsd.hr\/site\/wp-json\/wp\/v2\/pages"}],"about":[{"href":"https:\/\/www.tsd.hr\/site\/wp-json\/wp\/v2\/types\/page"}],"author":[{"embeddable":true,"href":"https:\/\/www.tsd.hr\/site\/wp-json\/wp\/v2\/users\/2"}],"replies":[{"embeddable":true,"href":"https:\/\/www.tsd.hr\/site\/wp-json\/wp\/v2\/comments?post=3946"}],"version-history":[{"count":15,"href":"https:\/\/www.tsd.hr\/site\/wp-json\/wp\/v2\/pages\/3946\/revisions"}],"predecessor-version":[{"id":8344,"href":"https:\/\/www.tsd.hr\/site\/wp-json\/wp\/v2\/pages\/3946\/revisions\/8344"}],"up":[{"embeddable":true,"href":"https:\/\/www.tsd.hr\/site\/wp-json\/wp\/v2\/pages\/84"}],"wp:attachment":[{"href":"https:\/\/www.tsd.hr\/site\/wp-json\/wp\/v2\/media?parent=3946"}],"curies":[{"name":"wp","href":"https:\/\/api.w.org\/{rel}","templated":true}]}}