{"id":650,"date":"2010-11-11T21:12:21","date_gmt":"2010-11-11T19:12:21","guid":{"rendered":"http:\/\/www.tsd.hr\/site\/?page_id=650"},"modified":"2015-02-13T11:34:40","modified_gmt":"2015-02-13T10:34:40","slug":"zavrsni-rad-predlozak","status":"publish","type":"page","link":"https:\/\/www.tsd.hr\/site\/dokumenti\/zavrsni-rad-predlozak\/","title":{"rendered":"Predlo\u017eak dokumenta za izradu zavr\u0161nog rada"},"content":{"rendered":"<p>Na ovoj stranici mo\u017eete preuzeti predlo\u017eak dokumenta za izradu zavr\u0161nog rada. Svi zavr\u0161ni radovi moraju biti pisani prema ovom predlo\u0161ku!<\/p>\n<p><a href='http:\/\/www.tsd.hr\/site\/wp-content\/uploads\/2015\/02\/tsd_predlozak_zavrsni_rad.doc'>tsd_predlozak_zavrsni_rad.doc<\/a><\/p>\n","protected":false},"excerpt":{"rendered":"<p>Na ovoj stranici mo\u017eete preuzeti predlo\u017eak dokumenta za izradu zavr\u0161nog rada. Svi zavr\u0161ni radovi moraju biti pisani prema ovom predlo\u0161ku! tsd_predlozak_zavrsni_rad.doc<\/p>\n","protected":false},"author":1,"featured_media":0,"parent":54,"menu_order":0,"comment_status":"open","ping_status":"open","template":"","meta":{"footnotes":""},"class_list":["post-650","page","type-page","status-publish","hentry"],"_links":{"self":[{"href":"https:\/\/www.tsd.hr\/site\/wp-json\/wp\/v2\/pages\/650","targetHints":{"allow":["GET"]}}],"collection":[{"href":"https:\/\/www.tsd.hr\/site\/wp-json\/wp\/v2\/pages"}],"about":[{"href":"https:\/\/www.tsd.hr\/site\/wp-json\/wp\/v2\/types\/page"}],"author":[{"embeddable":true,"href":"https:\/\/www.tsd.hr\/site\/wp-json\/wp\/v2\/users\/1"}],"replies":[{"embeddable":true,"href":"https:\/\/www.tsd.hr\/site\/wp-json\/wp\/v2\/comments?post=650"}],"version-history":[{"count":1,"href":"https:\/\/www.tsd.hr\/site\/wp-json\/wp\/v2\/pages\/650\/revisions"}],"predecessor-version":[{"id":3455,"href":"https:\/\/www.tsd.hr\/site\/wp-json\/wp\/v2\/pages\/650\/revisions\/3455"}],"up":[{"embeddable":true,"href":"https:\/\/www.tsd.hr\/site\/wp-json\/wp\/v2\/pages\/54"}],"wp:attachment":[{"href":"https:\/\/www.tsd.hr\/site\/wp-json\/wp\/v2\/media?parent=650"}],"curies":[{"name":"wp","href":"https:\/\/api.w.org\/{rel}","templated":true}]}}