{"id":7,"date":"2018-01-16T16:55:58","date_gmt":"2018-01-16T15:55:58","guid":{"rendered":"http:\/\/localhost\/Bluelight-Tutorial\/?page_id=7"},"modified":"2025-10-15T11:33:08","modified_gmt":"2025-10-15T09:33:08","slug":"kontakt","status":"publish","type":"page","link":"https:\/\/www.tsd.hr\/site\/kontakt\/","title":{"rendered":"Kontakt"},"content":{"rendered":"\n<p><strong>Tehni\u010dka \u0161kola Daruvar<\/strong><\/p>\n\n\n\n<p><strong>Gunduli\u0107eva 14<br>43500 Daruvar<\/strong><\/p>\n\n\n\n<p><strong>OIB: 64104704225<\/strong><\/p>\n\n\n\n<p><strong>&nbsp;Telefoni:<\/strong><\/p>\n\n\n\n<figure class=\"wp-block-table\"><table class=\"table table-hover\"><tbody><tr><td>Ravnateljica, telefon<\/td><td>043 331 030<\/td><\/tr><tr><td>Tajnik, telefon<\/td><td>043 331 082<\/td><\/tr><tr><td>Ra\u010dunovodstvo, telefon<\/td><td>091 328 61 76<\/td><\/tr><tr><td>Pedagoginja, telefon<\/td><td>043 335 807<\/td><\/tr><tr><td>Auto\u0161kola, telefon-fax<\/td><td>043 440 141<\/td><\/tr><tr><td>Radionica, telefon-fax<\/td><td>043 331 094<\/td><\/tr><\/tbody><\/table><\/figure>\n\n\n\n<p><strong>E-mail adrese:<\/strong><\/p>\n\n\n\n<div class=\"wp-block-columns is-layout-flex wp-container-core-columns-is-layout-9d6595d7 wp-block-columns-is-layout-flex\">\n<div class=\"wp-block-column is-layout-flow wp-block-column-is-layout-flow\" style=\"flex-basis:100%\">\n<figure class=\"wp-block-table\"><table class=\"table table-hover\"><tbody><tr><td>Ravnateljica<\/td><td>Libu\u0161ka Klubi\u010dko-Palatinu\u0161<\/td><td><a href=\"mailto:ravnatelj@tsd.hr\">ravnatelj@tsd.hr<\/a><\/td><\/tr><tr><td>Tajnik<\/td><td>Patrik Lali\u0107<\/td><td><a href=\"mailto:tajnistvo@tsd.hr\">tajnistvo@tsd.hr<\/a><\/td><\/tr><tr><td>Ra\u010dunovodstvo<\/td><td>Jelena Matkovi\u0107<\/td><td><u><a href=\"mailto:jelena.matkovic2@skole.hr\">jelena.matkovic2@skole.hr<\/a><\/u><\/td><\/tr><tr><td>&nbsp;<\/td><td>Ankica Dolak Kudeli\u0107<\/td><td><a href=\"mailto:ankica.dolak@skole.hr\">ankica.dolak@skole.hr&nbsp;<\/a>&nbsp;<\/td><\/tr><tr><td>Knji\u017eni\u010darka<\/td><td>Sandra Milek<\/td><td><a href=\"mailto:knjiznica@tsd.hr\">knjiznica@tsd.hr<\/a><\/td><\/tr><tr><td>Socijalna pedagoginja <\/td><td>Ivana \u010coban<\/td><td><a href=\"mailto:pedagog@tsd.hr\">pedagog@tsd.hr<\/a><\/td><\/tr><tr><td>Psihologinja<\/td><td>Anita \u0160ugi\u0107<\/td><td><a href=\"mailto:psihologtsd@gmail.com\">psihologtsd@gmail.com<\/a> <\/td><\/tr><tr><td>Pedagoginja<\/td><td>Mihaela Horvat<\/td><td><a href=\"mailto:mh.pedagogtsd@gmail.com\">mh.pedagogtsd@gmail.com<\/a><\/td><\/tr><tr><td>Auto\u0161kola<\/td><td>Dra\u017een P\u0159enosil<\/td><td><a href=\"mailto:autoskola@tsd.hr\">autoskola@tsd.hr<\/a><\/td><\/tr><tr><td>Radionica<\/td><td>Miro Kligl<\/td><td><a href=\"mailto:radionica@tsd.hr\">radionica@tsd.hr<\/a><\/td><\/tr><tr><td>WEB admin<\/td><td>Krunoslav Husak<\/td><td><a href=\"mailto:tsd@tsd.hr\">kruno@tsd.hr<\/a><\/td><\/tr><\/tbody><\/table><\/figure>\n<\/div>\n<\/div>\n","protected":false},"excerpt":{"rendered":"<p>Tehni\u010dka \u0161kola Daruvar Gunduli\u0107eva 1443500 Daruvar OIB: 64104704225 &nbsp;Telefoni: Ravnateljica, telefon 043 331 030 Tajnik, telefon 043 331 082 Ra\u010dunovodstvo, telefon 091 328 61 76 Pedagoginja, telefon 043 335 807 Auto\u0161kola, telefon-fax 043 440 141 Radionica, telefon-fax 043 331 094 E-mail adrese: Ravnateljica Libu\u0161ka Klubi\u010dko-Palatinu\u0161 ravnatelj@tsd.hr Tajnik Patrik Lali\u0107 tajnistvo@tsd.hr Ra\u010dunovodstvo Jelena Matkovi\u0107 jelena.matkovic2@skole.hr &nbsp; [&hellip;]<\/p>\n","protected":false},"author":1,"featured_media":0,"parent":0,"menu_order":0,"comment_status":"closed","ping_status":"open","template":"","meta":{"footnotes":""},"class_list":["post-7","page","type-page","status-publish","hentry"],"_links":{"self":[{"href":"https:\/\/www.tsd.hr\/site\/wp-json\/wp\/v2\/pages\/7","targetHints":{"allow":["GET"]}}],"collection":[{"href":"https:\/\/www.tsd.hr\/site\/wp-json\/wp\/v2\/pages"}],"about":[{"href":"https:\/\/www.tsd.hr\/site\/wp-json\/wp\/v2\/types\/page"}],"author":[{"embeddable":true,"href":"https:\/\/www.tsd.hr\/site\/wp-json\/wp\/v2\/users\/1"}],"replies":[{"embeddable":true,"href":"https:\/\/www.tsd.hr\/site\/wp-json\/wp\/v2\/comments?post=7"}],"version-history":[{"count":14,"href":"https:\/\/www.tsd.hr\/site\/wp-json\/wp\/v2\/pages\/7\/revisions"}],"predecessor-version":[{"id":14185,"href":"https:\/\/www.tsd.hr\/site\/wp-json\/wp\/v2\/pages\/7\/revisions\/14185"}],"wp:attachment":[{"href":"https:\/\/www.tsd.hr\/site\/wp-json\/wp\/v2\/media?parent=7"}],"curies":[{"name":"wp","href":"https:\/\/api.w.org\/{rel}","templated":true}]}}