{"id":7439,"date":"2018-06-27T19:57:52","date_gmt":"2018-06-27T17:57:52","guid":{"rendered":"https:\/\/www.tsd.hr\/site\/?page_id=7439"},"modified":"2019-04-03T22:38:32","modified_gmt":"2019-04-03T20:38:32","slug":"cnc-operater","status":"publish","type":"page","link":"https:\/\/www.tsd.hr\/site\/obrazovni-programi\/cnc-operater\/","title":{"rendered":"CNC operater"},"content":{"rendered":"<h2><strong><u>CNC operater\/CNC operaterka<\/u><\/strong><\/h2>\n<p><iframe loading=\"lazy\" width=\"560\" height=\"315\" src=\"https:\/\/www.youtube.com\/embed\/LWYwS5Cwaf4\" frameborder=\"0\" allow=\"accelerometer; autoplay; encrypted-media; gyroscope; picture-in-picture\" allowfullscreen><\/iframe>&nbsp;<\/p>\n<p><strong>Vrsta i tip programa<\/strong>: Strukovni program trogodi\u0161njeg trajanja obrazovanja za industriju i gospodarstvo<\/p>\n<p><strong>Obrazovni sektor<\/strong>: strojarstvo, brodogradnja i metalurgija<\/p>\n<p><strong>\u0160ifra zanimanja<\/strong>: 012703<\/p>\n<ul>\n<li><strong>Opis zanimanja<\/strong>:<\/li>\n<\/ul>\n<p>CNC operater (obra\u0111iva\u010d na numeri\u010dki upravljanim alatnim strojevima) radi u tvrtkama strojne obrade, u pogonima odr\u017eavanja i proizvodnje strojnih dijelova i ure\u0111aja.<br \/>\nObrazovanjem za ovo zanimanje stje\u010du se kompetencije za samostalno obavljanje poslova i radnih zadataka rukovanja klasi\u010dnim i numeri\u010dki upravljanim alatnim strojevima (NUAS) u proizvodnji kao i izradi strojnih dijelova pri remontu strojeva i ure\u0111aja.<br \/>\nSamostalno izra\u0111uje jednostavnije tehni\u010dke crte\u017ee i skice, a slo\u017eenije o\u010ditava kako bi prema njima mogao izra\u0111ivati izratke. Radi na upravlja\u010dkim ra\u010dunalima na numeri\u010dki kontroliranim strojevima, pode\u0161ava ih, odr\u017eava i popravlja.<br \/>\nZa sve se prora\u010dune, skiciranja i crte\u017ee koristi odgovaraju\u0107im ra\u010dunalnim programima, naro\u010dito vezanim uz crtanje na ra\u010dunalu (AutoCAD, Catia, SolidEge). Koristi se programom za simulaciju koji slu\u017ei za programiranje CNC stroja i izvo\u0111enje 3D simulacija obrade.<\/p>\n<ul>\n<li><strong>Zdravstveni zahtjevi<\/strong>:<\/li>\n<\/ul>\n<p>Uredan vid, dubinski (prostorni) vid, raspoznavanje boja, uredna funkcija mi\u0161i\u0107no-ko\u0161tanog sustava, uredna funkcija di\u0161nog i sr\u010dano-\u017eilnog sustava, uredno kognitivno, emocionalno i psihomotori\u010dko funkcioniranje, uredna funkcija ko\u017ee na \u0161akama i podlakticama, stabilno stanje svijesti i uredna ravnote\u017ea.<br \/>\n* Kada je kandidatu s te\u0161ko\u0107ama dostupna odgovaraju\u0107a prilagodba, navedeni zdravstveni zahtjevi za navedeni program ne uzimaju se u obzir.<\/p>\n<ul>\n<li><strong>Potrebni dokumenti za upis<\/strong>: lije\u010dni\u010dka svjedod\u017eba medicine rada<\/li>\n<\/ul>\n<ul>\n<li>Zavr\u0161etak srednjo\u0161kolskog programa obrazovanja u\u010denici zavr\u0161avaju izradom i obranom zavr\u0161nog rada i tako stje\u010du kvalifikaciju za tr\u017ei\u0161te rada. Po zavr\u0161etku strukovne kvalifikacije kandidati mogu prijavljivati i pomo\u0107ni\u010dki ispit.<\/li>\n<li>U\u010denici mogu nastaviti obrazovanje za vi\u0161u razinu kvalifikacije (zanimanje \u010detverogodi\u0161njeg trajanja) u statusu redovitog u\u010denika u pravilu unutar istoga obrazovnog sektora u kojem je ste\u010deno prethodno strukovno obrazovanje.<\/li>\n<li>Po zavr\u0161etku vi\u0161e razine kvalifikacije u\u010denici mogu polagati ispite dr\u017eavne mature koji im omogu\u0107uju nastavak \u0161kolovanja na visoko\u0161kolskoj razini.<\/li>\n<li><strong>Nastavni plan i program<\/strong>:<\/li>\n<\/ul>\n<p><a href=\"https:\/\/www.tsd.hr\/site\/wp-content\/uploads\/2018\/05\/CNC-operater.jpg\"><img loading=\"lazy\" decoding=\"async\" class=\"alignnone size-full wp-image-7440\" src=\"https:\/\/www.tsd.hr\/site\/wp-content\/uploads\/2018\/05\/CNC-operater.jpg\" alt=\"\" width=\"710\" height=\"647\" srcset=\"https:\/\/www.tsd.hr\/site\/wp-content\/uploads\/2018\/05\/CNC-operater.jpg 710w, https:\/\/www.tsd.hr\/site\/wp-content\/uploads\/2018\/05\/CNC-operater-300x273.jpg 300w\" sizes=\"auto, (max-width: 710px) 100vw, 710px\" \/><\/a><\/p>\n<p>* Kod odabira izbornog predmeta u 1. godini obrazovanja preporu\u010da se nastavni predmet Tehni\u010dko crtanje, a u 2. godini nastavni predmet Tehni\u010dka mehanika<\/p>\n<p>* Prakti\u010dnu nastavu u\u010denici obavljaju svaki tjedan (3 dana nastave, 2 dana prakse), u licenciranim obrtima i radionicama, te \u0161kolskoj radionici.<\/p>\n<ul>\n<li><strong>Znanja, vje\u0161tine i po\u017eeljne osobine<\/strong><\/li>\n<\/ul>\n<p>CNC operater mora se znati samostalno slu\u017eiti korisni\u010dkim programima vezanim uz zanimanje, naro\u010dito vezanim uz crtanje na ra\u010dunalu (Auto CAD, Catia, SolidEge).<br \/>\nTako\u0111er treba poznavati glavne dijelove numeri\u010dki upravljanih alatnih strojeva, njihovu ulogu te principe i pravila rada stroja, kako bi mogao izvr\u0161avati pode\u0161avanje i pripremu za izvo\u0111enje zadanih operacija te redovno odr\u017eavanje i popravljanje strojeva.<br \/>\nMora posjedovati znanja o alatima, principu rada i postupcima pripreme alata za rad na numeri\u010dki upravljanim alatnim strojevima, znanja o primjeni programa za izradu izratka na numeri\u010dki upravljanim alatnim strojevima te znanja o izradi istog.<br \/>\nPotrebna je dodatna spremnost za kori\u0161tenje stru\u010dne literature te pra\u0107enje i usvajanje novih znanja i tehnologija.<br \/>\nNajva\u017enije psihofizi\u010dke sposobnosti za uspje\u0161no obavljanje poslova navedenog zanimanja su: sposobnost prostornog predo\u010davanja, smisao za crtanje, smisao za rje\u0161avanje mehani\u010dkih problema i dobar vid. Po\u017eeljna je preciznost i odgovornost u radu.<\/p>\n<ul>\n<li><strong>Uvjeti rada <\/strong><\/li>\n<\/ul>\n<p>CNC operater radi u zatvorenim radnim prostorima, normalne temperature, uglavnom u prisutnosti drugih ljudi, \u010desto u smjenama.<br \/>\nMo\u017ee biti izlo\u017een utjecaju buke, vibracija ili pra\u0161ine. Tijekom rada, uglavnom je u stoje\u0107em polo\u017eaju. Kontraindikacije za obavljanje poslova obra\u0111iva\u010da na numeri\u010dki upravljanim alatnim strojevima su o\u0161te\u0107enja kralje\u017enice, ruku, nogu i sluha, alergijske reakcije, te\u017ee kroni\u010dne bolesti kao i o\u0161te\u0107ena funkcija vida i nedostatak stereovida.<\/p>\n<ul>\n<li><strong>\u00a0<\/strong><strong>Mogu\u0107nosti zapo\u0161ljavanja<\/strong><\/li>\n<\/ul>\n<p>CNC operateri zapo\u0161ljavaju se u radionicama strojne obrade, u pogonima za odr\u017eavanje i proizvodnju strojnih dijelova i ure\u0111aja, u industrijskim i obrtni\u010dkim radionicama i tvrtkama. Mogu\u0107e je zapo\u0161ljavanje u svim industrijskim djelatnostima te u privatnom poduzetni\u0161tvu.<\/p>\n<ul>\n<li><strong>Srodna zanimanja<\/strong><\/li>\n<\/ul>\n<p>Tokar, gloda\u010d, brusa\u010d, bu\u0161a\u010d, ra\u010dunalni tehni\u010dar za strojarstvo<\/p>\n","protected":false},"excerpt":{"rendered":"<p>CNC operater\/CNC operaterka &nbsp; Vrsta i tip programa: Strukovni program trogodi\u0161njeg trajanja obrazovanja za industriju i gospodarstvo Obrazovni sektor: strojarstvo, brodogradnja i metalurgija \u0160ifra zanimanja: 012703 Opis zanimanja: CNC operater (obra\u0111iva\u010d na numeri\u010dki upravljanim alatnim strojevima) radi u tvrtkama strojne obrade, u pogonima odr\u017eavanja i proizvodnje strojnih dijelova i ure\u0111aja. Obrazovanjem za ovo zanimanje stje\u010du [&hellip;]<\/p>\n","protected":false},"author":3,"featured_media":0,"parent":84,"menu_order":0,"comment_status":"closed","ping_status":"closed","template":"","meta":{"footnotes":""},"class_list":["post-7439","page","type-page","status-publish","hentry"],"_links":{"self":[{"href":"https:\/\/www.tsd.hr\/site\/wp-json\/wp\/v2\/pages\/7439","targetHints":{"allow":["GET"]}}],"collection":[{"href":"https:\/\/www.tsd.hr\/site\/wp-json\/wp\/v2\/pages"}],"about":[{"href":"https:\/\/www.tsd.hr\/site\/wp-json\/wp\/v2\/types\/page"}],"author":[{"embeddable":true,"href":"https:\/\/www.tsd.hr\/site\/wp-json\/wp\/v2\/users\/3"}],"replies":[{"embeddable":true,"href":"https:\/\/www.tsd.hr\/site\/wp-json\/wp\/v2\/comments?post=7439"}],"version-history":[{"count":3,"href":"https:\/\/www.tsd.hr\/site\/wp-json\/wp\/v2\/pages\/7439\/revisions"}],"predecessor-version":[{"id":8331,"href":"https:\/\/www.tsd.hr\/site\/wp-json\/wp\/v2\/pages\/7439\/revisions\/8331"}],"up":[{"embeddable":true,"href":"https:\/\/www.tsd.hr\/site\/wp-json\/wp\/v2\/pages\/84"}],"wp:attachment":[{"href":"https:\/\/www.tsd.hr\/site\/wp-json\/wp\/v2\/media?parent=7439"}],"curies":[{"name":"wp","href":"https:\/\/api.w.org\/{rel}","templated":true}]}}