{"id":7449,"date":"2018-06-08T12:38:03","date_gmt":"2018-06-08T10:38:03","guid":{"rendered":"https:\/\/www.tsd.hr\/site\/?page_id=7449"},"modified":"2018-06-29T15:47:56","modified_gmt":"2018-06-29T13:47:56","slug":"cnc","status":"publish","type":"page","link":"https:\/\/www.tsd.hr\/site\/cnc\/","title":{"rendered":"DA za CNC"},"content":{"rendered":"<p>Po\u0161tovani,<\/p>\n<p>Tehni\u010dka \u0161kola Daruvar\u00a0 bi Vam bila iznimno zahvalna ukoliko se uklju\u010dite u akciju za\u00a0kupnju CNC obradnog stroja.<\/p>\n<p><a href=\"https:\/\/www.tsd.hr\/site\/wp-content\/uploads\/2018\/06\/CNCstroj.png\" target=\"_blank\" rel=\"https:\/\/www.indiegogo.com\/projects\/da-za-cnc-da-for-cnc#\/ noopener\"><img loading=\"lazy\" decoding=\"async\" class=\"aligncenter wp-image-7459 size-medium\" src=\"https:\/\/www.tsd.hr\/site\/wp-content\/uploads\/2018\/06\/CNCstroj-300x225.png\" alt=\"\" width=\"300\" height=\"225\" srcset=\"https:\/\/www.tsd.hr\/site\/wp-content\/uploads\/2018\/06\/CNCstroj-300x225.png 300w, https:\/\/www.tsd.hr\/site\/wp-content\/uploads\/2018\/06\/CNCstroj.png 320w\" sizes=\"auto, (max-width: 300px) 100vw, 300px\" \/><\/a><\/p>\n<p>Kupnjom CNC obradnog stroja osigurali bi u\u010denicima stjecanje suvremenih prakti\u010dnih znanja i vje\u0161tina te razvijanje kompetencija strojne obrade na CNC stroju.<\/p>\n<p><iframe loading=\"lazy\" width=\"730\" height=\"411\" src=\"https:\/\/www.youtube.com\/embed\/UmhCm-loMLo?feature=oembed\" frameborder=\"0\" allow=\"autoplay; encrypted-media\" allowfullscreen><\/iframe><\/p>\n<p>\u0160kola nije u mogu\u0107nosti osigurati potrebna sredstva za kupnju CNC stroja \u010dija je vrijednost\u00a0350.000,00 kn (CNC obradni centar VMC740), stoga Vas srda\u010dno molimo da se uklju\u010dite u\u00a0kampanju koju \u0107emo provoditi od 8. lipnja do 8. srpnja 2018. godine.<\/p>\n<p>Akciju podr\u017eavaju brojne osobe iz javnog \u017eivota\u00a0 i zato pozivamo i Vas da s Vama prihvatljivim iznosom poduprete na\u0161u\u00a0akciju uplatom na IBAN ra\u010duna HR5323400091510441759.<\/p>\n<p>Poruke podr\u0161ke:<br \/>\n<a href=\"https:\/\/www.youtube.com\/watch?v=d7kdrvvN9k4\" target=\"_blank\" rel=\"noopener\">Vanna<\/a>,\u00a0 <a href=\"https:\/\/www.youtube.com\/watch?v=hwNV_TPSGx0\" target=\"_blank\" rel=\"noopener\">Mladen Bodalec<\/a>,\u00a0 <a href=\"https:\/\/www.youtube.com\/watch?v=ee_GegnMHQE\" target=\"_blank\" rel=\"noopener\">Zdravko Sikora i 3.mt<\/a>,\u00a0 <a href=\"https:\/\/www.youtube.com\/watch?v=DcousSs0TRY\" target=\"_blank\" rel=\"noopener\">2.rt<\/a>,\u00a0 <a href=\"https:\/\/www.youtube.com\/watch?v=K0s-UFwZes0\" target=\"_blank\" rel=\"noopener\">\u017dRK Bjellovar<\/a>, <a href=\"https:\/\/www.youtube.com\/watch?v=Cg9QiHGNEVg\" target=\"_blank\" rel=\"noopener\">Helena Bulaja Maduni\u0107<\/a>, <a href=\"https:\/\/www.youtube.com\/watch?v=x9D9u6SSLrI\" target=\"_blank\" rel=\"noopener\">Korado Korlevi\u0107<\/a>, <a href=\"https:\/\/www.youtube.com\/watch?v=Z4MLwQNIVfI\" target=\"_blank\" rel=\"noopener\">Mato Peji\u0107<\/a>, <a href=\"https:\/\/www.youtube.com\/watch?v=5MYHPkEhwqI\" target=\"_blank\" rel=\"noopener\">Ivica Puljak<\/a>, <a href=\"https:\/\/www.youtube.com\/watch?v=ZDWZffs6lCo\" target=\"_blank\" rel=\"noopener\">Tomislav Terzi\u0107<\/a>, <a href=\"https:\/\/www.youtube.com\/watch?v=uE_p94vzPzs\" target=\"_blank\" rel=\"noopener\">Vernesa Smol\u010di\u0107<\/a>, <a href=\"https:\/\/www.youtube.com\/watch?v=Y_8ONT-EX_g\" target=\"_blank\" rel=\"noopener\">Amaterapeuti<\/a>, <a href=\"https:\/\/www.youtube.com\/watch?v=JL5j62v6T9Y\" target=\"_blank\" rel=\"noopener\">Ante Radoni\u0107<\/a>,\u00a0<a href=\"https:\/\/www.youtube.com\/watch?v=gq64y1OEias\" target=\"_blank\" rel=\"noopener\">ARD\u00da<\/a>,<\/p>\n<p>Ukoliko upla\u0107ujete iz inozemstva na<\/p>\n<p><strong>IBAN ra\u010duna HR5323400091510441759 ; SWIFT CODE : PBZGHR2X .<\/strong><\/p>\n<p><strong><a href=\"https:\/\/www.indiegogo.com\/projects\/da-za-cnc-da-for-cnc#\/\">Mo\u017eete nam uplatiti i preko Indiegogo web stranice na kojoj je otvorena na\u0161a kampanja.<\/a><\/strong><\/p>\n<p><iframe loading=\"lazy\" src=\"https:\/\/www.indiegogo.com\/project\/da-za-cnc-da-for-cnc\/embedded\" width=\"222px\" height=\"445px\" frameborder=\"0\" scrolling=\"no\"><\/iframe><\/p>\n<p>Pratite nas na web stranici, Facebook- u:<\/p>\n<p><a href=\"https:\/\/www.tsd.hr\/site\/cnc\/\">https:\/\/www.tsd.hr\/site\/cnc\/<\/a><\/p>\n<p><a href=\"https:\/\/www.facebook.com\/tsdaruvar\/\">https:\/\/www.facebook.com\/tsdaruvar\/<\/a><\/p>\n<p><iframe style=\"width: 100%; height: 424px;\" src=\"\/\/e.issuu.com\/embed.html#33714950\/62266149\" frameborder=\"0\" allowfullscreen=\"allowfullscreen\"><\/iframe><\/p>\n<p>&nbsp;<\/p>\n<p>Mi \u0107emo Vas od srca nagraditi.<\/p>\n<p>Hvala!<\/p>\n<p>ravnateljica:\u00a0Sanja Klubi\u010dka, dipl. ing.<\/p>\n<p>&nbsp;<\/p>\n<p>Tehni\u010dka \u0161kola Daruvar, Gunduli\u0107eva 14, 43 500 Daruvar, Hrvatska<\/p>\n<p>tel.043\/ 331 &#8211; 082; 043\/331 \u2013 030; tel.\/fax.043\/ 440 \u2013 141<\/p>\n<p><a href=\"mailto:ravnatelj@tsd.hr\">ravnatelj@tsd.hr<\/a>, <a href=\"mailto:cnc@tsd.hr\">cnc@tsd.hr<\/a><\/p>\n","protected":false},"excerpt":{"rendered":"<p>Po\u0161tovani, Tehni\u010dka \u0161kola Daruvar\u00a0 bi Vam bila iznimno zahvalna ukoliko se uklju\u010dite u akciju za\u00a0kupnju CNC obradnog stroja. Kupnjom CNC obradnog stroja osigurali bi u\u010denicima stjecanje suvremenih prakti\u010dnih znanja i vje\u0161tina te razvijanje kompetencija strojne obrade na CNC stroju. \u0160kola nije u mogu\u0107nosti osigurati potrebna sredstva za kupnju CNC stroja \u010dija je vrijednost\u00a0350.000,00 kn (CNC [&hellip;]<\/p>\n","protected":false},"author":1,"featured_media":0,"parent":0,"menu_order":0,"comment_status":"closed","ping_status":"closed","template":"","meta":{"footnotes":""},"class_list":["post-7449","page","type-page","status-publish","hentry"],"_links":{"self":[{"href":"https:\/\/www.tsd.hr\/site\/wp-json\/wp\/v2\/pages\/7449","targetHints":{"allow":["GET"]}}],"collection":[{"href":"https:\/\/www.tsd.hr\/site\/wp-json\/wp\/v2\/pages"}],"about":[{"href":"https:\/\/www.tsd.hr\/site\/wp-json\/wp\/v2\/types\/page"}],"author":[{"embeddable":true,"href":"https:\/\/www.tsd.hr\/site\/wp-json\/wp\/v2\/users\/1"}],"replies":[{"embeddable":true,"href":"https:\/\/www.tsd.hr\/site\/wp-json\/wp\/v2\/comments?post=7449"}],"version-history":[{"count":22,"href":"https:\/\/www.tsd.hr\/site\/wp-json\/wp\/v2\/pages\/7449\/revisions"}],"predecessor-version":[{"id":7549,"href":"https:\/\/www.tsd.hr\/site\/wp-json\/wp\/v2\/pages\/7449\/revisions\/7549"}],"wp:attachment":[{"href":"https:\/\/www.tsd.hr\/site\/wp-json\/wp\/v2\/media?parent=7449"}],"curies":[{"name":"wp","href":"https:\/\/api.w.org\/{rel}","templated":true}]}}