{"id":8489,"date":"2019-06-26T16:01:30","date_gmt":"2019-06-26T14:01:30","guid":{"rendered":"https:\/\/www.tsd.hr\/site\/?page_id=8489"},"modified":"2019-06-28T11:00:59","modified_gmt":"2019-06-28T09:00:59","slug":"tehnicar-za-elektroniku","status":"publish","type":"page","link":"https:\/\/www.tsd.hr\/site\/tehnicar-za-elektroniku\/","title":{"rendered":"Tehni\u010dar za elektroniku"},"content":{"rendered":"<h1>TEHNI\u010cAR ZA ELEKTRONIKU \/ TEHNI\u010cARKA ZA ELEKTRONIKU<\/h1>\n<h1><iframe loading=\"lazy\" src=\"https:\/\/www.youtube.com\/embed\/qfuA0qtUI3w\" width=\"560\" height=\"315\" frameborder=\"0\" allowfullscreen=\"allowfullscreen\"><\/iframe><\/h1>\n<p><strong>Vrsta i tip programa<\/strong>: Strukovni program \u010detverogodi\u0161njeg trajanja obrazovanja<\/p>\n<p><strong>Obrazovni sektor<\/strong>: elektrotehnika i ra\u010dunalstvo<\/p>\n<p>Kod standarda kvalifikacije: SK-0701\/11-02-42\/11-02<br \/>\n\u0160ifra sektora: 07<\/p>\n<p>&nbsp;<\/p>\n<p>Tehni\u010dar za elektroniku prema novom nastavnom programu nudi budu\u0107im u\u010denicima \u0161iroke mogu\u0107nosti u obrazovanju zbog povezivanje elektronike, komunikacijske tehnologije, automatike i ra\u010dunalnih tehnologija. Dana\u0161nji trendovi u elektronici (Arduino, Rabsperry pi, i sl.) razlog su za uvo\u0111enje programa koji osiguravaju stjecanje znanja i vje\u0161tina koje se sve vi\u0161e tra\u017ee, odnosno koja \u0107e se sigurno tra\u017eiti u budu\u0107nosti.<\/p>\n<p>Stoga se kao logi\u010dno rje\u0161enje name\u0107e upisivanje u\u010denika u zanimanje tehni\u010dar za elektroniku po novom programu koji \u0107e u\u010denike osposobiti za rad s elektroni\u010dkim sklopovima u energetici, telekomunikacijama, automatici i tehnici u zgradama. Sva navedena industrijska podru\u010dja po\u010divaju na modernim elektroni\u010dkim sklopovima koji su s razvojem industrije postali vrlo kompleksni i inteligentni i koji razvojem industrije 4.0 i razvojem IOT-a (Internet of things) dobivaju sve ve\u0107i zna\u010daj. Da bi uhvatili korak i pripremili budu\u0107e generacije za ne\u0161to \u0161to je ve\u0107 aktualno i \u0161to \u0107e se u budu\u0107nosti sve vi\u0161e razvijati i primjenjivati, \u017eelja nam je upisati u\u010denike u zanimanje tehni\u010dar za elektroniku i omogu\u0107iti mladim ljudima znanja i vje\u0161tine koje \u0107e se po zavr\u0161etku njihova \u0161kolovanja tra\u017eiti na tr\u017ei\u0161tu te im time omogu\u0107iti ostanak i rad u Republici Hrvatskoj<\/p>\n<p><strong>Tehni\u010dar za elektroniku\u00a0<\/strong>je program koji osposobljava u\u010denike za obavljanje poslova u svim podru\u010djima\u00a0<strong>elektronike<\/strong><br \/>\nte omogu\u0107ava\u00a0<strong>kvalitetnu pripremu<\/strong>\u00a0za polaganje\u00a0<strong>dr\u017eavne mature<\/strong>\u00a0i\u00a0<strong>nastavak obrazovanja na tehni\u010dkim fakultetima<\/strong>.<\/p>\n<p><strong>Tehni\u010dar za elektroniku<\/strong>\u00a0obavlja poslove u podru\u010dju telekomunikacija, industrijske elektronike,<br \/>\nbiomedicinske elektronike i automatike na mjerenju, ispitivanju elemenata i sklopova, montiranju ure\u0111aja i opreme.<\/p>\n<p>Tijekom \u010detverogodi\u0161njeg \u0161kolovanja usvajaju se znanja iz elektrotehnike, analogne i digitalne elektronike,<\/p>\n<p>&nbsp;<\/p>\n<ul>\n<li><strong>Nastavni plan i program<\/strong>:<\/li>\n<\/ul>\n<p>&nbsp;<\/p>\n<p><a href=\"https:\/\/www.tsd.hr\/site\/wp-content\/uploads\/2019\/06\/Te.png\"><img loading=\"lazy\" decoding=\"async\" class=\"wp-image-8491 alignleft\" src=\"https:\/\/www.tsd.hr\/site\/wp-content\/uploads\/2019\/06\/Te-137x300.png\" alt=\"\" width=\"206\" height=\"375\" \/><\/a><\/p>\n<p>&nbsp;<\/p>\n<p>&nbsp;<\/p>\n<p>&nbsp;<\/p>\n<p>&nbsp;<\/p>\n<p>&nbsp;<\/p>\n<p>&nbsp;<\/p>\n<p>&nbsp;<\/p>\n<p>&nbsp;<\/p>\n<p>&nbsp;<\/p>\n<p>&nbsp;<\/p>\n<p>&nbsp;<\/p>\n<p>&nbsp;<\/p>\n<p>&nbsp;<\/p>\n<p>&nbsp;<\/p>\n<p><em><strong>Kompetencije i ishodi u\u010denja:<\/strong><\/em><\/p>\n<div data-canvas-width=\"111.8508\">Pojedinac \u0107e:<\/div>\n<ul>\n<li>koristiti osnovne fizikalne zakone u podru\u010dju elektrotehnike i njihovu primjenu u radu elektroni\u010dkih komponenti, sklopova i\/ili ure\u0111aja<\/li>\n<li>projektirati i izraditi jednostavan analogni ili digitalni elektroni\u010dki sklop i\/ ili ure\u0111aj te ga pustiti u rad<\/li>\n<li>sklapati, uga\u0111ati i odr\u017eavati elektroni\u010dke sklopove i\/ili ure\u0111aje<\/li>\n<li>izvesti i spojiti elektri\u010dne instalacije prema shemama spajanja<\/li>\n<li>detektirati i dijagnosticirati kvarna sklopu i\/ili ure\u0111aju<\/li>\n<li>koristiti elektri\u010dne mjerne instrumente u svrhu ispitivanja rada ure\u0111aja i u svrhu otklanjanja kvarova<\/li>\n<li>interpretirati dobivene mjerne rezultate i donijeti zaklju\u010dke o ure\u0111aju ili sklopu<\/li>\n<li>primjenjivati osnovno znanje o elektri\u010dnim strojevima i ure\u0111ajima te o upravljanju i regulaciji sustava automatizaciji<\/li>\n<li>izvesti jednostavan sustav automatskog nadzora i upravljanja mikroupravlja\u010dem ili industrijskim ra\u010dunalom te upravljati robotom<\/li>\n<li>prikupljati podatke pomo\u0107u ra\u010dunala i mikroupravlja\u010da te ih obra\u0111ivati<\/li>\n<li>umre\u017eiti ra\u010dunala i\/ili ure\u0111aje<\/li>\n<li>koristiti multimedijske tehnike<\/li>\n<li>primjenjivati propise osiguranja kvalitete<\/li>\n<li>koristiti stru\u010dnu literaturu<\/li>\n<li>primjenjivati zakonske propise i norme propisane za rad u tehnici<\/li>\n<li>izra\u0111ivati i a\u017eurirati tehni\u010dku i tehnolo\u0161ku dokumentaciju<\/li>\n<li>izra\u0111ivati ponudbenu dokumentaciju na temelju tehnolo\u0161ke dokumentacije<\/li>\n<li>razvijati kvalitetnu komunikaciju sa suradnicima i klijentima<\/li>\n<li>primjenjivati zakonske propise rada na siguran na\u010din<\/li>\n<li>primjenjivati zakonsku regulativu o za\u0161titi okoli\u0161a i odr\u017eivog razvoja<\/li>\n<li>vrjednovati osobne sposobnosti kako bi se unaprijedio vlastiti rad<\/li>\n<li>razviti potrebu za cjelo\u017eivotnim u\u010denjem.<\/li>\n<\/ul>\n","protected":false},"excerpt":{"rendered":"<p>TEHNI\u010cAR ZA ELEKTRONIKU \/ TEHNI\u010cARKA ZA ELEKTRONIKU Vrsta i tip programa: Strukovni program \u010detverogodi\u0161njeg trajanja obrazovanja Obrazovni sektor: elektrotehnika i ra\u010dunalstvo Kod standarda kvalifikacije: SK-0701\/11-02-42\/11-02 \u0160ifra sektora: 07 &nbsp; Tehni\u010dar za elektroniku prema novom nastavnom programu nudi budu\u0107im u\u010denicima \u0161iroke mogu\u0107nosti u obrazovanju zbog povezivanje elektronike, komunikacijske tehnologije, automatike i ra\u010dunalnih tehnologija. Dana\u0161nji trendovi u [&hellip;]<\/p>\n","protected":false},"author":12,"featured_media":0,"parent":0,"menu_order":0,"comment_status":"closed","ping_status":"closed","template":"","meta":{"footnotes":""},"class_list":["post-8489","page","type-page","status-publish","hentry"],"_links":{"self":[{"href":"https:\/\/www.tsd.hr\/site\/wp-json\/wp\/v2\/pages\/8489","targetHints":{"allow":["GET"]}}],"collection":[{"href":"https:\/\/www.tsd.hr\/site\/wp-json\/wp\/v2\/pages"}],"about":[{"href":"https:\/\/www.tsd.hr\/site\/wp-json\/wp\/v2\/types\/page"}],"author":[{"embeddable":true,"href":"https:\/\/www.tsd.hr\/site\/wp-json\/wp\/v2\/users\/12"}],"replies":[{"embeddable":true,"href":"https:\/\/www.tsd.hr\/site\/wp-json\/wp\/v2\/comments?post=8489"}],"version-history":[{"count":6,"href":"https:\/\/www.tsd.hr\/site\/wp-json\/wp\/v2\/pages\/8489\/revisions"}],"predecessor-version":[{"id":8502,"href":"https:\/\/www.tsd.hr\/site\/wp-json\/wp\/v2\/pages\/8489\/revisions\/8502"}],"wp:attachment":[{"href":"https:\/\/www.tsd.hr\/site\/wp-json\/wp\/v2\/media?parent=8489"}],"curies":[{"name":"wp","href":"https:\/\/api.w.org\/{rel}","templated":true}]}}