{"id":87,"date":"2016-07-13T20:32:02","date_gmt":"2016-07-13T18:32:02","guid":{"rendered":"http:\/\/www.tsd.hr\/site\/?page_id=87"},"modified":"2016-07-13T20:35:02","modified_gmt":"2016-07-13T18:35:02","slug":"elektrotehnicar","status":"publish","type":"page","link":"https:\/\/www.tsd.hr\/site\/obrazovni-programi\/elektrotehnicar\/","title":{"rendered":"Elektrotehni\u010dar"},"content":{"rendered":"<h2><strong><u>ELEKTROTEHNI\u010cAR\/ELEKTROTEHNI\u010cARKA<\/u><\/strong><\/h2>\n<p><strong>Vrsta i tip programa<\/strong>: Strukovni program \u010detverogodi\u0161njeg trajanja obrazovanja<\/p>\n<p><strong>Obrazovni sektor<\/strong>: elektrotehnika i ra\u010dunalstvo<\/p>\n<p><strong>\u0160ifra zanimanja<\/strong>: 040104<\/p>\n<ul>\n<li><strong>Opis zanimanja<\/strong>:<\/li>\n<\/ul>\n<p>Obavlja poslove tehni\u010dkog projektiranja, proizvodnje i kontrole razli\u010ditih elektrotehni\u010dkih proizvoda. Mo\u017ee raditi u pripremi razvojne tehnolo\u0161ke i operativne dokumentacije proizvoda u raznim telekomunikacijskim poduze\u0107ima, elektroindustriji i elektroprivredi.<br \/>\nUz pomo\u0107 drugih stru\u010dnjaka izra\u0111uje sheme, sastavlja tehni\u010dke prora\u010dune i izra\u0111uje crte\u017ee dijelova nekog elektrotehni\u010dkog ure\u0111aja; odre\u0111uje na\u010din, potrebne materijale te odgovaraju\u0107e alate i strojeve za izradu odre\u0111enog proizvoda; konstruira i montira slo\u017eene ure\u0111aje te obavlja ispitivanja materijala i kontrolu elektrotehni\u010dkih proizvoda i njihovih dijelova. Na temelju mjerenja i zamije\u0107enih karakteristika proizvoda, izra\u0111uju upute za sigurno kori\u0161tenje aparata ili ure\u0111aja.<br \/>\nTako\u0111er, mo\u017ee raditi na odr\u017eavanju elektroenergetskih strojeva, ure\u0111aja i opreme; planiranju, konstruiranju i pra\u0107enju izgradnje elektri\u010dnih mre\u017ea te na ispitivanju i odr\u017eavanju elektri\u010dnih generatora, energetskih transformatora i agregata. Poslovi uklju\u010duju i popravak neispravnih ure\u0111aja i elektrotehni\u010dkih aparata.<br \/>\nU svom se radu slu\u017ee razli\u010ditim specijaliziranim alatima: klije\u0161tima, \u0161karama, pincetama, svrdlima, \u010deki\u0107ima, turpijama, lemilicama te raznim drugim mjernim instrumentima kao \u0161to su instrumenti za mjerenje otpora, induktiviteta, frekvencije, jakosti struje, napona, elektri\u010dne energije i dr. Za vrijeme kori\u0161tenja navedenih strojeva i alata, potrebna je preciznost i pa\u017eljivost u rukovanju s elektrotehni\u010dkim aparatima. U novije vrijeme, elektrotehni\u010dari u svom radu sve vi\u0161e koriste ra\u010dunala i razli\u010dite specijalizirane ra\u010dunalne programe.<\/p>\n<ul>\n<li><strong>Zdravstveni zahtjevi<\/strong>:<\/li>\n<\/ul>\n<p>uredan vid, dubinski (prostorni) vid i raspoznavanje boja, uredna ravnote\u017ea i stabilno stanje svijesti, uredno kognitivno, emocionalno i psihomotori\u010dko funkcioniranje, uredna funkcija mi\u0161i\u0107no-ko\u0161tanog sustava, uredna funkcija sr\u010dano-\u017eilnog i di\u0161nog sustava.<br \/>\n* Potreban uredan sluh. Kada je kandidatu s te\u0161ko\u0107ama dostupna odgovaraju\u0107a prilagodba, navedeni zdravstveni zahtjevi za navedeni program ne uzimaju se u obzir.<\/p>\n<ul>\n<li><strong>Potreban dokument za upis<\/strong>: lije\u010dni\u010dka svjedod\u017eba medicine rada<\/li>\n<li>Zavr\u0161etak srednjo\u0161kolskog programa obrazovanja u\u010denici zavr\u0161avaju izradom i obranom zavr\u0161nog rada.<\/li>\n<\/ul>\n<ul>\n<li><strong>Nastavni plan i program<\/strong>:<\/li>\n<\/ul>\n<p><a href=\"http:\/\/www.tsd.hr\/site\/wp-content\/uploads\/2009\/06\/et.png\" rel=\"attachment wp-att-5132\"><img loading=\"lazy\" decoding=\"async\" class=\"alignnone size-full wp-image-5132\" src=\"http:\/\/www.tsd.hr\/site\/wp-content\/uploads\/2009\/06\/et.png\" alt=\"et\" width=\"685\" height=\"757\" srcset=\"https:\/\/www.tsd.hr\/site\/wp-content\/uploads\/2009\/06\/et.png 685w, https:\/\/www.tsd.hr\/site\/wp-content\/uploads\/2009\/06\/et-271x300.png 271w\" sizes=\"auto, (max-width: 685px) 100vw, 685px\" \/><\/a><\/p>\n<p>* Stru\u010dnu praksu u\u010denici obavljaju tijekom ljetnog odmora u\u010denika, u poduze\u0107ima.<\/p>\n<ul>\n<li>U\u010denici mogu polagati i ispite dr\u017eavne mature koji im omogu\u0107uju nastavak \u0161kolovanja na visoko\u0161kolskoj razini. Pri tome je obavezno polo\u017eiti ispite iz hrvatskog jezika, stranog jezika i matematike, na A (vi\u0161oj) ili B (ni\u017eoj) razini. U\u010denik mo\u017ee odabrati polagati izborne ispite prema postavljenim zahtjevima visoko\u0161kolske ustanove koju je odabrao.<\/li>\n<\/ul>\n<ul>\n<li><strong>Znanja, vje\u0161tine i po\u017eeljne osobine<\/strong><\/li>\n<\/ul>\n<p>Sposobnost analiti\u010dkog mi\u0161ljenja i rje\u0161avanja tehni\u010dkih problema va\u017ene su za obavljanje elektrotehni\u010dkih poslova. Elektrotehni\u010dari, osim navedenih stru\u010dnih znanja i vje\u0161tina moraju biti tjelesno zdravi, imati dobar vid i sluh te sposobnost razlikovanja boja. Razvijena motorika ruku i prstiju, spretnost, sistemati\u010dnost i preciznost va\u017ene su u radu elektrotehni\u010dara. S obzirom na \u0161irinu primjene elektrotehnike kao i stalni razvoj elektrotehnike i mogu\u0107nost njene primjene, ako \u017eele napredovati u struci, potrebno je stalno usavr\u0161avanje i razvijanje stru\u010dnih vje\u0161tina.<br \/>\nOsobe koje imaju smetnje vida i sluha, kao i osobe s nemogu\u0107no\u0161\u0107u razlikovanja boja, ne mogu obavljati ovo zanimanje. Zapreke ovom zanimanju tako\u0111er mogu biti bolesti poput epilepsije, bolesti koje uzrokuju nesvjesticu i znojenje ruku, alkoholizam i dr.<\/p>\n<ul>\n<li><strong>Uvjeti rada<\/strong><\/li>\n<\/ul>\n<p>Elektrotehni\u010dari ve\u0107inu svoga radnog vremena provode u zatvorenom prostoru u uredima i elektrotehni\u010dkim radionicama. Radno vrijeme im je uglavnom u jutarnjim satima. U nekim poduze\u0107ima mogu\u0107 je i rad u smjenama. Buka, vru\u0107ina i ostali negativni utjecaji javljaju se samo iznimno, prilikom odr\u017eavanja proizvodnih linija. Poslove obavljaju u stoje\u0107em i sjede\u0107em polo\u017eaju. Ako rade u elektrotehni\u010dkim servisima i drugim uslu\u017enim poduze\u0107ima u kojima su u kontaktu sa strankama i kupcima, nu\u017eni su ljubaznost i komunikacijske vje\u0161tine.<br \/>\nKontraindikacije za rad su o\u0161te\u0107enje funkcije vida, neraspoznavanje boja, nedostatak stereovida, gluho\u0107a ili te\u017ea nagluhost u govornom podru\u010dju, kroni\u010dni poreme\u0107aji koji remete kognitivno, emocionalno i psihomotori\u010dko funkcioniranje, kroni\u010dni poreme\u0107aji koji remete funkciju mi\u0161i\u0107no-ko\u0161tanog sustava, kroni\u010dne bolesti koje trajno remete funkciju sr\u010dano-\u017eilnog i di\u0161nog sustava, te kroni\u010dni poreme\u0107aji koji mogu dovesti do gubitka svijesti i\/ili poreme\u0107aja ravnote\u017ee.<\/p>\n<ul>\n<li><strong>Mogu\u0107nosti zapo\u0161ljavanja<\/strong><\/li>\n<\/ul>\n<p>Elektrotehni\u010dari, s obzirom na svoje op\u0107e obrazovanje, imaju \u0161iroke mogu\u0107nosti zapo\u0161ljavanja, pri \u010demu se za odre\u0111eno podru\u010dje elektrotehnike naj\u010de\u0161\u0107e usavr\u0161avaju na radnom mjestu. Mogu se zaposliti u razli\u010ditim javnim i privatnim poduze\u0107ima, npr. za proizvodnju, prijenos i razdiobu elektri\u010dne energije, za proizvodnju elektroopreme, za monta\u017eu i instaliranje elektroopreme, za projektiranje i savjetovanje (primjena ra\u010dunala). Tako\u0111er mogu raditi u komercijalnom sektoru bave\u0107i se maloprodajom i veleprodajom elektri\u010dnih proizvoda, elektroopreme i elektromaterijala.<\/p>\n<p>&nbsp;<\/p>\n","protected":false},"excerpt":{"rendered":"<p>ELEKTROTEHNI\u010cAR\/ELEKTROTEHNI\u010cARKA Vrsta i tip programa: Strukovni program \u010detverogodi\u0161njeg trajanja obrazovanja Obrazovni sektor: elektrotehnika i ra\u010dunalstvo \u0160ifra zanimanja: 040104 Opis zanimanja: Obavlja poslove tehni\u010dkog projektiranja, proizvodnje i kontrole razli\u010ditih elektrotehni\u010dkih proizvoda. Mo\u017ee raditi u pripremi razvojne tehnolo\u0161ke i operativne dokumentacije proizvoda u raznim telekomunikacijskim poduze\u0107ima, elektroindustriji i elektroprivredi. Uz pomo\u0107 drugih stru\u010dnjaka izra\u0111uje sheme, sastavlja tehni\u010dke [&hellip;]<\/p>\n","protected":false},"author":2,"featured_media":0,"parent":84,"menu_order":0,"comment_status":"open","ping_status":"open","template":"","meta":{"footnotes":""},"class_list":["post-87","page","type-page","status-publish","hentry"],"_links":{"self":[{"href":"https:\/\/www.tsd.hr\/site\/wp-json\/wp\/v2\/pages\/87","targetHints":{"allow":["GET"]}}],"collection":[{"href":"https:\/\/www.tsd.hr\/site\/wp-json\/wp\/v2\/pages"}],"about":[{"href":"https:\/\/www.tsd.hr\/site\/wp-json\/wp\/v2\/types\/page"}],"author":[{"embeddable":true,"href":"https:\/\/www.tsd.hr\/site\/wp-json\/wp\/v2\/users\/2"}],"replies":[{"embeddable":true,"href":"https:\/\/www.tsd.hr\/site\/wp-json\/wp\/v2\/comments?post=87"}],"version-history":[{"count":3,"href":"https:\/\/www.tsd.hr\/site\/wp-json\/wp\/v2\/pages\/87\/revisions"}],"predecessor-version":[{"id":5133,"href":"https:\/\/www.tsd.hr\/site\/wp-json\/wp\/v2\/pages\/87\/revisions\/5133"}],"up":[{"embeddable":true,"href":"https:\/\/www.tsd.hr\/site\/wp-json\/wp\/v2\/pages\/84"}],"wp:attachment":[{"href":"https:\/\/www.tsd.hr\/site\/wp-json\/wp\/v2\/media?parent=87"}],"curies":[{"name":"wp","href":"https:\/\/api.w.org\/{rel}","templated":true}]}}