{"id":9768,"date":"2021-01-16T08:30:10","date_gmt":"2021-01-16T07:30:10","guid":{"rendered":"https:\/\/www.tsd.hr\/site\/?page_id=9768"},"modified":"2021-01-16T08:30:11","modified_gmt":"2021-01-16T07:30:11","slug":"pravila-ponasanja-u-kriznim-situacijama","status":"publish","type":"page","link":"https:\/\/www.tsd.hr\/site\/pravila-ponasanja-u-kriznim-situacijama\/","title":{"rendered":"Pravila pona\u0161anja u kriznim situacijama"},"content":{"rendered":"\n<p>U cilju prevencije i pove\u0107ane osjetljivosti u\u010denika i djelatnika zbog nedavnih potresa koji su se osjetili i u na\u0161em podru\u010dju Slu\u017eba civilne za\u0161tite Bjelovar poslala nam je raspolo\u017eive edukativne materijale u vezi postupanja prilikom potresa.<br>Poveznice na edukativne materijale:<br><a href=\"https:\/\/civilna-zastita.gov.hr\/UserDocsImages\/CIVILNA%20ZA%C5%A0TITA\/PDF_ZA%20WEB\/Potres_bro%C5%A1ura%20A5%20-%20web.pdf\">https:\/\/civilna-zastita.gov.hr\/UserDocsImages\/CIVILNA%20ZA%C5%A0TITA\/PDF_ZA%20WEB\/Potres_bro%C5%A1ura%20A5%20-%20web.pdf<\/a><\/p>\n\n\n\n<p><a href=\"https:\/\/www.zagreb.hr\/edukativni-video-ponasanje-u-slucaju-potresa\/163005\">https:\/\/www.zagreb.hr\/edukativni-video-ponasanje-u-slucaju-potresa\/163005<\/a><\/p>\n\n\n\n<p><a href=\"https:\/\/civilna-zastita.gov.hr\/upute-za-gradjane\/82\">https:\/\/civilna-zastita.gov.hr\/upute-za-gradjane\/82<\/a><\/p>\n\n\n\n<figure class=\"wp-block-embed is-type-video is-provider-youtube wp-block-embed-youtube wp-embed-aspect-16-9 wp-has-aspect-ratio\"><div class=\"wp-block-embed__wrapper\">\n<iframe loading=\"lazy\" title=\"\u0160to \u010diniti u slu\u010daju potresa?\" width=\"730\" height=\"411\" src=\"https:\/\/www.youtube.com\/embed\/psOzzPq25cQ?feature=oembed\" frameborder=\"0\" allow=\"accelerometer; autoplay; clipboard-write; encrypted-media; gyroscope; picture-in-picture\" allowfullscreen><\/iframe>\n<\/div><\/figure>\n","protected":false},"excerpt":{"rendered":"<p>U cilju prevencije i pove\u0107ane osjetljivosti u\u010denika i djelatnika zbog nedavnih potresa koji su se osjetili i u na\u0161em podru\u010dju Slu\u017eba civilne za\u0161tite Bjelovar poslala nam je raspolo\u017eive edukativne materijale u vezi postupanja prilikom potresa.Poveznice na edukativne materijale:https:\/\/civilna-zastita.gov.hr\/UserDocsImages\/CIVILNA%20ZA%C5%A0TITA\/PDF_ZA%20WEB\/Potres_bro%C5%A1ura%20A5%20-%20web.pdf https:\/\/www.zagreb.hr\/edukativni-video-ponasanje-u-slucaju-potresa\/163005 https:\/\/civilna-zastita.gov.hr\/upute-za-gradjane\/82<\/p>\n","protected":false},"author":3,"featured_media":0,"parent":0,"menu_order":0,"comment_status":"closed","ping_status":"closed","template":"","meta":{"footnotes":""},"class_list":["post-9768","page","type-page","status-publish","hentry"],"_links":{"self":[{"href":"https:\/\/www.tsd.hr\/site\/wp-json\/wp\/v2\/pages\/9768","targetHints":{"allow":["GET"]}}],"collection":[{"href":"https:\/\/www.tsd.hr\/site\/wp-json\/wp\/v2\/pages"}],"about":[{"href":"https:\/\/www.tsd.hr\/site\/wp-json\/wp\/v2\/types\/page"}],"author":[{"embeddable":true,"href":"https:\/\/www.tsd.hr\/site\/wp-json\/wp\/v2\/users\/3"}],"replies":[{"embeddable":true,"href":"https:\/\/www.tsd.hr\/site\/wp-json\/wp\/v2\/comments?post=9768"}],"version-history":[{"count":2,"href":"https:\/\/www.tsd.hr\/site\/wp-json\/wp\/v2\/pages\/9768\/revisions"}],"predecessor-version":[{"id":9770,"href":"https:\/\/www.tsd.hr\/site\/wp-json\/wp\/v2\/pages\/9768\/revisions\/9770"}],"wp:attachment":[{"href":"https:\/\/www.tsd.hr\/site\/wp-json\/wp\/v2\/media?parent=9768"}],"curies":[{"name":"wp","href":"https:\/\/api.w.org\/{rel}","templated":true}]}}