{"id":9950,"date":"2021-03-17T15:29:44","date_gmt":"2021-03-17T14:29:44","guid":{"rendered":"https:\/\/www.tsd.hr\/site\/?page_id=9950"},"modified":"2021-03-17T15:44:34","modified_gmt":"2021-03-17T14:44:34","slug":"energetska-obnova-zgrade-tehnicke-skole-daruvar-strojarsko-prometni-praktikum-p2-na-adresi-ulica-petra-zrinskog-19","status":"publish","type":"page","link":"https:\/\/www.tsd.hr\/site\/energetska-obnova-zgrade-tehnicke-skole-daruvar-strojarsko-prometni-praktikum-p2-na-adresi-ulica-petra-zrinskog-19\/","title":{"rendered":"Energetska obnova zgrade Tehni\u010dke \u0161kole Daruvar \u2013 Strojarsko prometni praktikum P+2, na adresi Ulica Petra Zrinskog 19"},"content":{"rendered":"\n<figure class=\"wp-block-image size-large\"><a href=\"https:\/\/www.tsd.hr\/site\/wp-content\/uploads\/2021\/03\/Screenshot_1-1.jpg\"><img loading=\"lazy\" decoding=\"async\" width=\"777\" height=\"89\" src=\"https:\/\/www.tsd.hr\/site\/wp-content\/uploads\/2021\/03\/Screenshot_1-1.jpg\" alt=\"\" class=\"wp-image-9952\" srcset=\"https:\/\/www.tsd.hr\/site\/wp-content\/uploads\/2021\/03\/Screenshot_1-1.jpg 777w, https:\/\/www.tsd.hr\/site\/wp-content\/uploads\/2021\/03\/Screenshot_1-1-300x34.jpg 300w, https:\/\/www.tsd.hr\/site\/wp-content\/uploads\/2021\/03\/Screenshot_1-1-768x88.jpg 768w\" sizes=\"auto, (max-width: 777px) 100vw, 777px\" \/><\/a><\/figure>\n\n\n\n<p><strong>Energetska obnova zgrade Tehni\u010dke \u0161kole Daruvar \u2013 Strojarsko prometni praktikum P+2, na adresi Ulica Petra Zrinskog 19, 43500 Daruvar<\/strong><\/p>\n\n\n\n<p><strong>Osnovne informacije o projektu<\/strong><\/p>\n\n\n\n<p>Ugovor o dodjeli bespovratnih sredstava potpisan je dana 24. rujna 2018. godine.<\/p>\n\n\n\n<p>Ukupna vrijednost projekta sukladno Ugovoru o dodjeli bespovratnih sredstava iznosi 1.729.512,31 kuna, od \u010dega se prihvatljivi tro\u0161kovi projekta procjenjuju na 1.707.862,31 kuna. Iznos financijske potpore Europske unije iznosi 1.034.104,80 kuna.<\/p>\n\n\n\n<p><strong>Razdoblje provedbe projekta: rujan 2018. \u2013 o\u017eujak 2021.<\/strong><\/p>\n\n\n\n<p>Svrha projekta je smanjenje potro\u0161nje energije za grijanje zgrade od najmanje 50% na godi\u0161njoj razini u odnosu na potro\u0161nju energije za grijanje prije provedbe mjera energetske obnove. Projektom energetske obnove predvi\u0111a se pobolj\u0161anje energetskih svojstava zgrade u smislu u\u0161tede toplinske energije i toplinske za\u0161tite.<\/p>\n\n\n\n<p><strong>Aktivnosti na projektu<\/strong><\/p>\n\n\n\n<ul class=\"wp-block-list\"><li>Izrada glavnog projekta energetske obnove<\/li><li>Radovi na energetskoj obnovi koji uklju\u010duju:<\/li><li>pove\u0107anje toplinske za\u0161tite krova iznad grijanog prostora<\/li><li>pove\u0107anje toplinske za\u0161tite vanjskog zida<\/li><li>pove\u0107anje toplinske za\u0161tite stropa prema negrijanom prostoru<\/li><li>zamjena vanjske stolarije<\/li><li>Stru\u010dni nadzor gra\u0111enja<\/li><li>Energetski pregled zgrade, izrada izvje\u0161\u0107a o energetskom pregledu zgrade i energetskog certifikata nakon provedene energetske obnove<\/li><li>Upravljanje projektom i administracija<\/li><li>Promid\u017eba i vidljivost projekta<\/li><\/ul>\n\n\n\n<p><strong>Rezultati projekta<\/strong><br>1. smanjenje toplinske energije za grijanje za 69,72 % odnosno za 111.422,00 kWh\/god<br>2. smanjenje godi\u0161nje potro\u0161nje primarne energije za 69,72 % odnosno za 144.185,40 kWh\/god<br>3. smanjenje emisije CO2 za najmanje 72 t\/god<\/p>\n\n\n\n<p>Zgrada Tehni\u010dke \u0161kole Daruvar \u2013 Strojarsko prometni praktikum P+2, na adresi Ulica Petra Zrinskog 19,<strong> <\/strong>prije projekta energetske obnove svrstana je u energetski razred D, dok je o\u010dekivani energetski razred nakon energetske obnove B.<br><\/p>\n\n\n\n<figure class=\"wp-block-image size-large\"><a href=\"https:\/\/www.tsd.hr\/site\/wp-content\/uploads\/2021\/03\/image-1.png\"><img loading=\"lazy\" decoding=\"async\" width=\"1024\" height=\"390\" src=\"https:\/\/www.tsd.hr\/site\/wp-content\/uploads\/2021\/03\/image-1-1024x390.png\" alt=\"\" class=\"wp-image-9954\" srcset=\"https:\/\/www.tsd.hr\/site\/wp-content\/uploads\/2021\/03\/image-1-1024x390.png 1024w, https:\/\/www.tsd.hr\/site\/wp-content\/uploads\/2021\/03\/image-1-300x114.png 300w, https:\/\/www.tsd.hr\/site\/wp-content\/uploads\/2021\/03\/image-1-768x293.png 768w, https:\/\/www.tsd.hr\/site\/wp-content\/uploads\/2021\/03\/image-1.png 1233w\" sizes=\"auto, (max-width: 1024px) 100vw, 1024px\" \/><\/a><\/figure>\n\n\n\n<p><a href=\"https:\/\/www.tsd.hr\/site\/wp-content\/uploads\/2021\/03\/BROSURA-2-ISPRAVCI-novo-1.pdf\" data-type=\"URL\" data-id=\"https:\/\/www.tsd.hr\/site\/wp-content\/uploads\/2021\/03\/BROSURA-2-ISPRAVCI-novo-1.pdf\" target=\"_blank\" rel=\"noreferrer noopener\">Bro\u0161ura &#8211; energetska obnova<\/a><br><br><strong>Zavr\u0161na konferencija Energetske obnove Tehni\u010dke \u0161kole Daruvar \u2013 Strojarsko prometnog praktikuma<\/strong><br>U utorak 2. o\u017eujka 2021. bjelovarsko \u2013 bilogorski \u017eupan Damir Bajs sa suradnicima prisustvovao je na zavr\u0161noj konferenciji europskog projekta energetske obnove Tehni\u010dke \u0161kole Daruvar \u2013 Strojarsko prometnog praktikuma na adresi Petra Zrinskog 19.<br>Projekt energetske obnove vrijedan je 1,7 milijuna kuna, no budu\u0107i kako Bjelovarsko-bilogorska \u017eupanija kada obnavlja \u0161kole ula\u017ee i u dodatne radove koji ne ulaze u energetsku obnovu, ali i opremanje \u0161kole i u praktikum Tehni\u010dke \u0161kole Daruvar ulo\u017eeno je dodatnih 623 tisu\u0107a kuna \u2013 u kona\u010dnici ukupno 2,3 milijuna kuna. Upravo dodatna sredstva omogu\u0107ila su izme\u0111u ostalog i \u0161est novih u\u010dionica, a time i uvjete za jednosmjenski rad.<br><a rel=\"noreferrer noopener\" href=\"https:\/\/www.facebook.com\/media\/set?vanity=tsdaruvar&amp;set=a.4096372897053742\" target=\"_blank\">Fotografije\u2026<\/a><br><a rel=\"noreferrer noopener\" href=\"https:\/\/bbz.hr\/vijesti\/detaljnije\/temeljitom-obnovom-strojarsko-prometnih-praktikuma-tehnicke-skole-daruvar-v\" target=\"_blank\">Temeljitom obnovom strojarsko-prometnih praktikuma Tehni\u010dke \u0161kole Daruvar vrijednih 5 milijuna kuna do novog standarda i jednosmjenske nastave<\/a>\u00a0(Bjelovarsko-bilogorska \u017eupanija)<br><a rel=\"noreferrer noopener\" href=\"https:\/\/www.radio-daruvar.hr\/primopredaja-kljuceva-kamiona-i-projekti-za-nastavu-u-jednoj-smjeni\/\" target=\"_blank\">Primopredaja klju\u010deva kamiona i projekti za nastavu u jednoj smjeni<\/a>\u00a0(Radio Daruvar)<br><a rel=\"noreferrer noopener\" href=\"https:\/\/bjelovar.info\/aktualno\/tehnicka-skola-daruvar-zupan-bajs-urucio-kljuceve-novog-kamiona-za-osposobljavanje-ucenika-za-zanimanje-vozaca\/\" target=\"_blank\">Tehni\u010dka \u0161kola Daruvar \u2013 \u017dupan Bajs<\/a><a href=\"https:\/\/bjelovar.info\/aktualno\/tehnicka-skola-daruvar-zupan-bajs-urucio-kljuceve-novog-kamiona-za-osposobljavanje-ucenika-za-zanimanje-vozaca\/\">\u00a0uru\u010dio klju\u010deve novog kamiona za osposobljavanje u\u010denika za zanimanje voza\u010da<\/a>\u00a0(Bjelovar.info)<br><a rel=\"noreferrer noopener\" href=\"https:\/\/www.mojportal.hr\/aktualno\/u-skolstvo-na-daruvarskom-podrucju-ulozili-smo-40-milijuna-kuna\/\" target=\"_blank\">U pobolj\u0161anje \u0161kolstva na daruvarskom podru\u010dju ulo\u017eili smo 40 milijuna kuna<\/a>\u00a0(mojportal.hr)<br><a rel=\"noreferrer noopener\" href=\"https:\/\/www.zvono.eu\/temeljitom-obnovom-strojarsko-prometnih-praktikuma-tehnicke-skole-daruvar-vrijednih-5-milijuna-kuna-do-novog-standarda-i-jednosmjenske-nastave-301\" target=\"_blank\">Temeljitom obnovom strojarsko-prometnih praktikuma Tehni\u010dke \u0161kole Daruvar vrijednih 5 milijuna kuna do novog standarda i jednosmjenske nastave<\/a>\u00a0(zvono.eu)<\/p>\n","protected":false},"excerpt":{"rendered":"<p>Energetska obnova zgrade Tehni\u010dke \u0161kole Daruvar \u2013 Strojarsko prometni praktikum P+2, na adresi Ulica Petra Zrinskog 19, 43500 Daruvar Osnovne informacije o projektu Ugovor o dodjeli bespovratnih sredstava potpisan je dana 24. rujna 2018. godine. Ukupna vrijednost projekta sukladno Ugovoru o dodjeli bespovratnih sredstava iznosi 1.729.512,31 kuna, od \u010dega se prihvatljivi tro\u0161kovi projekta procjenjuju na [&hellip;]<\/p>\n","protected":false},"author":3,"featured_media":0,"parent":0,"menu_order":0,"comment_status":"closed","ping_status":"closed","template":"","meta":{"footnotes":""},"class_list":["post-9950","page","type-page","status-publish","hentry"],"_links":{"self":[{"href":"https:\/\/www.tsd.hr\/site\/wp-json\/wp\/v2\/pages\/9950","targetHints":{"allow":["GET"]}}],"collection":[{"href":"https:\/\/www.tsd.hr\/site\/wp-json\/wp\/v2\/pages"}],"about":[{"href":"https:\/\/www.tsd.hr\/site\/wp-json\/wp\/v2\/types\/page"}],"author":[{"embeddable":true,"href":"https:\/\/www.tsd.hr\/site\/wp-json\/wp\/v2\/users\/3"}],"replies":[{"embeddable":true,"href":"https:\/\/www.tsd.hr\/site\/wp-json\/wp\/v2\/comments?post=9950"}],"version-history":[{"count":3,"href":"https:\/\/www.tsd.hr\/site\/wp-json\/wp\/v2\/pages\/9950\/revisions"}],"predecessor-version":[{"id":9962,"href":"https:\/\/www.tsd.hr\/site\/wp-json\/wp\/v2\/pages\/9950\/revisions\/9962"}],"wp:attachment":[{"href":"https:\/\/www.tsd.hr\/site\/wp-json\/wp\/v2\/media?parent=9950"}],"curies":[{"name":"wp","href":"https:\/\/api.w.org\/{rel}","templated":true}]}}