{"id":9957,"date":"2021-03-17T15:35:28","date_gmt":"2021-03-17T14:35:28","guid":{"rendered":"https:\/\/www.tsd.hr\/site\/?page_id=9957"},"modified":"2021-10-27T12:49:25","modified_gmt":"2021-10-27T10:49:25","slug":"energetska-obnova-zgrade-tehnicke-skole-daruvar-strojarsko-prometni-praktikum-p-na-adresi-ulica-petra-zrinskog-30","status":"publish","type":"page","link":"https:\/\/www.tsd.hr\/site\/energetska-obnova-zgrade-tehnicke-skole-daruvar-strojarsko-prometni-praktikum-p-na-adresi-ulica-petra-zrinskog-30\/","title":{"rendered":"Energetska obnova zgrade Tehni\u010dke \u0161kole Daruvar \u2013 Strojarsko prometni praktikum P, na adresi Ulica Petra Zrinskog 30"},"content":{"rendered":"\n<figure class=\"wp-block-image size-large\"><a href=\"https:\/\/www.tsd.hr\/site\/wp-content\/uploads\/2021\/03\/Screenshot_1-2.jpg\"><img loading=\"lazy\" decoding=\"async\" width=\"777\" height=\"89\" src=\"https:\/\/www.tsd.hr\/site\/wp-content\/uploads\/2021\/03\/Screenshot_1-2.jpg\" alt=\"\" class=\"wp-image-9958\" srcset=\"https:\/\/www.tsd.hr\/site\/wp-content\/uploads\/2021\/03\/Screenshot_1-2.jpg 777w, https:\/\/www.tsd.hr\/site\/wp-content\/uploads\/2021\/03\/Screenshot_1-2-300x34.jpg 300w, https:\/\/www.tsd.hr\/site\/wp-content\/uploads\/2021\/03\/Screenshot_1-2-768x88.jpg 768w\" sizes=\"auto, (max-width: 777px) 100vw, 777px\" \/><\/a><\/figure>\n\n\n\n<p><strong>Energetska obnova zgrade Tehni\u010dke \u0161kole Daruvar \u2013 Strojarsko prometni praktikum P, na adresi Ulica Petra Zrinskog 30, 43500 Daruvar<\/strong><\/p>\n\n\n\n<p><strong>Osnovne informacije o projektu<\/strong><\/p>\n\n\n\n<p>Ugovor o dodjeli bespovratnih sredstava potpisan je dana 19. travnja 2019. godine.<\/p>\n\n\n\n<p>Ukupna vrijednost projekta sukladno Ugovoru o dodjeli bespovratnih sredstava iznosi 2.578.777,50 kuna, od \u010dega se prihvatljivi tro\u0161kovi projekta procjenjuju na 1.798.926,88 kuna. Iznos financijske potpore Europske unije iznosi 984.425,48 kuna.<\/p>\n\n\n\n<p>Razdoblje provedbe projekta: travanj 2019. \u2013 travanj 2021.<\/p>\n\n\n\n<p>Svrha projekta je smanjenje potro\u0161nje energije za grijanje zgrade od najmanje 50% na godi\u0161njoj razini u odnosu na potro\u0161nju energije za grijanje prije provedbe mjera energetske obnove. Projektom energetske obnove predvi\u0111a se pobolj\u0161anje energetskih svojstava zgrade u smislu u\u0161tede toplinske energije i toplinske za\u0161tite.<\/p>\n\n\n\n<p><strong>Aktivnosti na projektu<\/strong><\/p>\n\n\n\n<ul class=\"wp-block-list\"><li>Izrada glavnog projekta energetske obnove<\/li><li>Radovi na energetskoj obnovi koji uklju\u010duju:<ul><li>pove\u0107anje toplinske za\u0161tite krova iznad grijanog prostora<\/li><li>pove\u0107anje toplinske za\u0161tite vanjskog zida<\/li><li>pove\u0107anje toplinske za\u0161tite poda prema tlu<\/li><li>pove\u0107anje toplinske za\u0161tite stropa prema negrijanom prostoru<\/li><li>zamjena vanjske stolarije<\/li><li>ugradnja novog visokou\u010dinkovitog sustava grijanja ili pobolj\u0161anje postoje\u0107eg<\/li><\/ul><\/li><li>Stru\u010dni nadzor gra\u0111enja<\/li><li>Energetski pregled zgrade, izrada izvje\u0161\u0107a o energetskom pregledu zgrade i energetskog certifikata nakon provedene energetske obnove<\/li><li>Upravljanje projektom i administracija<\/li><li>Promid\u017eba i vidljivost projekta<\/li><\/ul>\n\n\n\n<p><strong>Rezultati projekta<\/strong><br>1. smanjenje toplinske energije za grijanje za 58,48 % odnosno za 59.773,47 kWh\/god<br>2. smanjenje godi\u0161nje potro\u0161nje primarne energije za 73,95 % odnosno za 140.501,70 kWh\/god<br>3. smanjenje emisije CO2 za najmanje 74,13 % godi\u0161nje<\/p>\n\n\n\n<p>Zgrada Tehni\u010dke \u0161kole Daruvar \u2013 Strojarsko prometni praktikum P, na adresi Ulica Petra Zrinskog 30, prije projekta energetske obnove svrstana je u energetski razred G, dok je o\u010dekivani energetski razred nakon energetske obnove D.<br><br>Bjelovarski list, 25.10.2021. &#8211;<a rel=\"noreferrer noopener\" href=\"https:\/\/www.tsd.hr\/site\/wp-content\/uploads\/2021\/10\/Obnova-Bjelovarski-list-25_10_2021.png\" data-type=\"URL\" data-id=\"https:\/\/www.tsd.hr\/site\/wp-content\/uploads\/2021\/10\/Obnova-Bjelovarski-list-25_10_2021.png\" target=\"_blank\"> Energetska obnova Tehni\u010dke \u0161kole Daruvar u ulici P. Zrinskog 30<\/a><\/p>\n","protected":false},"excerpt":{"rendered":"<p>Energetska obnova zgrade Tehni\u010dke \u0161kole Daruvar \u2013 Strojarsko prometni praktikum P, na adresi Ulica Petra Zrinskog 30, 43500 Daruvar Osnovne informacije o projektu Ugovor o dodjeli bespovratnih sredstava potpisan je dana 19. travnja 2019. godine. Ukupna vrijednost projekta sukladno Ugovoru o dodjeli bespovratnih sredstava iznosi 2.578.777,50 kuna, od \u010dega se prihvatljivi tro\u0161kovi projekta procjenjuju na [&hellip;]<\/p>\n","protected":false},"author":3,"featured_media":0,"parent":0,"menu_order":0,"comment_status":"closed","ping_status":"closed","template":"","meta":{"footnotes":""},"class_list":["post-9957","page","type-page","status-publish","hentry"],"_links":{"self":[{"href":"https:\/\/www.tsd.hr\/site\/wp-json\/wp\/v2\/pages\/9957","targetHints":{"allow":["GET"]}}],"collection":[{"href":"https:\/\/www.tsd.hr\/site\/wp-json\/wp\/v2\/pages"}],"about":[{"href":"https:\/\/www.tsd.hr\/site\/wp-json\/wp\/v2\/types\/page"}],"author":[{"embeddable":true,"href":"https:\/\/www.tsd.hr\/site\/wp-json\/wp\/v2\/users\/3"}],"replies":[{"embeddable":true,"href":"https:\/\/www.tsd.hr\/site\/wp-json\/wp\/v2\/comments?post=9957"}],"version-history":[{"count":2,"href":"https:\/\/www.tsd.hr\/site\/wp-json\/wp\/v2\/pages\/9957\/revisions"}],"predecessor-version":[{"id":10483,"href":"https:\/\/www.tsd.hr\/site\/wp-json\/wp\/v2\/pages\/9957\/revisions\/10483"}],"wp:attachment":[{"href":"https:\/\/www.tsd.hr\/site\/wp-json\/wp\/v2\/media?parent=9957"}],"curies":[{"name":"wp","href":"https:\/\/api.w.org\/{rel}","templated":true}]}}